{"id":1140,"date":"2022-09-09T16:11:50","date_gmt":"2022-09-09T14:11:50","guid":{"rendered":"https:\/\/prosolvers.es\/?page_id=1140"},"modified":"2022-09-09T16:27:15","modified_gmt":"2022-09-09T14:27:15","slug":"premis-i-concursos","status":"publish","type":"page","link":"https:\/\/prosolvers.es\/ca\/premis-i-concursos\/","title":{"rendered":"PREMIS I CONCURSOS"},"content":{"rendered":"<div class=\"wpb-content-wrapper\">[vc_row full_width=&#8221;stretch_row&#8221; content_placement=&#8221;middle&#8221; full_height=&#8221;yes&#8221; css=&#8221;.vc_custom_1572276156102{padding-top: 100px !important;padding-bottom: 100px !important;background-color: #f5f6f6 !important;background-position: center !important;background-repeat: no-repeat !important;background-size: cover !important;}&#8221;][vc_column][vc_column_text el_class=&#8221;titol-seccio&#8221; css=&#8221;.vc_custom_1662733279630{padding-bottom: 50px !important;}&#8221;]\n<h1 style=\"text-align: center;\">PREMIS I CONCURSOS<\/h1>\n[\/vc_column_text][vc_row_inner][vc_column_inner][vc_column_text el_class=&#8221;subtitol-seccio&#8221; css=&#8221;.vc_custom_1662733329447{padding-bottom: 25px !important;}&#8221;]\n<h2 style=\"text-align: center;\">PREMIS I MENCIONS<\/h2>\n[\/vc_column_text]<div class=\"vcex-list_item vcex-module wpex-m-0 wpex-max-w-100 wpex-mb-5\"><div class=\"vcex-list-item-inner wpex-inline-flex wpex-flex-no-wrap\"><div class=\"vcex-list-item-icon wpex-mr-10\"><div class=\"vcex-list-item-icon-inner vcex-icon-wrap wpex-inline-flex wpex-justify-center wpex-items-center wpex-leading-none wpex-child-inherit-color\"><span class=\"wpex-icon--w wpex-icon\" aria-hidden=\"true\"><svg xmlns=\"http:\/\/www.w3.org\/2000\/svg\" viewBox=\"0 0 27 32\"><path d=\"M24.571 16l2.464 2.411q0.536 0.5 0.357 1.25-0.214 0.732-0.929 0.911l-3.357 0.857 0.946 3.321q0.214 0.732-0.339 1.25-0.518 0.554-1.25 0.339l-3.321-0.946-0.857 3.357q-0.179 0.714-0.911 0.929-0.214 0.036-0.339 0.036-0.554 0-0.911-0.393l-2.411-2.464-2.411 2.464q-0.5 0.536-1.25 0.357-0.732-0.196-0.911-0.929l-0.857-3.357-3.321 0.946q-0.732 0.214-1.25-0.339-0.554-0.518-0.339-1.25l0.946-3.321-3.357-0.857q-0.714-0.179-0.929-0.911-0.179-0.75 0.357-1.25l2.464-2.411-2.464-2.411q-0.536-0.5-0.357-1.25 0.214-0.732 0.929-0.911l3.357-0.857-0.946-3.321q-0.214-0.732 0.339-1.25 0.518-0.554 1.25-0.339l3.321 0.946 0.857-3.357q0.179-0.732 0.911-0.911 0.732-0.214 1.25 0.339l2.411 2.482 2.411-2.482q0.518-0.536 1.25-0.339 0.732 0.179 0.911 0.911l0.857 3.357 3.321-0.946q0.732-0.214 1.25 0.339 0.554 0.518 0.339 1.25l-0.946 3.321 3.357 0.857q0.714 0.179 0.929 0.911 0.179 0.75-0.357 1.25z\"><\/path><\/svg><\/span><\/div><\/div><div class=\"vcex-list-item-text vcex-content wpex-flex-grow\">Concurs de \u201cAnteproyectos para la reordenaci\u00f3n del Contramuelle Mollet del puerto de Palma\u201d. 2018 \u2013 Lema: Dits dins la mar \u2013 <strong>Menci\u00f3 especial<\/strong><\/div><\/div><\/div>[vc_column_text el_class=&#8221;subtitol-seccio&#8221; css=&#8221;.vc_custom_1662732779008{padding-top: 25px !important;padding-bottom: 25px !important;}&#8221;]\n<h2 style=\"text-align: center;\">CONCURSOS<\/h2>\n[\/vc_column_text]<div class=\"vcex-list_item vcex-module wpex-m-0 wpex-max-w-100 wpex-mb-5\"><div class=\"vcex-list-item-inner wpex-inline-flex wpex-flex-no-wrap\"><div class=\"vcex-list-item-icon wpex-mr-10\"><div class=\"vcex-list-item-icon-inner vcex-icon-wrap wpex-inline-flex wpex-justify-center wpex-items-center wpex-leading-none wpex-child-inherit-color\"><span class=\"wpex-icon--w wpex-icon\" aria-hidden=\"true\"><svg xmlns=\"http:\/\/www.w3.org\/2000\/svg\" viewBox=\"0 0 27 32\"><path d=\"M24.571 16l2.464 2.411q0.536 0.5 0.357 1.25-0.214 0.732-0.929 0.911l-3.357 0.857 0.946 3.321q0.214 0.732-0.339 1.25-0.518 0.554-1.25 0.339l-3.321-0.946-0.857 3.357q-0.179 0.714-0.911 0.929-0.214 0.036-0.339 0.036-0.554 0-0.911-0.393l-2.411-2.464-2.411 2.464q-0.5 0.536-1.25 0.357-0.732-0.196-0.911-0.929l-0.857-3.357-3.321 0.946q-0.732 0.214-1.25-0.339-0.554-0.518-0.339-1.25l0.946-3.321-3.357-0.857q-0.714-0.179-0.929-0.911-0.179-0.75 0.357-1.25l2.464-2.411-2.464-2.411q-0.536-0.5-0.357-1.25 0.214-0.732 0.929-0.911l3.357-0.857-0.946-3.321q-0.214-0.732 0.339-1.25 0.518-0.554 1.25-0.339l3.321 0.946 0.857-3.357q0.179-0.732 0.911-0.911 0.732-0.214 1.25 0.339l2.411 2.482 2.411-2.482q0.518-0.536 1.25-0.339 0.732 0.179 0.911 0.911l0.857 3.357 3.321-0.946q0.732-0.214 1.25 0.339 0.554 0.518 0.339 1.25l-0.946 3.321 3.357 0.857q0.714 0.179 0.929 0.911 0.179 0.75-0.357 1.25z\"><\/path><\/svg><\/span><\/div><\/div><div class=\"vcex-list-item-text vcex-content wpex-flex-grow\">Concurs p\u00fablic de gesti\u00f3 de llocs d&#8217;amarratge per a embarcacions de lloguer als molls de Llevant de la Ribera Sud del port de Ma\u00f3 \u2013 Autoritat Portuaria de Balears. 2017 \u2013 Client: Desarrollos Concesionales Insulares S.L. \u2013 <strong>Proposta guanyadora<\/strong><\/div><\/div><\/div>[vc_separator color=&#8221;custom&#8221; style=&#8221;dotted&#8221; el_width=&#8221;10&#8243; accent_color=&#8221;#0080a9&#8243; css=&#8221;.vc_custom_1662732688517{padding-top: 10px !important;padding-bottom: 10px !important;}&#8221;]<div class=\"vcex-list_item vcex-module wpex-m-0 wpex-max-w-100 wpex-mb-5\"><div class=\"vcex-list-item-inner wpex-inline-flex wpex-flex-no-wrap\"><div class=\"vcex-list-item-icon wpex-mr-10\"><div class=\"vcex-list-item-icon-inner vcex-icon-wrap wpex-inline-flex wpex-justify-center wpex-items-center wpex-leading-none wpex-child-inherit-color\"><span class=\"wpex-icon--w wpex-icon\" aria-hidden=\"true\"><svg xmlns=\"http:\/\/www.w3.org\/2000\/svg\" viewBox=\"0 0 27 32\"><path d=\"M24.571 16l2.464 2.411q0.536 0.5 0.357 1.25-0.214 0.732-0.929 0.911l-3.357 0.857 0.946 3.321q0.214 0.732-0.339 1.25-0.518 0.554-1.25 0.339l-3.321-0.946-0.857 3.357q-0.179 0.714-0.911 0.929-0.214 0.036-0.339 0.036-0.554 0-0.911-0.393l-2.411-2.464-2.411 2.464q-0.5 0.536-1.25 0.357-0.732-0.196-0.911-0.929l-0.857-3.357-3.321 0.946q-0.732 0.214-1.25-0.339-0.554-0.518-0.339-1.25l0.946-3.321-3.357-0.857q-0.714-0.179-0.929-0.911-0.179-0.75 0.357-1.25l2.464-2.411-2.464-2.411q-0.536-0.5-0.357-1.25 0.214-0.732 0.929-0.911l3.357-0.857-0.946-3.321q-0.214-0.732 0.339-1.25 0.518-0.554 1.25-0.339l3.321 0.946 0.857-3.357q0.179-0.732 0.911-0.911 0.732-0.214 1.25 0.339l2.411 2.482 2.411-2.482q0.518-0.536 1.25-0.339 0.732 0.179 0.911 0.911l0.857 3.357 3.321-0.946q0.732-0.214 1.25 0.339 0.554 0.518 0.339 1.25l-0.946 3.321 3.357 0.857q0.714 0.179 0.929 0.911 0.179 0.75-0.357 1.25z\"><\/path><\/svg><\/span><\/div><\/div><div class=\"vcex-list-item-text vcex-content wpex-flex-grow\">Concurs p\u00fablic de gesti\u00f3 de llocs d&#8217;amarratge i de taller al moll de Ponent del port de Ma\u00f3 \u2013 Autoritat Portuaria de Balears. 2017 \u2013 Client: MARINA ASMEN S.L. \u2013 <strong>Proposta guanyadora<\/strong><\/div><\/div><\/div>[vc_separator color=&#8221;custom&#8221; style=&#8221;dotted&#8221; el_width=&#8221;10&#8243; accent_color=&#8221;#0080a9&#8243; css=&#8221;.vc_custom_1662732688517{padding-top: 10px !important;padding-bottom: 10px !important;}&#8221;]<div class=\"vcex-list_item vcex-module wpex-m-0 wpex-max-w-100 wpex-mb-5\"><div class=\"vcex-list-item-inner wpex-inline-flex wpex-flex-no-wrap\"><div class=\"vcex-list-item-icon wpex-mr-10\"><div class=\"vcex-list-item-icon-inner vcex-icon-wrap wpex-inline-flex wpex-justify-center wpex-items-center wpex-leading-none wpex-child-inherit-color\"><span class=\"wpex-icon--w wpex-icon\" aria-hidden=\"true\"><svg xmlns=\"http:\/\/www.w3.org\/2000\/svg\" viewBox=\"0 0 27 32\"><path d=\"M24.571 16l2.464 2.411q0.536 0.5 0.357 1.25-0.214 0.732-0.929 0.911l-3.357 0.857 0.946 3.321q0.214 0.732-0.339 1.25-0.518 0.554-1.25 0.339l-3.321-0.946-0.857 3.357q-0.179 0.714-0.911 0.929-0.214 0.036-0.339 0.036-0.554 0-0.911-0.393l-2.411-2.464-2.411 2.464q-0.5 0.536-1.25 0.357-0.732-0.196-0.911-0.929l-0.857-3.357-3.321 0.946q-0.732 0.214-1.25-0.339-0.554-0.518-0.339-1.25l0.946-3.321-3.357-0.857q-0.714-0.179-0.929-0.911-0.179-0.75 0.357-1.25l2.464-2.411-2.464-2.411q-0.536-0.5-0.357-1.25 0.214-0.732 0.929-0.911l3.357-0.857-0.946-3.321q-0.214-0.732 0.339-1.25 0.518-0.554 1.25-0.339l3.321 0.946 0.857-3.357q0.179-0.732 0.911-0.911 0.732-0.214 1.25 0.339l2.411 2.482 2.411-2.482q0.518-0.536 1.25-0.339 0.732 0.179 0.911 0.911l0.857 3.357 3.321-0.946q0.732-0.214 1.25 0.339 0.554 0.518 0.339 1.25l-0.946 3.321 3.357 0.857q0.714 0.179 0.929 0.911 0.179 0.75-0.357 1.25z\"><\/path><\/svg><\/span><\/div><\/div><div class=\"vcex-list-item-text vcex-content wpex-flex-grow\">Concurs p\u00fablic per a l&#8217;explotaci\u00f3 de les instal\u00b7lacions amb destinaci\u00f3 a serveis de varada i botadura d&#8217;embarcacions i subministraments al moll del Cos Nou del port de Ma\u00f3 \u2013 Autoritat Portuaria de Balears. 2019 \u2013 Client: MED SEA YACHT SERVICES S.L. \u2013 <strong>Proposta guanyadora<\/strong><\/div><\/div><\/div>[vc_separator color=&#8221;custom&#8221; style=&#8221;dotted&#8221; el_width=&#8221;10&#8243; accent_color=&#8221;#0080a9&#8243; css=&#8221;.vc_custom_1662732688517{padding-top: 10px !important;padding-bottom: 10px !important;}&#8221;]<div class=\"vcex-list_item vcex-module wpex-m-0 wpex-max-w-100 wpex-mb-5\"><div class=\"vcex-list-item-inner wpex-inline-flex wpex-flex-no-wrap\"><div class=\"vcex-list-item-icon wpex-mr-10\"><div class=\"vcex-list-item-icon-inner vcex-icon-wrap wpex-inline-flex wpex-justify-center wpex-items-center wpex-leading-none wpex-child-inherit-color\"><span class=\"wpex-icon--w wpex-icon\" aria-hidden=\"true\"><svg xmlns=\"http:\/\/www.w3.org\/2000\/svg\" viewBox=\"0 0 27 32\"><path d=\"M24.571 16l2.464 2.411q0.536 0.5 0.357 1.25-0.214 0.732-0.929 0.911l-3.357 0.857 0.946 3.321q0.214 0.732-0.339 1.25-0.518 0.554-1.25 0.339l-3.321-0.946-0.857 3.357q-0.179 0.714-0.911 0.929-0.214 0.036-0.339 0.036-0.554 0-0.911-0.393l-2.411-2.464-2.411 2.464q-0.5 0.536-1.25 0.357-0.732-0.196-0.911-0.929l-0.857-3.357-3.321 0.946q-0.732 0.214-1.25-0.339-0.554-0.518-0.339-1.25l0.946-3.321-3.357-0.857q-0.714-0.179-0.929-0.911-0.179-0.75 0.357-1.25l2.464-2.411-2.464-2.411q-0.536-0.5-0.357-1.25 0.214-0.732 0.929-0.911l3.357-0.857-0.946-3.321q-0.214-0.732 0.339-1.25 0.518-0.554 1.25-0.339l3.321 0.946 0.857-3.357q0.179-0.732 0.911-0.911 0.732-0.214 1.25 0.339l2.411 2.482 2.411-2.482q0.518-0.536 1.25-0.339 0.732 0.179 0.911 0.911l0.857 3.357 3.321-0.946q0.732-0.214 1.25 0.339 0.554 0.518 0.339 1.25l-0.946 3.321 3.357 0.857q0.714 0.179 0.929 0.911 0.179 0.75-0.357 1.25z\"><\/path><\/svg><\/span><\/div><\/div><div class=\"vcex-list-item-text vcex-content wpex-flex-grow\">Concurs p\u00fablic de gesti\u00f3 de llocs d&#8217;amarratge i de taller al moll de Ponent del port de Ma\u00f3 \u2013 Autoritat Portuaria de Balears. 2020 \u2013 Client: MARINA ASMEN S.L. \u2013 <strong>Proposta guanyadora<\/strong><\/div><\/div><\/div>[vc_separator color=&#8221;custom&#8221; style=&#8221;dotted&#8221; el_width=&#8221;10&#8243; accent_color=&#8221;#0080a9&#8243; css=&#8221;.vc_custom_1662732688517{padding-top: 10px !important;padding-bottom: 10px !important;}&#8221;]<div class=\"vcex-list_item vcex-module wpex-m-0 wpex-max-w-100 wpex-mb-5\"><div class=\"vcex-list-item-inner wpex-inline-flex wpex-flex-no-wrap\"><div class=\"vcex-list-item-icon wpex-mr-10\"><div class=\"vcex-list-item-icon-inner vcex-icon-wrap wpex-inline-flex wpex-justify-center wpex-items-center wpex-leading-none wpex-child-inherit-color\"><span class=\"wpex-icon--w wpex-icon\" aria-hidden=\"true\"><svg xmlns=\"http:\/\/www.w3.org\/2000\/svg\" viewBox=\"0 0 27 32\"><path d=\"M24.571 16l2.464 2.411q0.536 0.5 0.357 1.25-0.214 0.732-0.929 0.911l-3.357 0.857 0.946 3.321q0.214 0.732-0.339 1.25-0.518 0.554-1.25 0.339l-3.321-0.946-0.857 3.357q-0.179 0.714-0.911 0.929-0.214 0.036-0.339 0.036-0.554 0-0.911-0.393l-2.411-2.464-2.411 2.464q-0.5 0.536-1.25 0.357-0.732-0.196-0.911-0.929l-0.857-3.357-3.321 0.946q-0.732 0.214-1.25-0.339-0.554-0.518-0.339-1.25l0.946-3.321-3.357-0.857q-0.714-0.179-0.929-0.911-0.179-0.75 0.357-1.25l2.464-2.411-2.464-2.411q-0.536-0.5-0.357-1.25 0.214-0.732 0.929-0.911l3.357-0.857-0.946-3.321q-0.214-0.732 0.339-1.25 0.518-0.554 1.25-0.339l3.321 0.946 0.857-3.357q0.179-0.732 0.911-0.911 0.732-0.214 1.25 0.339l2.411 2.482 2.411-2.482q0.518-0.536 1.25-0.339 0.732 0.179 0.911 0.911l0.857 3.357 3.321-0.946q0.732-0.214 1.25 0.339 0.554 0.518 0.339 1.25l-0.946 3.321 3.357 0.857q0.714 0.179 0.929 0.911 0.179 0.75-0.357 1.25z\"><\/path><\/svg><\/span><\/div><\/div><div class=\"vcex-list-item-text vcex-content wpex-flex-grow\">Concurs p\u00fablic per a la gesti\u00f3 d&#8217;una instal\u00b7laci\u00f3 nauticoesportiva per a embarcacions de petites i mitjanes eslores, al moll de Llevant del port de Ma\u00f3 \u2013 Autoritat Portuaria de Balears. 2022 \u2013 Client: Club Mar\u00edtimo de Mah\u00f3n \u2013 <strong>Proposta guanyadora<\/strong><\/div><\/div><\/div>[\/vc_column_inner][\/vc_row_inner][\/vc_column][\/vc_row]\n<\/div>","protected":false},"excerpt":{"rendered":"<p>[vc_row full_width=&#8221;stretch_row&#8221; content_placement=&#8221;middle&#8221; full_height=&#8221;yes&#8221; css=&#8221;.vc_custom_1572276156102{padding-top: 100px !important;padding-bottom: 100px !important;background-color: #f5f6f6 !important;background-position: center !important;background-repeat: no-repeat !important;background-size: cover !important;}&#8221;][vc_column][vc_column_text el_class=&#8221;titol-seccio&#8221; css=&#8221;.vc_custom_1662733279630{padding-bottom: 50px !important;}&#8221;] PREMIS I CONCURSOS [\/vc_column_text][vc_row_inner][vc_column_inner][vc_column_text el_class=&#8221;subtitol-seccio&#8221; css=&#8221;.vc_custom_1662733329447{padding-bottom: 25px !important;}&#8221;] PREMIS I MENCIONS [\/vc_column_text][vc_column_text el_class=&#8221;subtitol-seccio&#8221; css=&#8221;.vc_custom_1662732779008{padding-top: 25px !important;padding-bottom: 25px !important;}&#8221;] CONCURSOS [\/vc_column_text][vc_separator color=&#8221;custom&#8221; style=&#8221;dotted&#8221; el_width=&#8221;10&#8243; accent_color=&#8221;#0080a9&#8243; css=&#8221;.vc_custom_1662732688517{padding-top: 10px !important;padding-bottom: 10px !important;}&#8221;][vc_separator color=&#8221;custom&#8221; style=&#8221;dotted&#8221; el_width=&#8221;10&#8243; accent_color=&#8221;#0080a9&#8243; css=&#8221;.vc_custom_1662732688517{padding-top:&hellip;<\/p>\n","protected":false},"author":1,"featured_media":0,"parent":0,"menu_order":36,"comment_status":"closed","ping_status":"closed","template":"","meta":{"footnotes":""},"class_list":["post-1140","page","type-page","status-publish","hentry","entry","no-media"],"yoast_head":"<!-- This site is optimized with the Yoast SEO plugin v27.4 - https:\/\/yoast.com\/product\/yoast-seo-wordpress\/ -->\n<title>PREMIS I CONCURSOS - PROSOLVERS<\/title>\n<meta name=\"robots\" content=\"index, follow, max-snippet:-1, max-image-preview:large, max-video-preview:-1\" \/>\n<link rel=\"canonical\" href=\"https:\/\/prosolvers.es\/ca\/premis-i-concursos\/\" \/>\n<meta property=\"og:locale\" content=\"ca_ES\" \/>\n<meta property=\"og:type\" content=\"article\" \/>\n<meta property=\"og:title\" content=\"PREMIS I CONCURSOS - PROSOLVERS\" \/>\n<meta property=\"og:description\" content=\"[vc_row full_width=&#8221;stretch_row&#8221; content_placement=&#8221;middle&#8221; full_height=&#8221;yes&#8221; css=&#8221;.vc_custom_1572276156102{padding-top: 100px !important;padding-bottom: 100px !important;background-color: #f5f6f6 !important;background-position: center !important;background-repeat: no-repeat !important;background-size: cover !important;}&#8221;][vc_column][vc_column_text el_class=&#8221;titol-seccio&#8221; css=&#8221;.vc_custom_1662733279630{padding-bottom: 50px !important;}&#8221;] PREMIS I CONCURSOS [\/vc_column_text][vc_row_inner][vc_column_inner][vc_column_text el_class=&#8221;subtitol-seccio&#8221; css=&#8221;.vc_custom_1662733329447{padding-bottom: 25px !important;}&#8221;] PREMIS I MENCIONS [\/vc_column_text][vc_column_text el_class=&#8221;subtitol-seccio&#8221; css=&#8221;.vc_custom_1662732779008{padding-top: 25px !important;padding-bottom: 25px !important;}&#8221;] CONCURSOS [\/vc_column_text][vc_separator color=&#8221;custom&#8221; style=&#8221;dotted&#8221; el_width=&#8221;10&#8243; accent_color=&#8221;#0080a9&#8243; css=&#8221;.vc_custom_1662732688517{padding-top: 10px !important;padding-bottom: 10px !important;}&#8221;][vc_separator color=&#8221;custom&#8221; style=&#8221;dotted&#8221; el_width=&#8221;10&#8243; accent_color=&#8221;#0080a9&#8243; css=&#8221;.vc_custom_1662732688517{padding-top:&hellip;\" \/>\n<meta property=\"og:url\" content=\"https:\/\/prosolvers.es\/ca\/premis-i-concursos\/\" \/>\n<meta property=\"og:site_name\" content=\"PROSOLVERS\" \/>\n<meta property=\"article:modified_time\" content=\"2022-09-09T14:27:15+00:00\" \/>\n<meta name=\"twitter:card\" content=\"summary_large_image\" \/>\n<meta name=\"twitter:label1\" content=\"Temps estimat de lectura\" \/>\n\t<meta name=\"twitter:data1\" content=\"2 minuts\" \/>\n<script type=\"application\/ld+json\" class=\"yoast-schema-graph\">{\"@context\":\"https:\\\/\\\/schema.org\",\"@graph\":[{\"@type\":\"WebPage\",\"@id\":\"https:\\\/\\\/prosolvers.es\\\/ca\\\/premis-i-concursos\\\/\",\"url\":\"https:\\\/\\\/prosolvers.es\\\/ca\\\/premis-i-concursos\\\/\",\"name\":\"PREMIS I CONCURSOS - PROSOLVERS\",\"isPartOf\":{\"@id\":\"https:\\\/\\\/prosolvers.es\\\/#website\"},\"datePublished\":\"2022-09-09T14:11:50+00:00\",\"dateModified\":\"2022-09-09T14:27:15+00:00\",\"breadcrumb\":{\"@id\":\"https:\\\/\\\/prosolvers.es\\\/ca\\\/premis-i-concursos\\\/#breadcrumb\"},\"inLanguage\":\"ca\",\"potentialAction\":[{\"@type\":\"ReadAction\",\"target\":[\"https:\\\/\\\/prosolvers.es\\\/ca\\\/premis-i-concursos\\\/\"]}]},{\"@type\":\"BreadcrumbList\",\"@id\":\"https:\\\/\\\/prosolvers.es\\\/ca\\\/premis-i-concursos\\\/#breadcrumb\",\"itemListElement\":[{\"@type\":\"ListItem\",\"position\":1,\"name\":\"Portada\",\"item\":\"https:\\\/\\\/prosolvers.es\\\/ca\\\/\"},{\"@type\":\"ListItem\",\"position\":2,\"name\":\"PREMIS I CONCURSOS\"}]},{\"@type\":\"WebSite\",\"@id\":\"https:\\\/\\\/prosolvers.es\\\/#website\",\"url\":\"https:\\\/\\\/prosolvers.es\\\/\",\"name\":\"PROSOLVERS\",\"description\":\"\",\"publisher\":{\"@id\":\"https:\\\/\\\/prosolvers.es\\\/#organization\"},\"potentialAction\":[{\"@type\":\"SearchAction\",\"target\":{\"@type\":\"EntryPoint\",\"urlTemplate\":\"https:\\\/\\\/prosolvers.es\\\/?s={search_term_string}\"},\"query-input\":{\"@type\":\"PropertyValueSpecification\",\"valueRequired\":true,\"valueName\":\"search_term_string\"}}],\"inLanguage\":\"ca\"},{\"@type\":\"Organization\",\"@id\":\"https:\\\/\\\/prosolvers.es\\\/#organization\",\"name\":\"PROSOLVERS\",\"url\":\"https:\\\/\\\/prosolvers.es\\\/\",\"logo\":{\"@type\":\"ImageObject\",\"inLanguage\":\"ca\",\"@id\":\"https:\\\/\\\/prosolvers.es\\\/#\\\/schema\\\/logo\\\/image\\\/\",\"url\":\"https:\\\/\\\/prosolvers.es\\\/wp-content\\\/uploads\\\/2019\\\/10\\\/LOGOTIPO-HEADER-PROSOLVERS-01.png\",\"contentUrl\":\"https:\\\/\\\/prosolvers.es\\\/wp-content\\\/uploads\\\/2019\\\/10\\\/LOGOTIPO-HEADER-PROSOLVERS-01.png\",\"width\":285,\"height\":285,\"caption\":\"PROSOLVERS\"},\"image\":{\"@id\":\"https:\\\/\\\/prosolvers.es\\\/#\\\/schema\\\/logo\\\/image\\\/\"}}]}<\/script>\n<!-- \/ Yoast SEO plugin. -->","yoast_head_json":{"title":"PREMIS I CONCURSOS - PROSOLVERS","robots":{"index":"index","follow":"follow","max-snippet":"max-snippet:-1","max-image-preview":"max-image-preview:large","max-video-preview":"max-video-preview:-1"},"canonical":"https:\/\/prosolvers.es\/ca\/premis-i-concursos\/","og_locale":"ca_ES","og_type":"article","og_title":"PREMIS I CONCURSOS - PROSOLVERS","og_description":"[vc_row full_width=&#8221;stretch_row&#8221; content_placement=&#8221;middle&#8221; full_height=&#8221;yes&#8221; css=&#8221;.vc_custom_1572276156102{padding-top: 100px !important;padding-bottom: 100px !important;background-color: #f5f6f6 !important;background-position: center !important;background-repeat: no-repeat !important;background-size: cover !important;}&#8221;][vc_column][vc_column_text el_class=&#8221;titol-seccio&#8221; css=&#8221;.vc_custom_1662733279630{padding-bottom: 50px !important;}&#8221;] PREMIS I CONCURSOS [\/vc_column_text][vc_row_inner][vc_column_inner][vc_column_text el_class=&#8221;subtitol-seccio&#8221; css=&#8221;.vc_custom_1662733329447{padding-bottom: 25px !important;}&#8221;] PREMIS I MENCIONS [\/vc_column_text][vc_column_text el_class=&#8221;subtitol-seccio&#8221; css=&#8221;.vc_custom_1662732779008{padding-top: 25px !important;padding-bottom: 25px !important;}&#8221;] CONCURSOS [\/vc_column_text][vc_separator color=&#8221;custom&#8221; style=&#8221;dotted&#8221; el_width=&#8221;10&#8243; accent_color=&#8221;#0080a9&#8243; css=&#8221;.vc_custom_1662732688517{padding-top: 10px !important;padding-bottom: 10px !important;}&#8221;][vc_separator color=&#8221;custom&#8221; style=&#8221;dotted&#8221; el_width=&#8221;10&#8243; accent_color=&#8221;#0080a9&#8243; css=&#8221;.vc_custom_1662732688517{padding-top:&hellip;","og_url":"https:\/\/prosolvers.es\/ca\/premis-i-concursos\/","og_site_name":"PROSOLVERS","article_modified_time":"2022-09-09T14:27:15+00:00","twitter_card":"summary_large_image","twitter_misc":{"Temps estimat de lectura":"2 minuts"},"schema":{"@context":"https:\/\/schema.org","@graph":[{"@type":"WebPage","@id":"https:\/\/prosolvers.es\/ca\/premis-i-concursos\/","url":"https:\/\/prosolvers.es\/ca\/premis-i-concursos\/","name":"PREMIS I CONCURSOS - PROSOLVERS","isPartOf":{"@id":"https:\/\/prosolvers.es\/#website"},"datePublished":"2022-09-09T14:11:50+00:00","dateModified":"2022-09-09T14:27:15+00:00","breadcrumb":{"@id":"https:\/\/prosolvers.es\/ca\/premis-i-concursos\/#breadcrumb"},"inLanguage":"ca","potentialAction":[{"@type":"ReadAction","target":["https:\/\/prosolvers.es\/ca\/premis-i-concursos\/"]}]},{"@type":"BreadcrumbList","@id":"https:\/\/prosolvers.es\/ca\/premis-i-concursos\/#breadcrumb","itemListElement":[{"@type":"ListItem","position":1,"name":"Portada","item":"https:\/\/prosolvers.es\/ca\/"},{"@type":"ListItem","position":2,"name":"PREMIS I CONCURSOS"}]},{"@type":"WebSite","@id":"https:\/\/prosolvers.es\/#website","url":"https:\/\/prosolvers.es\/","name":"PROSOLVERS","description":"","publisher":{"@id":"https:\/\/prosolvers.es\/#organization"},"potentialAction":[{"@type":"SearchAction","target":{"@type":"EntryPoint","urlTemplate":"https:\/\/prosolvers.es\/?s={search_term_string}"},"query-input":{"@type":"PropertyValueSpecification","valueRequired":true,"valueName":"search_term_string"}}],"inLanguage":"ca"},{"@type":"Organization","@id":"https:\/\/prosolvers.es\/#organization","name":"PROSOLVERS","url":"https:\/\/prosolvers.es\/","logo":{"@type":"ImageObject","inLanguage":"ca","@id":"https:\/\/prosolvers.es\/#\/schema\/logo\/image\/","url":"https:\/\/prosolvers.es\/wp-content\/uploads\/2019\/10\/LOGOTIPO-HEADER-PROSOLVERS-01.png","contentUrl":"https:\/\/prosolvers.es\/wp-content\/uploads\/2019\/10\/LOGOTIPO-HEADER-PROSOLVERS-01.png","width":285,"height":285,"caption":"PROSOLVERS"},"image":{"@id":"https:\/\/prosolvers.es\/#\/schema\/logo\/image\/"}}]}},"_links":{"self":[{"href":"https:\/\/prosolvers.es\/ca\/wp-json\/wp\/v2\/pages\/1140","targetHints":{"allow":["GET"]}}],"collection":[{"href":"https:\/\/prosolvers.es\/ca\/wp-json\/wp\/v2\/pages"}],"about":[{"href":"https:\/\/prosolvers.es\/ca\/wp-json\/wp\/v2\/types\/page"}],"author":[{"embeddable":true,"href":"https:\/\/prosolvers.es\/ca\/wp-json\/wp\/v2\/users\/1"}],"replies":[{"embeddable":true,"href":"https:\/\/prosolvers.es\/ca\/wp-json\/wp\/v2\/comments?post=1140"}],"version-history":[{"count":3,"href":"https:\/\/prosolvers.es\/ca\/wp-json\/wp\/v2\/pages\/1140\/revisions"}],"predecessor-version":[{"id":1143,"href":"https:\/\/prosolvers.es\/ca\/wp-json\/wp\/v2\/pages\/1140\/revisions\/1143"}],"wp:attachment":[{"href":"https:\/\/prosolvers.es\/ca\/wp-json\/wp\/v2\/media?parent=1140"}],"curies":[{"name":"wp","href":"https:\/\/api.w.org\/{rel}","templated":true}]}}