{"id":2330,"date":"2022-12-20T13:35:31","date_gmt":"2022-12-20T11:35:31","guid":{"rendered":"https:\/\/prosolvers.es\/?page_id=2330"},"modified":"2023-01-10T16:11:59","modified_gmt":"2023-01-10T14:11:59","slug":"projectes-destacats-redaccio-de-projectes","status":"publish","type":"page","link":"https:\/\/prosolvers.es\/ca\/projectes-destacats-redaccio-de-projectes\/","title":{"rendered":"PROJECTES DESTACATS REDACCI\u00d3 DE PROJECTES"},"content":{"rendered":"<div class=\"wpb-content-wrapper\">[vc_section full_width=&#8221;stretch_row&#8221; full_height=&#8221;yes&#8221; css=&#8221;.vc_custom_1664190002830{padding-top: 100px !important;padding-bottom: 100px !important;background-color: #f5f6f6 !important;}&#8221;][vc_row][vc_column][vc_column_text el_class=&#8221;titol-seccio&#8221; css=&#8221;.vc_custom_1670839587117{padding-bottom: 25px !important;}&#8221;]\n<h1 style=\"text-align: center;\">PROJECTES DESTACATS<\/h1>\n[\/vc_column_text]<div class=\"vcex-module vcex-portfolio-grid-wrap wpex-clr\"><div class=\"wpex-row vcex-portfolio-grid wpex-clr entries match-height-grid\"><div class=\"portfolio-entry vcex-grid-item entry-has-details span_1_of_3 col col-1 entry post-2325 type-portfolio has-media cat-28 cat-19 translation_priority-11\"><div class=\"portfolio-entry-inner entry-inner wpex-first-mt-0 wpex-last-mb-0 wpex-clr\"><div class=\"portfolio-entry-media entry-media wpex-relative\"><a href=\"https:\/\/prosolvers.es\/ca\/portfolio-item\/redaccio-del-projecte-de-reforma-integral-del-port-de-fornells\/\" title=\"REDACCI\u00d3 DELS PROJECTES B\u00c0SIC I CONSTRUCTIU DE REFORMA INTEGRAL DEL PORT DE FORNELLS &#8211; T.M. MERCADAL\" class=\"portfolio-entry-media-link\"><img loading=\"lazy\" class=\"portfolio-entry-img wpex-align-middle\" decoding=\"async\" src=\"https:\/\/prosolvers.es\/wp-content\/uploads\/2022\/03\/DJI_0087-scaled-200x200.jpg\" alt=\"\" srcset=\"https:\/\/prosolvers.es\/wp-content\/uploads\/2022\/03\/DJI_0087-scaled-200x200.jpg 200w, https:\/\/prosolvers.es\/wp-content\/uploads\/2022\/03\/DJI_0087-150x150.jpg 150w, https:\/\/prosolvers.es\/wp-content\/uploads\/2022\/03\/DJI_0087-scaled-600x600.jpg 600w, https:\/\/prosolvers.es\/wp-content\/uploads\/2022\/03\/DJI_0087-scaled-250x250.jpg 250w, https:\/\/prosolvers.es\/wp-content\/uploads\/2022\/03\/DJI_0087-scaled-125x125.jpg 125w\" width=\"200\" height=\"200\"><\/a><\/div><div class=\"portfolio-entry-details entry-details wpex-boxed wpex-first-mt-0 wpex-last-mb-0 wpex-clr\"><div class=\"match-height-content\"><h2 class=\"portfolio-entry-title entry-title wpex-mb-5\"><a href=\"https:\/\/prosolvers.es\/ca\/portfolio-item\/redaccio-del-projecte-de-reforma-integral-del-port-de-fornells\/\" title=\"REDACCI\u00d3 DELS PROJECTES B\u00c0SIC I CONSTRUCTIU DE REFORMA INTEGRAL DEL PORT DE FORNELLS &#8211; T.M. MERCADAL\">REDACCI\u00d3 DELS PROJECTES B\u00c0SIC I CONSTRUCTIU DE REFORMA INTEGRAL DEL PORT DE FORNELLS &#8211; T.M. MERCADAL<\/a><\/h2><div class=\"portfolio-entry-excerpt entry-excerpt wpex-my-15 wpex-text-pretty wpex-last-mb-0 wpex-clr\"><p>AUTORIA DE LA REDACCI\u00d3 DEL PROJECTE DE REFORMA INTEGRAL DEL PORT DE FORNELLS<\/p><\/div><div class=\"portfolio-entry-readmore-wrap entry-readmore-wrap wpex-my-15 wpex-clr\"><a href=\"https:\/\/prosolvers.es\/ca\/portfolio-item\/redaccio-del-projecte-de-reforma-integral-del-port-de-fornells\/\" class=\"portfolio-entry-readmore entry-readmore theme-button\" aria-label=\"Llegir m\u00e9s about REDACCI\u00d3 DELS PROJECTES B\u00c0SIC I CONSTRUCTIU DE REFORMA INTEGRAL DEL PORT DE FORNELLS &#8211; T.M. MERCADAL\">Llegir m\u00e9s<\/a><\/div><\/div><\/div><\/div><\/div><div class=\"portfolio-entry vcex-grid-item entry-has-details span_1_of_3 col col-2 entry post-2317 type-portfolio has-media cat-28 cat-19 translation_priority-11\"><div class=\"portfolio-entry-inner entry-inner wpex-first-mt-0 wpex-last-mb-0 wpex-clr\"><div class=\"portfolio-entry-media entry-media wpex-relative\"><a href=\"https:\/\/prosolvers.es\/ca\/portfolio-item\/redaccio-de-projecte-de-reforc-i-millora-del-dic-del-club-nautic-de-sestanyol\/\" title=\"REDACCI\u00d3 DE PROJECTE I DIRECCI\u00d3 D&#8217;OBRA &#8220;EN PROGR\u00c9S&#8221; DE REFOR\u00c7 I MILLORA DEL DIC DEL CLUB N\u00c0UTIC DE S\u2019ESTANYOL\" class=\"portfolio-entry-media-link\"><img loading=\"lazy\" class=\"portfolio-entry-img wpex-align-middle\" decoding=\"async\" src=\"https:\/\/prosolvers.es\/wp-content\/uploads\/2022\/07\/PORT-1-2022-200x200.jpg\" alt=\"\" srcset=\"https:\/\/prosolvers.es\/wp-content\/uploads\/2022\/07\/PORT-1-2022-200x200.jpg 200w, https:\/\/prosolvers.es\/wp-content\/uploads\/2022\/07\/PORT-1-2022-150x150.jpg 150w, https:\/\/prosolvers.es\/wp-content\/uploads\/2022\/07\/PORT-1-2022-125x125.jpg 125w, https:\/\/prosolvers.es\/wp-content\/uploads\/2022\/07\/PORT-1-2022-250x250.jpg 250w\" width=\"200\" height=\"200\"><\/a><\/div><div class=\"portfolio-entry-details entry-details wpex-boxed wpex-first-mt-0 wpex-last-mb-0 wpex-clr\"><div class=\"match-height-content\"><h2 class=\"portfolio-entry-title entry-title wpex-mb-5\"><a href=\"https:\/\/prosolvers.es\/ca\/portfolio-item\/redaccio-de-projecte-de-reforc-i-millora-del-dic-del-club-nautic-de-sestanyol\/\" title=\"REDACCI\u00d3 DE PROJECTE I DIRECCI\u00d3 D&#8217;OBRA &#8220;EN PROGR\u00c9S&#8221; DE REFOR\u00c7 I MILLORA DEL DIC DEL CLUB N\u00c0UTIC DE S\u2019ESTANYOL\">REDACCI\u00d3 DE PROJECTE I DIRECCI\u00d3 D&#8217;OBRA &#8220;EN PROGR\u00c9S&#8221; DE REFOR\u00c7 I MILLORA DEL DIC DEL CLUB N\u00c0UTIC DE S\u2019ESTANYOL<\/a><\/h2><div class=\"portfolio-entry-excerpt entry-excerpt wpex-my-15 wpex-text-pretty wpex-last-mb-0 wpex-clr\"><p>REDACCI\u00d3 DE PROJECTE I DIRECCI\u00d3 D'OBRA \"EN PROGR\u00c9S\" DE REFOR\u00c7 I MILLORA DEL DIC DEL&hellip;<\/p><\/div><div class=\"portfolio-entry-readmore-wrap entry-readmore-wrap wpex-my-15 wpex-clr\"><a href=\"https:\/\/prosolvers.es\/ca\/portfolio-item\/redaccio-de-projecte-de-reforc-i-millora-del-dic-del-club-nautic-de-sestanyol\/\" class=\"portfolio-entry-readmore entry-readmore theme-button\" aria-label=\"Llegir m\u00e9s about REDACCI\u00d3 DE PROJECTE I DIRECCI\u00d3 D&#8217;OBRA &#8220;EN PROGR\u00c9S&#8221; DE REFOR\u00c7 I MILLORA DEL DIC DEL CLUB N\u00c0UTIC DE S\u2019ESTANYOL\">Llegir m\u00e9s<\/a><\/div><\/div><\/div><\/div><\/div><div class=\"portfolio-entry vcex-grid-item entry-has-details span_1_of_3 col col-3 entry post-2311 type-portfolio has-media cat-28 cat-19 translation_priority-11\"><div class=\"portfolio-entry-inner entry-inner wpex-first-mt-0 wpex-last-mb-0 wpex-clr\"><div class=\"portfolio-entry-media entry-media wpex-relative\"><a href=\"https:\/\/prosolvers.es\/ca\/portfolio-item\/projecte-modificat-del-projecte-dampliacio-descar-urbanitzacio-i-edificacions-en-el-port-turistic-esportiu-alcudiamar\/\" title=\"PROJECTE MODIFICAT DEL PROJECTE D&#8217;AMPLIACI\u00d3 DE VARADOR, URBANITZACI\u00d3 I EDIFICACIONS EN EL PORT TUR\u00cdSTIC \u2013 ESPORTIU ALCUDIAMAR\" class=\"portfolio-entry-media-link\"><img loading=\"lazy\" class=\"portfolio-entry-img wpex-align-middle\" decoding=\"async\" src=\"https:\/\/prosolvers.es\/wp-content\/uploads\/2022\/03\/4-200x200.jpg\" alt=\"\" srcset=\"https:\/\/prosolvers.es\/wp-content\/uploads\/2022\/03\/4-200x200.jpg 200w, https:\/\/prosolvers.es\/wp-content\/uploads\/2022\/03\/4-150x150.jpg 150w, https:\/\/prosolvers.es\/wp-content\/uploads\/2022\/03\/4-250x250.jpg 250w, https:\/\/prosolvers.es\/wp-content\/uploads\/2022\/03\/4-125x125.jpg 125w\" width=\"200\" height=\"200\"><\/a><\/div><div class=\"portfolio-entry-details entry-details wpex-boxed wpex-first-mt-0 wpex-last-mb-0 wpex-clr\"><div class=\"match-height-content\"><h2 class=\"portfolio-entry-title entry-title wpex-mb-5\"><a href=\"https:\/\/prosolvers.es\/ca\/portfolio-item\/projecte-modificat-del-projecte-dampliacio-descar-urbanitzacio-i-edificacions-en-el-port-turistic-esportiu-alcudiamar\/\" title=\"PROJECTE MODIFICAT DEL PROJECTE D&#8217;AMPLIACI\u00d3 DE VARADOR, URBANITZACI\u00d3 I EDIFICACIONS EN EL PORT TUR\u00cdSTIC \u2013 ESPORTIU ALCUDIAMAR\">PROJECTE MODIFICAT DEL PROJECTE D&#8217;AMPLIACI\u00d3 DE VARADOR, URBANITZACI\u00d3 I EDIFICACIONS EN EL PORT TUR\u00cdSTIC \u2013 ESPORTIU ALCUDIAMAR<\/a><\/h2><div class=\"portfolio-entry-excerpt entry-excerpt wpex-my-15 wpex-text-pretty wpex-last-mb-0 wpex-clr\"><p>REDACCI\u00d3 PROJECTE MODIFICAT DEL PROJECTE D'AMPLIACI\u00d3 DE VARADOR, URBANITZACI\u00d3 I EDIFICACIONS DEL PORT TUR\u00cdSTIC-ESPORTIU ALCUDIAMAR<\/p><\/div><div class=\"portfolio-entry-readmore-wrap entry-readmore-wrap wpex-my-15 wpex-clr\"><a href=\"https:\/\/prosolvers.es\/ca\/portfolio-item\/projecte-modificat-del-projecte-dampliacio-descar-urbanitzacio-i-edificacions-en-el-port-turistic-esportiu-alcudiamar\/\" class=\"portfolio-entry-readmore entry-readmore theme-button\" aria-label=\"Llegir m\u00e9s about PROJECTE MODIFICAT DEL PROJECTE D&#8217;AMPLIACI\u00d3 DE VARADOR, URBANITZACI\u00d3 I EDIFICACIONS EN EL PORT TUR\u00cdSTIC \u2013 ESPORTIU ALCUDIAMAR\">Llegir m\u00e9s<\/a><\/div><\/div><\/div><\/div><\/div><\/div><\/div>[\/vc_column][\/vc_row][\/vc_section]\n<\/div>","protected":false},"excerpt":{"rendered":"<p>[vc_section full_width=&#8221;stretch_row&#8221; full_height=&#8221;yes&#8221; css=&#8221;.vc_custom_1664190002830{padding-top: 100px !important;padding-bottom: 100px !important;background-color: #f5f6f6 !important;}&#8221;][vc_row][vc_column][vc_column_text el_class=&#8221;titol-seccio&#8221; css=&#8221;.vc_custom_1670839587117{padding-bottom: 25px !important;}&#8221;] PROJECTES DESTACATS [\/vc_column_text][\/vc_column][\/vc_row][\/vc_section]<\/p>\n","protected":false},"author":1,"featured_media":0,"parent":0,"menu_order":78,"comment_status":"closed","ping_status":"closed","template":"","meta":{"footnotes":""},"class_list":["post-2330","page","type-page","status-publish","hentry","entry","has-media"],"yoast_head":"<!-- This site is optimized with the Yoast SEO plugin v27.4 - https:\/\/yoast.com\/product\/yoast-seo-wordpress\/ -->\n<title>PROJECTES DESTACATS REDACCI\u00d3 DE PROJECTES - PROSOLVERS<\/title>\n<meta name=\"robots\" content=\"index, follow, max-snippet:-1, max-image-preview:large, max-video-preview:-1\" \/>\n<link rel=\"canonical\" href=\"https:\/\/prosolvers.es\/ca\/projectes-destacats-redaccio-de-projectes\/\" \/>\n<meta property=\"og:locale\" content=\"ca_ES\" \/>\n<meta property=\"og:type\" content=\"article\" \/>\n<meta property=\"og:title\" content=\"PROJECTES DESTACATS REDACCI\u00d3 DE PROJECTES - PROSOLVERS\" \/>\n<meta property=\"og:description\" content=\"[vc_section full_width=&#8221;stretch_row&#8221; full_height=&#8221;yes&#8221; css=&#8221;.vc_custom_1664190002830{padding-top: 100px !important;padding-bottom: 100px !important;background-color: #f5f6f6 !important;}&#8221;][vc_row][vc_column][vc_column_text el_class=&#8221;titol-seccio&#8221; css=&#8221;.vc_custom_1670839587117{padding-bottom: 25px !important;}&#8221;] PROJECTES DESTACATS [\/vc_column_text][\/vc_column][\/vc_row][\/vc_section]\" \/>\n<meta property=\"og:url\" content=\"https:\/\/prosolvers.es\/ca\/projectes-destacats-redaccio-de-projectes\/\" \/>\n<meta property=\"og:site_name\" content=\"PROSOLVERS\" \/>\n<meta property=\"article:modified_time\" content=\"2023-01-10T14:11:59+00:00\" \/>\n<meta name=\"twitter:card\" content=\"summary_large_image\" \/>\n<script type=\"application\/ld+json\" class=\"yoast-schema-graph\">{\"@context\":\"https:\\\/\\\/schema.org\",\"@graph\":[{\"@type\":\"WebPage\",\"@id\":\"https:\\\/\\\/prosolvers.es\\\/ca\\\/projectes-destacats-redaccio-de-projectes\\\/\",\"url\":\"https:\\\/\\\/prosolvers.es\\\/ca\\\/projectes-destacats-redaccio-de-projectes\\\/\",\"name\":\"PROJECTES DESTACATS REDACCI\u00d3 DE PROJECTES - PROSOLVERS\",\"isPartOf\":{\"@id\":\"https:\\\/\\\/prosolvers.es\\\/#website\"},\"datePublished\":\"2022-12-20T11:35:31+00:00\",\"dateModified\":\"2023-01-10T14:11:59+00:00\",\"breadcrumb\":{\"@id\":\"https:\\\/\\\/prosolvers.es\\\/ca\\\/projectes-destacats-redaccio-de-projectes\\\/#breadcrumb\"},\"inLanguage\":\"ca\",\"potentialAction\":[{\"@type\":\"ReadAction\",\"target\":[\"https:\\\/\\\/prosolvers.es\\\/ca\\\/projectes-destacats-redaccio-de-projectes\\\/\"]}]},{\"@type\":\"BreadcrumbList\",\"@id\":\"https:\\\/\\\/prosolvers.es\\\/ca\\\/projectes-destacats-redaccio-de-projectes\\\/#breadcrumb\",\"itemListElement\":[{\"@type\":\"ListItem\",\"position\":1,\"name\":\"Portada\",\"item\":\"https:\\\/\\\/prosolvers.es\\\/ca\\\/\"},{\"@type\":\"ListItem\",\"position\":2,\"name\":\"PROJECTES DESTACATS REDACCI\u00d3 DE PROJECTES\"}]},{\"@type\":\"WebSite\",\"@id\":\"https:\\\/\\\/prosolvers.es\\\/#website\",\"url\":\"https:\\\/\\\/prosolvers.es\\\/\",\"name\":\"PROSOLVERS\",\"description\":\"\",\"publisher\":{\"@id\":\"https:\\\/\\\/prosolvers.es\\\/#organization\"},\"potentialAction\":[{\"@type\":\"SearchAction\",\"target\":{\"@type\":\"EntryPoint\",\"urlTemplate\":\"https:\\\/\\\/prosolvers.es\\\/?s={search_term_string}\"},\"query-input\":{\"@type\":\"PropertyValueSpecification\",\"valueRequired\":true,\"valueName\":\"search_term_string\"}}],\"inLanguage\":\"ca\"},{\"@type\":\"Organization\",\"@id\":\"https:\\\/\\\/prosolvers.es\\\/#organization\",\"name\":\"PROSOLVERS\",\"url\":\"https:\\\/\\\/prosolvers.es\\\/\",\"logo\":{\"@type\":\"ImageObject\",\"inLanguage\":\"ca\",\"@id\":\"https:\\\/\\\/prosolvers.es\\\/#\\\/schema\\\/logo\\\/image\\\/\",\"url\":\"https:\\\/\\\/prosolvers.es\\\/wp-content\\\/uploads\\\/2019\\\/10\\\/LOGOTIPO-HEADER-PROSOLVERS-01.png\",\"contentUrl\":\"https:\\\/\\\/prosolvers.es\\\/wp-content\\\/uploads\\\/2019\\\/10\\\/LOGOTIPO-HEADER-PROSOLVERS-01.png\",\"width\":285,\"height\":285,\"caption\":\"PROSOLVERS\"},\"image\":{\"@id\":\"https:\\\/\\\/prosolvers.es\\\/#\\\/schema\\\/logo\\\/image\\\/\"}}]}<\/script>\n<!-- \/ Yoast SEO plugin. -->","yoast_head_json":{"title":"PROJECTES DESTACATS REDACCI\u00d3 DE PROJECTES - PROSOLVERS","robots":{"index":"index","follow":"follow","max-snippet":"max-snippet:-1","max-image-preview":"max-image-preview:large","max-video-preview":"max-video-preview:-1"},"canonical":"https:\/\/prosolvers.es\/ca\/projectes-destacats-redaccio-de-projectes\/","og_locale":"ca_ES","og_type":"article","og_title":"PROJECTES DESTACATS REDACCI\u00d3 DE PROJECTES - PROSOLVERS","og_description":"[vc_section full_width=&#8221;stretch_row&#8221; full_height=&#8221;yes&#8221; css=&#8221;.vc_custom_1664190002830{padding-top: 100px !important;padding-bottom: 100px !important;background-color: #f5f6f6 !important;}&#8221;][vc_row][vc_column][vc_column_text el_class=&#8221;titol-seccio&#8221; css=&#8221;.vc_custom_1670839587117{padding-bottom: 25px !important;}&#8221;] PROJECTES DESTACATS [\/vc_column_text][\/vc_column][\/vc_row][\/vc_section]","og_url":"https:\/\/prosolvers.es\/ca\/projectes-destacats-redaccio-de-projectes\/","og_site_name":"PROSOLVERS","article_modified_time":"2023-01-10T14:11:59+00:00","twitter_card":"summary_large_image","schema":{"@context":"https:\/\/schema.org","@graph":[{"@type":"WebPage","@id":"https:\/\/prosolvers.es\/ca\/projectes-destacats-redaccio-de-projectes\/","url":"https:\/\/prosolvers.es\/ca\/projectes-destacats-redaccio-de-projectes\/","name":"PROJECTES DESTACATS REDACCI\u00d3 DE PROJECTES - PROSOLVERS","isPartOf":{"@id":"https:\/\/prosolvers.es\/#website"},"datePublished":"2022-12-20T11:35:31+00:00","dateModified":"2023-01-10T14:11:59+00:00","breadcrumb":{"@id":"https:\/\/prosolvers.es\/ca\/projectes-destacats-redaccio-de-projectes\/#breadcrumb"},"inLanguage":"ca","potentialAction":[{"@type":"ReadAction","target":["https:\/\/prosolvers.es\/ca\/projectes-destacats-redaccio-de-projectes\/"]}]},{"@type":"BreadcrumbList","@id":"https:\/\/prosolvers.es\/ca\/projectes-destacats-redaccio-de-projectes\/#breadcrumb","itemListElement":[{"@type":"ListItem","position":1,"name":"Portada","item":"https:\/\/prosolvers.es\/ca\/"},{"@type":"ListItem","position":2,"name":"PROJECTES DESTACATS REDACCI\u00d3 DE PROJECTES"}]},{"@type":"WebSite","@id":"https:\/\/prosolvers.es\/#website","url":"https:\/\/prosolvers.es\/","name":"PROSOLVERS","description":"","publisher":{"@id":"https:\/\/prosolvers.es\/#organization"},"potentialAction":[{"@type":"SearchAction","target":{"@type":"EntryPoint","urlTemplate":"https:\/\/prosolvers.es\/?s={search_term_string}"},"query-input":{"@type":"PropertyValueSpecification","valueRequired":true,"valueName":"search_term_string"}}],"inLanguage":"ca"},{"@type":"Organization","@id":"https:\/\/prosolvers.es\/#organization","name":"PROSOLVERS","url":"https:\/\/prosolvers.es\/","logo":{"@type":"ImageObject","inLanguage":"ca","@id":"https:\/\/prosolvers.es\/#\/schema\/logo\/image\/","url":"https:\/\/prosolvers.es\/wp-content\/uploads\/2019\/10\/LOGOTIPO-HEADER-PROSOLVERS-01.png","contentUrl":"https:\/\/prosolvers.es\/wp-content\/uploads\/2019\/10\/LOGOTIPO-HEADER-PROSOLVERS-01.png","width":285,"height":285,"caption":"PROSOLVERS"},"image":{"@id":"https:\/\/prosolvers.es\/#\/schema\/logo\/image\/"}}]}},"_links":{"self":[{"href":"https:\/\/prosolvers.es\/ca\/wp-json\/wp\/v2\/pages\/2330","targetHints":{"allow":["GET"]}}],"collection":[{"href":"https:\/\/prosolvers.es\/ca\/wp-json\/wp\/v2\/pages"}],"about":[{"href":"https:\/\/prosolvers.es\/ca\/wp-json\/wp\/v2\/types\/page"}],"author":[{"embeddable":true,"href":"https:\/\/prosolvers.es\/ca\/wp-json\/wp\/v2\/users\/1"}],"replies":[{"embeddable":true,"href":"https:\/\/prosolvers.es\/ca\/wp-json\/wp\/v2\/comments?post=2330"}],"version-history":[{"count":2,"href":"https:\/\/prosolvers.es\/ca\/wp-json\/wp\/v2\/pages\/2330\/revisions"}],"predecessor-version":[{"id":2931,"href":"https:\/\/prosolvers.es\/ca\/wp-json\/wp\/v2\/pages\/2330\/revisions\/2931"}],"wp:attachment":[{"href":"https:\/\/prosolvers.es\/ca\/wp-json\/wp\/v2\/media?parent=2330"}],"curies":[{"name":"wp","href":"https:\/\/api.w.org\/{rel}","templated":true}]}}