{"id":2490,"date":"2022-12-22T16:29:07","date_gmt":"2022-12-22T14:29:07","guid":{"rendered":"https:\/\/prosolvers.es\/?page_id=2490"},"modified":"2023-01-10T16:10:55","modified_gmt":"2023-01-10T14:10:55","slug":"projectes-destacats-project-management","status":"publish","type":"page","link":"https:\/\/prosolvers.es\/ca\/projectes-destacats-project-management\/","title":{"rendered":"PROJECTES DESTACATS PROJECT MANAGEMENT"},"content":{"rendered":"<div class=\"wpb-content-wrapper\">[vc_section full_width=&#8221;stretch_row&#8221; full_height=&#8221;yes&#8221; css=&#8221;.vc_custom_1664190002830{padding-top: 100px !important;padding-bottom: 100px !important;background-color: #f5f6f6 !important;}&#8221;][vc_row][vc_column][vc_column_text el_class=&#8221;titol-seccio&#8221; css=&#8221;.vc_custom_1670839587117{padding-bottom: 25px !important;}&#8221;]\n<h1 style=\"text-align: center;\">PROJECTES DESTACATS<\/h1>\n[\/vc_column_text]<div class=\"vcex-module vcex-portfolio-grid-wrap wpex-clr\"><div class=\"wpex-row vcex-portfolio-grid wpex-clr entries match-height-grid\"><div class=\"portfolio-entry vcex-grid-item entry-has-details span_1_of_3 col col-1 entry post-2500 type-portfolio has-media cat-31 translation_priority-11\"><div class=\"portfolio-entry-inner entry-inner wpex-first-mt-0 wpex-last-mb-0 wpex-clr\"><div class=\"portfolio-entry-media entry-media wpex-relative\"><a href=\"https:\/\/prosolvers.es\/ca\/portfolio-item\/prefectura-dobra-centre-de-dia-en-palmanova-t-m-calvia\/\" title=\"CAP D&#8217;OBRA DE LA CONSTRUCCI\u00d3 D&#8217;UN CENTRE DE DIA PER A MAJORS DEPENDENTS EN PALMANOVA- T.M. CALVIA\" class=\"portfolio-entry-media-link\"><img loading=\"lazy\" class=\"portfolio-entry-img wpex-align-middle\" decoding=\"async\" src=\"https:\/\/prosolvers.es\/wp-content\/uploads\/2022\/12\/CDIA01-200x200.jpg\" alt=\"\" srcset=\"https:\/\/prosolvers.es\/wp-content\/uploads\/2022\/12\/CDIA01-200x200.jpg 200w, https:\/\/prosolvers.es\/wp-content\/uploads\/2022\/12\/CDIA01-150x150.jpg 150w, https:\/\/prosolvers.es\/wp-content\/uploads\/2022\/12\/CDIA01-250x250.jpg 250w, https:\/\/prosolvers.es\/wp-content\/uploads\/2022\/12\/CDIA01-125x125.jpg 125w\" width=\"200\" height=\"200\"><\/a><\/div><div class=\"portfolio-entry-details entry-details wpex-boxed wpex-first-mt-0 wpex-last-mb-0 wpex-clr\"><div class=\"match-height-content\"><h2 class=\"portfolio-entry-title entry-title wpex-mb-5\"><a href=\"https:\/\/prosolvers.es\/ca\/portfolio-item\/prefectura-dobra-centre-de-dia-en-palmanova-t-m-calvia\/\" title=\"CAP D&#8217;OBRA DE LA CONSTRUCCI\u00d3 D&#8217;UN CENTRE DE DIA PER A MAJORS DEPENDENTS EN PALMANOVA- T.M. CALVIA\">CAP D&#8217;OBRA DE LA CONSTRUCCI\u00d3 D&#8217;UN CENTRE DE DIA PER A MAJORS DEPENDENTS EN PALMANOVA- T.M. CALVIA<\/a><\/h2><div class=\"portfolio-entry-excerpt entry-excerpt wpex-my-15 wpex-text-pretty wpex-last-mb-0 wpex-clr\"><p>CAP D'OBRA CENTRE DE DIA EN PALMANOVA- T.M. CALVIA<\/p><\/div><div class=\"portfolio-entry-readmore-wrap entry-readmore-wrap wpex-my-15 wpex-clr\"><a href=\"https:\/\/prosolvers.es\/ca\/portfolio-item\/prefectura-dobra-centre-de-dia-en-palmanova-t-m-calvia\/\" class=\"portfolio-entry-readmore entry-readmore theme-button\" aria-label=\"Llegir m\u00e9s about CAP D&#8217;OBRA DE LA CONSTRUCCI\u00d3 D&#8217;UN CENTRE DE DIA PER A MAJORS DEPENDENTS EN PALMANOVA- T.M. CALVIA\">Llegir m\u00e9s<\/a><\/div><\/div><\/div><\/div><\/div><div class=\"portfolio-entry vcex-grid-item entry-has-details span_1_of_3 col col-2 entry post-2488 type-portfolio has-media cat-31 translation_priority-11\"><div class=\"portfolio-entry-inner entry-inner wpex-first-mt-0 wpex-last-mb-0 wpex-clr\"><div class=\"portfolio-entry-media entry-media wpex-relative\"><a href=\"https:\/\/prosolvers.es\/ca\/portfolio-item\/prefectura-de-les-obres-del-projecte-actualitzat-de-senda-pedalable-del-cami-dels-reis-a-son-espases-2\/\" title=\"CAP D&#8217;OBRA DEL PROJECTE ACTUALITZAT DE SENDA PEDALABLE DEL CAM\u00cd DELS REIS A SON ESPASES\" class=\"portfolio-entry-media-link\"><img loading=\"lazy\" class=\"portfolio-entry-img wpex-align-middle\" decoding=\"async\" src=\"https:\/\/prosolvers.es\/wp-content\/uploads\/2022\/12\/BICI05-scaled-200x200.jpg\" alt=\"\" srcset=\"https:\/\/prosolvers.es\/wp-content\/uploads\/2022\/12\/BICI05-scaled-200x200.jpg 200w, https:\/\/prosolvers.es\/wp-content\/uploads\/2022\/12\/BICI05-150x150.jpg 150w, https:\/\/prosolvers.es\/wp-content\/uploads\/2022\/12\/BICI05-scaled-250x250.jpg 250w, https:\/\/prosolvers.es\/wp-content\/uploads\/2022\/12\/BICI05-scaled-125x125.jpg 125w\" width=\"200\" height=\"200\"><\/a><\/div><div class=\"portfolio-entry-details entry-details wpex-boxed wpex-first-mt-0 wpex-last-mb-0 wpex-clr\"><div class=\"match-height-content\"><h2 class=\"portfolio-entry-title entry-title wpex-mb-5\"><a href=\"https:\/\/prosolvers.es\/ca\/portfolio-item\/prefectura-de-les-obres-del-projecte-actualitzat-de-senda-pedalable-del-cami-dels-reis-a-son-espases-2\/\" title=\"CAP D&#8217;OBRA DEL PROJECTE ACTUALITZAT DE SENDA PEDALABLE DEL CAM\u00cd DELS REIS A SON ESPASES\">CAP D&#8217;OBRA DEL PROJECTE ACTUALITZAT DE SENDA PEDALABLE DEL CAM\u00cd DELS REIS A SON ESPASES<\/a><\/h2><div class=\"portfolio-entry-excerpt entry-excerpt wpex-my-15 wpex-text-pretty wpex-last-mb-0 wpex-clr\"><p>CAP D'OBRA DEL MODIFICAT N\u00ba1 DEL PROJECTE ACTUALITZAT DE SENDA PEDALABLE DEL CAM\u00cd DELS REIS&hellip;<\/p><\/div><div class=\"portfolio-entry-readmore-wrap entry-readmore-wrap wpex-my-15 wpex-clr\"><a href=\"https:\/\/prosolvers.es\/ca\/portfolio-item\/prefectura-de-les-obres-del-projecte-actualitzat-de-senda-pedalable-del-cami-dels-reis-a-son-espases-2\/\" class=\"portfolio-entry-readmore entry-readmore theme-button\" aria-label=\"Llegir m\u00e9s about CAP D&#8217;OBRA DEL PROJECTE ACTUALITZAT DE SENDA PEDALABLE DEL CAM\u00cd DELS REIS A SON ESPASES\">Llegir m\u00e9s<\/a><\/div><\/div><\/div><\/div><\/div><div class=\"portfolio-entry vcex-grid-item entry-has-details span_1_of_3 col col-3 entry post-2520 type-portfolio has-media cat-31 translation_priority-11\"><div class=\"portfolio-entry-inner entry-inner wpex-first-mt-0 wpex-last-mb-0 wpex-clr\"><div class=\"portfolio-entry-media entry-media wpex-relative\"><a href=\"https:\/\/prosolvers.es\/ca\/portfolio-item\/prefectura-de-les-obres-de-reparacio-o-rehabilitacio-i-plans-de-manteniment-de-determinades-obres-de-fabrica-de-la-xarxa-ferroviaria-dinteres-general-dels-illes-balears-2\/\" title=\"CAP D&#8217;OBRA DE REPARACI\u00d3 O REHABILITACI\u00d3 I PLANS DE MANTENIMENT DE DETERMINADES OBRES DE F\u00c0BRICA DE LA XARXA FERROVI\u00c0RIA D\u00b4INTER\u00c8S GENERAL DELS ILLES BALEARS\" class=\"portfolio-entry-media-link\"><img loading=\"lazy\" class=\"portfolio-entry-img wpex-align-middle\" decoding=\"async\" src=\"https:\/\/prosolvers.es\/wp-content\/uploads\/2022\/12\/SFM04-scaled-200x200.jpg\" alt=\"\" srcset=\"https:\/\/prosolvers.es\/wp-content\/uploads\/2022\/12\/SFM04-scaled-200x200.jpg 200w, https:\/\/prosolvers.es\/wp-content\/uploads\/2022\/12\/SFM04-150x150.jpg 150w, https:\/\/prosolvers.es\/wp-content\/uploads\/2022\/12\/SFM04-scaled-250x250.jpg 250w, https:\/\/prosolvers.es\/wp-content\/uploads\/2022\/12\/SFM04-scaled-125x125.jpg 125w\" width=\"200\" height=\"200\"><\/a><\/div><div class=\"portfolio-entry-details entry-details wpex-boxed wpex-first-mt-0 wpex-last-mb-0 wpex-clr\"><div class=\"match-height-content\"><h2 class=\"portfolio-entry-title entry-title wpex-mb-5\"><a href=\"https:\/\/prosolvers.es\/ca\/portfolio-item\/prefectura-de-les-obres-de-reparacio-o-rehabilitacio-i-plans-de-manteniment-de-determinades-obres-de-fabrica-de-la-xarxa-ferroviaria-dinteres-general-dels-illes-balears-2\/\" title=\"CAP D&#8217;OBRA DE REPARACI\u00d3 O REHABILITACI\u00d3 I PLANS DE MANTENIMENT DE DETERMINADES OBRES DE F\u00c0BRICA DE LA XARXA FERROVI\u00c0RIA D\u00b4INTER\u00c8S GENERAL DELS ILLES BALEARS\">CAP D&#8217;OBRA DE REPARACI\u00d3 O REHABILITACI\u00d3 I PLANS DE MANTENIMENT DE DETERMINADES OBRES DE F\u00c0BRICA DE LA XARXA FERROVI\u00c0RIA D\u00b4INTER\u00c8S GENERAL DELS ILLES BALEARS<\/a><\/h2><div class=\"portfolio-entry-excerpt entry-excerpt wpex-my-15 wpex-text-pretty wpex-last-mb-0 wpex-clr\"><p>CAP D'OBRA DE LES OBRES DE REPARACI\u00d3 O REHABILITACI\u00d3 I PLANS DE MANTENIMENT DE DETERMINADES&hellip;<\/p><\/div><div class=\"portfolio-entry-readmore-wrap entry-readmore-wrap wpex-my-15 wpex-clr\"><a href=\"https:\/\/prosolvers.es\/ca\/portfolio-item\/prefectura-de-les-obres-de-reparacio-o-rehabilitacio-i-plans-de-manteniment-de-determinades-obres-de-fabrica-de-la-xarxa-ferroviaria-dinteres-general-dels-illes-balears-2\/\" class=\"portfolio-entry-readmore entry-readmore theme-button\" aria-label=\"Llegir m\u00e9s about CAP D&#8217;OBRA DE REPARACI\u00d3 O REHABILITACI\u00d3 I PLANS DE MANTENIMENT DE DETERMINADES OBRES DE F\u00c0BRICA DE LA XARXA FERROVI\u00c0RIA D\u00b4INTER\u00c8S GENERAL DELS ILLES BALEARS\">Llegir m\u00e9s<\/a><\/div><\/div><\/div><\/div><\/div><\/div><\/div>[\/vc_column][\/vc_row][\/vc_section]\n<\/div>","protected":false},"excerpt":{"rendered":"<p>[vc_section full_width=&#8221;stretch_row&#8221; full_height=&#8221;yes&#8221; css=&#8221;.vc_custom_1664190002830{padding-top: 100px !important;padding-bottom: 100px !important;background-color: #f5f6f6 !important;}&#8221;][vc_row][vc_column][vc_column_text el_class=&#8221;titol-seccio&#8221; css=&#8221;.vc_custom_1670839587117{padding-bottom: 25px !important;}&#8221;] PROJECTES DESTACATS [\/vc_column_text][\/vc_column][\/vc_row][\/vc_section]<\/p>\n","protected":false},"author":1,"featured_media":0,"parent":0,"menu_order":76,"comment_status":"closed","ping_status":"closed","template":"","meta":{"footnotes":""},"class_list":["post-2490","page","type-page","status-publish","hentry","entry","has-media"],"yoast_head":"<!-- This site is optimized with the Yoast SEO plugin v27.5 - https:\/\/yoast.com\/product\/yoast-seo-wordpress\/ -->\n<title>PROJECTES DESTACATS PROJECT MANAGEMENT - PROSOLVERS<\/title>\n<meta name=\"robots\" content=\"index, follow, max-snippet:-1, max-image-preview:large, max-video-preview:-1\" \/>\n<link rel=\"canonical\" href=\"https:\/\/prosolvers.es\/ca\/projectes-destacats-project-management\/\" \/>\n<meta property=\"og:locale\" content=\"ca_ES\" \/>\n<meta property=\"og:type\" content=\"article\" \/>\n<meta property=\"og:title\" content=\"PROJECTES DESTACATS PROJECT MANAGEMENT - PROSOLVERS\" \/>\n<meta property=\"og:description\" content=\"[vc_section full_width=&#8221;stretch_row&#8221; full_height=&#8221;yes&#8221; css=&#8221;.vc_custom_1664190002830{padding-top: 100px !important;padding-bottom: 100px !important;background-color: #f5f6f6 !important;}&#8221;][vc_row][vc_column][vc_column_text el_class=&#8221;titol-seccio&#8221; css=&#8221;.vc_custom_1670839587117{padding-bottom: 25px !important;}&#8221;] PROJECTES DESTACATS [\/vc_column_text][\/vc_column][\/vc_row][\/vc_section]\" \/>\n<meta property=\"og:url\" content=\"https:\/\/prosolvers.es\/ca\/projectes-destacats-project-management\/\" \/>\n<meta property=\"og:site_name\" content=\"PROSOLVERS\" \/>\n<meta property=\"article:modified_time\" content=\"2023-01-10T14:10:55+00:00\" \/>\n<meta name=\"twitter:card\" content=\"summary_large_image\" \/>\n<script type=\"application\/ld+json\" class=\"yoast-schema-graph\">{\"@context\":\"https:\\\/\\\/schema.org\",\"@graph\":[{\"@type\":\"WebPage\",\"@id\":\"https:\\\/\\\/prosolvers.es\\\/ca\\\/projectes-destacats-project-management\\\/\",\"url\":\"https:\\\/\\\/prosolvers.es\\\/ca\\\/projectes-destacats-project-management\\\/\",\"name\":\"PROJECTES DESTACATS PROJECT MANAGEMENT - PROSOLVERS\",\"isPartOf\":{\"@id\":\"https:\\\/\\\/prosolvers.es\\\/#website\"},\"datePublished\":\"2022-12-22T14:29:07+00:00\",\"dateModified\":\"2023-01-10T14:10:55+00:00\",\"breadcrumb\":{\"@id\":\"https:\\\/\\\/prosolvers.es\\\/ca\\\/projectes-destacats-project-management\\\/#breadcrumb\"},\"inLanguage\":\"ca\",\"potentialAction\":[{\"@type\":\"ReadAction\",\"target\":[\"https:\\\/\\\/prosolvers.es\\\/ca\\\/projectes-destacats-project-management\\\/\"]}]},{\"@type\":\"BreadcrumbList\",\"@id\":\"https:\\\/\\\/prosolvers.es\\\/ca\\\/projectes-destacats-project-management\\\/#breadcrumb\",\"itemListElement\":[{\"@type\":\"ListItem\",\"position\":1,\"name\":\"Portada\",\"item\":\"https:\\\/\\\/prosolvers.es\\\/ca\\\/\"},{\"@type\":\"ListItem\",\"position\":2,\"name\":\"PROJECTES DESTACATS PROJECT MANAGEMENT\"}]},{\"@type\":\"WebSite\",\"@id\":\"https:\\\/\\\/prosolvers.es\\\/#website\",\"url\":\"https:\\\/\\\/prosolvers.es\\\/\",\"name\":\"PROSOLVERS\",\"description\":\"\",\"publisher\":{\"@id\":\"https:\\\/\\\/prosolvers.es\\\/#organization\"},\"potentialAction\":[{\"@type\":\"SearchAction\",\"target\":{\"@type\":\"EntryPoint\",\"urlTemplate\":\"https:\\\/\\\/prosolvers.es\\\/?s={search_term_string}\"},\"query-input\":{\"@type\":\"PropertyValueSpecification\",\"valueRequired\":true,\"valueName\":\"search_term_string\"}}],\"inLanguage\":\"ca\"},{\"@type\":\"Organization\",\"@id\":\"https:\\\/\\\/prosolvers.es\\\/#organization\",\"name\":\"PROSOLVERS\",\"url\":\"https:\\\/\\\/prosolvers.es\\\/\",\"logo\":{\"@type\":\"ImageObject\",\"inLanguage\":\"ca\",\"@id\":\"https:\\\/\\\/prosolvers.es\\\/#\\\/schema\\\/logo\\\/image\\\/\",\"url\":\"https:\\\/\\\/prosolvers.es\\\/wp-content\\\/uploads\\\/2019\\\/10\\\/LOGOTIPO-HEADER-PROSOLVERS-01.png\",\"contentUrl\":\"https:\\\/\\\/prosolvers.es\\\/wp-content\\\/uploads\\\/2019\\\/10\\\/LOGOTIPO-HEADER-PROSOLVERS-01.png\",\"width\":285,\"height\":285,\"caption\":\"PROSOLVERS\"},\"image\":{\"@id\":\"https:\\\/\\\/prosolvers.es\\\/#\\\/schema\\\/logo\\\/image\\\/\"}}]}<\/script>\n<!-- \/ Yoast SEO plugin. -->","yoast_head_json":{"title":"PROJECTES DESTACATS PROJECT MANAGEMENT - PROSOLVERS","robots":{"index":"index","follow":"follow","max-snippet":"max-snippet:-1","max-image-preview":"max-image-preview:large","max-video-preview":"max-video-preview:-1"},"canonical":"https:\/\/prosolvers.es\/ca\/projectes-destacats-project-management\/","og_locale":"ca_ES","og_type":"article","og_title":"PROJECTES DESTACATS PROJECT MANAGEMENT - PROSOLVERS","og_description":"[vc_section full_width=&#8221;stretch_row&#8221; full_height=&#8221;yes&#8221; css=&#8221;.vc_custom_1664190002830{padding-top: 100px !important;padding-bottom: 100px !important;background-color: #f5f6f6 !important;}&#8221;][vc_row][vc_column][vc_column_text el_class=&#8221;titol-seccio&#8221; css=&#8221;.vc_custom_1670839587117{padding-bottom: 25px !important;}&#8221;] PROJECTES DESTACATS [\/vc_column_text][\/vc_column][\/vc_row][\/vc_section]","og_url":"https:\/\/prosolvers.es\/ca\/projectes-destacats-project-management\/","og_site_name":"PROSOLVERS","article_modified_time":"2023-01-10T14:10:55+00:00","twitter_card":"summary_large_image","schema":{"@context":"https:\/\/schema.org","@graph":[{"@type":"WebPage","@id":"https:\/\/prosolvers.es\/ca\/projectes-destacats-project-management\/","url":"https:\/\/prosolvers.es\/ca\/projectes-destacats-project-management\/","name":"PROJECTES DESTACATS PROJECT MANAGEMENT - PROSOLVERS","isPartOf":{"@id":"https:\/\/prosolvers.es\/#website"},"datePublished":"2022-12-22T14:29:07+00:00","dateModified":"2023-01-10T14:10:55+00:00","breadcrumb":{"@id":"https:\/\/prosolvers.es\/ca\/projectes-destacats-project-management\/#breadcrumb"},"inLanguage":"ca","potentialAction":[{"@type":"ReadAction","target":["https:\/\/prosolvers.es\/ca\/projectes-destacats-project-management\/"]}]},{"@type":"BreadcrumbList","@id":"https:\/\/prosolvers.es\/ca\/projectes-destacats-project-management\/#breadcrumb","itemListElement":[{"@type":"ListItem","position":1,"name":"Portada","item":"https:\/\/prosolvers.es\/ca\/"},{"@type":"ListItem","position":2,"name":"PROJECTES DESTACATS PROJECT MANAGEMENT"}]},{"@type":"WebSite","@id":"https:\/\/prosolvers.es\/#website","url":"https:\/\/prosolvers.es\/","name":"PROSOLVERS","description":"","publisher":{"@id":"https:\/\/prosolvers.es\/#organization"},"potentialAction":[{"@type":"SearchAction","target":{"@type":"EntryPoint","urlTemplate":"https:\/\/prosolvers.es\/?s={search_term_string}"},"query-input":{"@type":"PropertyValueSpecification","valueRequired":true,"valueName":"search_term_string"}}],"inLanguage":"ca"},{"@type":"Organization","@id":"https:\/\/prosolvers.es\/#organization","name":"PROSOLVERS","url":"https:\/\/prosolvers.es\/","logo":{"@type":"ImageObject","inLanguage":"ca","@id":"https:\/\/prosolvers.es\/#\/schema\/logo\/image\/","url":"https:\/\/prosolvers.es\/wp-content\/uploads\/2019\/10\/LOGOTIPO-HEADER-PROSOLVERS-01.png","contentUrl":"https:\/\/prosolvers.es\/wp-content\/uploads\/2019\/10\/LOGOTIPO-HEADER-PROSOLVERS-01.png","width":285,"height":285,"caption":"PROSOLVERS"},"image":{"@id":"https:\/\/prosolvers.es\/#\/schema\/logo\/image\/"}}]}},"_links":{"self":[{"href":"https:\/\/prosolvers.es\/ca\/wp-json\/wp\/v2\/pages\/2490","targetHints":{"allow":["GET"]}}],"collection":[{"href":"https:\/\/prosolvers.es\/ca\/wp-json\/wp\/v2\/pages"}],"about":[{"href":"https:\/\/prosolvers.es\/ca\/wp-json\/wp\/v2\/types\/page"}],"author":[{"embeddable":true,"href":"https:\/\/prosolvers.es\/ca\/wp-json\/wp\/v2\/users\/1"}],"replies":[{"embeddable":true,"href":"https:\/\/prosolvers.es\/ca\/wp-json\/wp\/v2\/comments?post=2490"}],"version-history":[{"count":2,"href":"https:\/\/prosolvers.es\/ca\/wp-json\/wp\/v2\/pages\/2490\/revisions"}],"predecessor-version":[{"id":2929,"href":"https:\/\/prosolvers.es\/ca\/wp-json\/wp\/v2\/pages\/2490\/revisions\/2929"}],"wp:attachment":[{"href":"https:\/\/prosolvers.es\/ca\/wp-json\/wp\/v2\/media?parent=2490"}],"curies":[{"name":"wp","href":"https:\/\/api.w.org\/{rel}","templated":true}]}}