{"id":2643,"date":"2022-12-23T10:25:37","date_gmt":"2022-12-23T08:25:37","guid":{"rendered":"https:\/\/prosolvers.es\/?page_id=2643"},"modified":"2023-01-10T16:09:58","modified_gmt":"2023-01-10T14:09:58","slug":"projectes-destacats-instal%c2%b7lacions-de-temporada-en-platja","status":"publish","type":"page","link":"https:\/\/prosolvers.es\/ca\/projectes-destacats-instal%c2%b7lacions-de-temporada-en-platja\/","title":{"rendered":"PROJECTES DESTACATS INSTAL\u00b7LACIONS DE TEMPORADA EN PLATJA"},"content":{"rendered":"<div class=\"wpb-content-wrapper\">[vc_section full_width=&#8221;stretch_row&#8221; full_height=&#8221;yes&#8221; css=&#8221;.vc_custom_1664190002830{padding-top: 100px !important;padding-bottom: 100px !important;background-color: #f5f6f6 !important;}&#8221;][vc_row][vc_column][vc_column_text el_class=&#8221;titol-seccio&#8221; css=&#8221;.vc_custom_1670839587117{padding-bottom: 25px !important;}&#8221;]\n<h1 style=\"text-align: center;\">PROJECTES DESTACATS<\/h1>\n[\/vc_column_text]<div class=\"vcex-module vcex-portfolio-grid-wrap wpex-clr\"><div class=\"wpex-row vcex-portfolio-grid wpex-clr entries match-height-grid\"><div class=\"portfolio-entry vcex-grid-item entry-has-details span_1_of_3 col col-1 entry post-2695 type-portfolio has-media cat-35 translation_priority-11\"><div class=\"portfolio-entry-inner entry-inner wpex-first-mt-0 wpex-last-mb-0 wpex-clr\"><div class=\"portfolio-entry-media entry-media wpex-relative\"><a href=\"https:\/\/prosolvers.es\/ca\/portfolio-item\/projecte-per-a-la-sol%c2%b7licitud-de-concessio-per-a-diverses-propostes-docupacio-de-zona-de-dpmt-en-es-va-calar-de-la-reina-en-parcel%c2%b7la-dhotel-cap-rocat-llucmajor\/\" title=\"PROJECTE PER A LA SOL\u00b7LICITUD DE CONCESSI\u00d3 PER A DIVERSES PROPOSTES D&#8217;OCUPACI\u00d3 DE ZONA DE DPMT EN ES CAL\u00d3 DE LA REINA, EN PARCEL\u00b7LA D&#8217;HOTEL CAP ROCAT, LLUCMAJOR\" class=\"portfolio-entry-media-link\"><img loading=\"lazy\" class=\"portfolio-entry-img wpex-align-middle\" decoding=\"async\" src=\"https:\/\/prosolvers.es\/wp-content\/uploads\/2022\/12\/caloreina01-200x200.png\" alt=\"\" srcset=\"https:\/\/prosolvers.es\/wp-content\/uploads\/2022\/12\/caloreina01-200x200.png 200w, https:\/\/prosolvers.es\/wp-content\/uploads\/2022\/12\/caloreina01-150x150.png 150w, https:\/\/prosolvers.es\/wp-content\/uploads\/2022\/12\/caloreina01-250x250.png 250w, https:\/\/prosolvers.es\/wp-content\/uploads\/2022\/12\/caloreina01-125x125.png 125w\" width=\"200\" height=\"200\"><\/a><\/div><div class=\"portfolio-entry-details entry-details wpex-boxed wpex-first-mt-0 wpex-last-mb-0 wpex-clr\"><div class=\"match-height-content\"><h2 class=\"portfolio-entry-title entry-title wpex-mb-5\"><a href=\"https:\/\/prosolvers.es\/ca\/portfolio-item\/projecte-per-a-la-sol%c2%b7licitud-de-concessio-per-a-diverses-propostes-docupacio-de-zona-de-dpmt-en-es-va-calar-de-la-reina-en-parcel%c2%b7la-dhotel-cap-rocat-llucmajor\/\" title=\"PROJECTE PER A LA SOL\u00b7LICITUD DE CONCESSI\u00d3 PER A DIVERSES PROPOSTES D&#8217;OCUPACI\u00d3 DE ZONA DE DPMT EN ES CAL\u00d3 DE LA REINA, EN PARCEL\u00b7LA D&#8217;HOTEL CAP ROCAT, LLUCMAJOR\">PROJECTE PER A LA SOL\u00b7LICITUD DE CONCESSI\u00d3 PER A DIVERSES PROPOSTES D&#8217;OCUPACI\u00d3 DE ZONA DE DPMT EN ES CAL\u00d3 DE LA REINA, EN PARCEL\u00b7LA D&#8217;HOTEL CAP ROCAT, LLUCMAJOR<\/a><\/h2><div class=\"portfolio-entry-excerpt entry-excerpt wpex-my-15 wpex-text-pretty wpex-last-mb-0 wpex-clr\"><p>ADDENDA D'ESMENA DE DEFICI\u00c8NCIES DE LA SOL\u00b7LICITUD DE CONCESSI\u00d3 PER A DIVERSES PROPOSTES D'OCUPACI\u00d3 DE&hellip;<\/p><\/div><div class=\"portfolio-entry-readmore-wrap entry-readmore-wrap wpex-my-15 wpex-clr\"><a href=\"https:\/\/prosolvers.es\/ca\/portfolio-item\/projecte-per-a-la-sol%c2%b7licitud-de-concessio-per-a-diverses-propostes-docupacio-de-zona-de-dpmt-en-es-va-calar-de-la-reina-en-parcel%c2%b7la-dhotel-cap-rocat-llucmajor\/\" class=\"portfolio-entry-readmore entry-readmore theme-button\" aria-label=\"Llegir m\u00e9s about PROJECTE PER A LA SOL\u00b7LICITUD DE CONCESSI\u00d3 PER A DIVERSES PROPOSTES D&#8217;OCUPACI\u00d3 DE ZONA DE DPMT EN ES CAL\u00d3 DE LA REINA, EN PARCEL\u00b7LA D&#8217;HOTEL CAP ROCAT, LLUCMAJOR\">Llegir m\u00e9s<\/a><\/div><\/div><\/div><\/div><\/div><div class=\"portfolio-entry vcex-grid-item entry-has-details span_1_of_3 col col-2 entry post-2687 type-portfolio has-media cat-35 translation_priority-11\"><div class=\"portfolio-entry-inner entry-inner wpex-first-mt-0 wpex-last-mb-0 wpex-clr\"><div class=\"portfolio-entry-media entry-media wpex-relative\"><a href=\"https:\/\/prosolvers.es\/ca\/portfolio-item\/projecte-per-a-la-sol%c2%b7licitud-dautoritzacio-docupacio-del-dpmt-amb-instal%c2%b7lacions-de-temporada-en-el-va-calar-de-la-reina-i-va-calar-fort-tm-llucmajor-2\/\" title=\"PROJECTE PER A LA SOL\u00b7LICITUD D&#8217;AUTORITZACI\u00d3 D&#8217;OCUPACI\u00d3 DEL DPMT AMB INSTAL\u00b7LACIONS DE TEMPORADA EN ES CAL\u00d3 DE LA REINA I CAL\u00d3 FORT, TM LLUCMAJOR\" class=\"portfolio-entry-media-link\"><img loading=\"lazy\" class=\"portfolio-entry-img wpex-align-middle\" decoding=\"async\" src=\"https:\/\/prosolvers.es\/wp-content\/uploads\/2022\/12\/CAPROCAT02-200x200.png\" alt=\"\" srcset=\"https:\/\/prosolvers.es\/wp-content\/uploads\/2022\/12\/CAPROCAT02-200x200.png 200w, https:\/\/prosolvers.es\/wp-content\/uploads\/2022\/12\/CAPROCAT02-150x150.png 150w, https:\/\/prosolvers.es\/wp-content\/uploads\/2022\/12\/CAPROCAT02-250x250.png 250w, https:\/\/prosolvers.es\/wp-content\/uploads\/2022\/12\/CAPROCAT02-125x125.png 125w\" width=\"200\" height=\"200\"><\/a><\/div><div class=\"portfolio-entry-details entry-details wpex-boxed wpex-first-mt-0 wpex-last-mb-0 wpex-clr\"><div class=\"match-height-content\"><h2 class=\"portfolio-entry-title entry-title wpex-mb-5\"><a href=\"https:\/\/prosolvers.es\/ca\/portfolio-item\/projecte-per-a-la-sol%c2%b7licitud-dautoritzacio-docupacio-del-dpmt-amb-instal%c2%b7lacions-de-temporada-en-el-va-calar-de-la-reina-i-va-calar-fort-tm-llucmajor-2\/\" title=\"PROJECTE PER A LA SOL\u00b7LICITUD D&#8217;AUTORITZACI\u00d3 D&#8217;OCUPACI\u00d3 DEL DPMT AMB INSTAL\u00b7LACIONS DE TEMPORADA EN ES CAL\u00d3 DE LA REINA I CAL\u00d3 FORT, TM LLUCMAJOR\">PROJECTE PER A LA SOL\u00b7LICITUD D&#8217;AUTORITZACI\u00d3 D&#8217;OCUPACI\u00d3 DEL DPMT AMB INSTAL\u00b7LACIONS DE TEMPORADA EN ES CAL\u00d3 DE LA REINA I CAL\u00d3 FORT, TM LLUCMAJOR<\/a><\/h2><div class=\"portfolio-entry-excerpt entry-excerpt wpex-my-15 wpex-text-pretty wpex-last-mb-0 wpex-clr\"><p>PROJECTE PER A LA SOL\u00b7LICITUD D'AUTORITZACI\u00d3 D'OCUPACI\u00d3 DEL DPMT AMB INSTAL\u00b7LACIONS DE TEMPORADA EN ES&hellip;<\/p><\/div><div class=\"portfolio-entry-readmore-wrap entry-readmore-wrap wpex-my-15 wpex-clr\"><a href=\"https:\/\/prosolvers.es\/ca\/portfolio-item\/projecte-per-a-la-sol%c2%b7licitud-dautoritzacio-docupacio-del-dpmt-amb-instal%c2%b7lacions-de-temporada-en-el-va-calar-de-la-reina-i-va-calar-fort-tm-llucmajor-2\/\" class=\"portfolio-entry-readmore entry-readmore theme-button\" aria-label=\"Llegir m\u00e9s about PROJECTE PER A LA SOL\u00b7LICITUD D&#8217;AUTORITZACI\u00d3 D&#8217;OCUPACI\u00d3 DEL DPMT AMB INSTAL\u00b7LACIONS DE TEMPORADA EN ES CAL\u00d3 DE LA REINA I CAL\u00d3 FORT, TM LLUCMAJOR\">Llegir m\u00e9s<\/a><\/div><\/div><\/div><\/div><\/div><div class=\"portfolio-entry vcex-grid-item entry-has-details span_1_of_3 col col-3 entry post-2633 type-portfolio has-media cat-35 translation_priority-11\"><div class=\"portfolio-entry-inner entry-inner wpex-first-mt-0 wpex-last-mb-0 wpex-clr\"><div class=\"portfolio-entry-media entry-media wpex-relative\"><a href=\"https:\/\/prosolvers.es\/ca\/portfolio-item\/projecte-per-a-la-sol%c2%b7licitud-dautoritzacio-dinstal%c2%b7lacio-de-temporada-de-180-hamaques-i-50-ombrel%c2%b7les-a-la-platja-de-illetes-t-m-calvia\/\" title=\"PROJECTE PER A LA SOL\u00b7LICITUD D&#8217;AUTORITZACI\u00d3 D&#8217;INSTAL\u00b7LACI\u00d3 DE TEMPORADA DE 180 HAMAQUES I 50 OMBREL\u00b7LES A LA PLATJA DE ILLETES- T.M. CALVIA\" class=\"portfolio-entry-media-link\"><img loading=\"lazy\" class=\"portfolio-entry-img wpex-align-middle\" decoding=\"async\" src=\"https:\/\/prosolvers.es\/wp-content\/uploads\/2022\/12\/HAMACAS03-200x200.png\" alt=\"\" srcset=\"https:\/\/prosolvers.es\/wp-content\/uploads\/2022\/12\/HAMACAS03-200x200.png 200w, https:\/\/prosolvers.es\/wp-content\/uploads\/2022\/12\/HAMACAS03-150x150.png 150w, https:\/\/prosolvers.es\/wp-content\/uploads\/2022\/12\/HAMACAS03-250x250.png 250w, https:\/\/prosolvers.es\/wp-content\/uploads\/2022\/12\/HAMACAS03-125x125.png 125w\" width=\"200\" height=\"200\"><\/a><\/div><div class=\"portfolio-entry-details entry-details wpex-boxed wpex-first-mt-0 wpex-last-mb-0 wpex-clr\"><div class=\"match-height-content\"><h2 class=\"portfolio-entry-title entry-title wpex-mb-5\"><a href=\"https:\/\/prosolvers.es\/ca\/portfolio-item\/projecte-per-a-la-sol%c2%b7licitud-dautoritzacio-dinstal%c2%b7lacio-de-temporada-de-180-hamaques-i-50-ombrel%c2%b7les-a-la-platja-de-illetes-t-m-calvia\/\" title=\"PROJECTE PER A LA SOL\u00b7LICITUD D&#8217;AUTORITZACI\u00d3 D&#8217;INSTAL\u00b7LACI\u00d3 DE TEMPORADA DE 180 HAMAQUES I 50 OMBREL\u00b7LES A LA PLATJA DE ILLETES- T.M. CALVIA\">PROJECTE PER A LA SOL\u00b7LICITUD D&#8217;AUTORITZACI\u00d3 D&#8217;INSTAL\u00b7LACI\u00d3 DE TEMPORADA DE 180 HAMAQUES I 50 OMBREL\u00b7LES A LA PLATJA DE ILLETES- T.M. CALVIA<\/a><\/h2><div class=\"portfolio-entry-excerpt entry-excerpt wpex-my-15 wpex-text-pretty wpex-last-mb-0 wpex-clr\"><p>PROJECTE PER A LA SOL\u00b7LICITUD D'AUTORITZACI\u00d3 D'INSTAL\u00b7LACI\u00d3 DE TEMPORADA DE 180 HAMAQUES I 50 OMBREL\u00b7LES&hellip;<\/p><\/div><div class=\"portfolio-entry-readmore-wrap entry-readmore-wrap wpex-my-15 wpex-clr\"><a href=\"https:\/\/prosolvers.es\/ca\/portfolio-item\/projecte-per-a-la-sol%c2%b7licitud-dautoritzacio-dinstal%c2%b7lacio-de-temporada-de-180-hamaques-i-50-ombrel%c2%b7les-a-la-platja-de-illetes-t-m-calvia\/\" class=\"portfolio-entry-readmore entry-readmore theme-button\" aria-label=\"Llegir m\u00e9s about PROJECTE PER A LA SOL\u00b7LICITUD D&#8217;AUTORITZACI\u00d3 D&#8217;INSTAL\u00b7LACI\u00d3 DE TEMPORADA DE 180 HAMAQUES I 50 OMBREL\u00b7LES A LA PLATJA DE ILLETES- T.M. CALVIA\">Llegir m\u00e9s<\/a><\/div><\/div><\/div><\/div><\/div><\/div><\/div>[\/vc_column][\/vc_row][\/vc_section]\n<\/div>","protected":false},"excerpt":{"rendered":"<p>[vc_section full_width=&#8221;stretch_row&#8221; full_height=&#8221;yes&#8221; css=&#8221;.vc_custom_1664190002830{padding-top: 100px !important;padding-bottom: 100px !important;background-color: #f5f6f6 !important;}&#8221;][vc_row][vc_column][vc_column_text el_class=&#8221;titol-seccio&#8221; css=&#8221;.vc_custom_1670839587117{padding-bottom: 25px !important;}&#8221;] PROJECTES DESTACATS [\/vc_column_text][\/vc_column][\/vc_row][\/vc_section]<\/p>\n","protected":false},"author":1,"featured_media":0,"parent":0,"menu_order":74,"comment_status":"closed","ping_status":"closed","template":"","meta":{"footnotes":""},"class_list":["post-2643","page","type-page","status-publish","hentry","entry","has-media"],"yoast_head":"<!-- This site is optimized with the Yoast SEO plugin v27.4 - https:\/\/yoast.com\/product\/yoast-seo-wordpress\/ -->\n<title>PROJECTES DESTACATS INSTAL\u00b7LACIONS DE TEMPORADA EN PLATJA - PROSOLVERS<\/title>\n<meta name=\"robots\" content=\"index, follow, max-snippet:-1, max-image-preview:large, max-video-preview:-1\" \/>\n<link rel=\"canonical\" href=\"https:\/\/prosolvers.es\/ca\/projectes-destacats-instal\u00b7lacions-de-temporada-en-platja\/\" \/>\n<meta property=\"og:locale\" content=\"ca_ES\" \/>\n<meta property=\"og:type\" content=\"article\" \/>\n<meta property=\"og:title\" content=\"PROJECTES DESTACATS INSTAL\u00b7LACIONS DE TEMPORADA EN PLATJA - PROSOLVERS\" \/>\n<meta property=\"og:description\" content=\"[vc_section full_width=&#8221;stretch_row&#8221; full_height=&#8221;yes&#8221; css=&#8221;.vc_custom_1664190002830{padding-top: 100px !important;padding-bottom: 100px !important;background-color: #f5f6f6 !important;}&#8221;][vc_row][vc_column][vc_column_text el_class=&#8221;titol-seccio&#8221; css=&#8221;.vc_custom_1670839587117{padding-bottom: 25px !important;}&#8221;] PROJECTES DESTACATS [\/vc_column_text][\/vc_column][\/vc_row][\/vc_section]\" \/>\n<meta property=\"og:url\" content=\"https:\/\/prosolvers.es\/ca\/projectes-destacats-instal\u00b7lacions-de-temporada-en-platja\/\" \/>\n<meta property=\"og:site_name\" content=\"PROSOLVERS\" \/>\n<meta property=\"article:modified_time\" content=\"2023-01-10T14:09:58+00:00\" \/>\n<meta name=\"twitter:card\" content=\"summary_large_image\" \/>\n<script type=\"application\/ld+json\" class=\"yoast-schema-graph\">{\"@context\":\"https:\\\/\\\/schema.org\",\"@graph\":[{\"@type\":\"WebPage\",\"@id\":\"https:\\\/\\\/prosolvers.es\\\/ca\\\/projectes-destacats-instal%c2%b7lacions-de-temporada-en-platja\\\/\",\"url\":\"https:\\\/\\\/prosolvers.es\\\/ca\\\/projectes-destacats-instal%c2%b7lacions-de-temporada-en-platja\\\/\",\"name\":\"PROJECTES DESTACATS INSTAL\u00b7LACIONS DE TEMPORADA EN PLATJA - PROSOLVERS\",\"isPartOf\":{\"@id\":\"https:\\\/\\\/prosolvers.es\\\/#website\"},\"datePublished\":\"2022-12-23T08:25:37+00:00\",\"dateModified\":\"2023-01-10T14:09:58+00:00\",\"breadcrumb\":{\"@id\":\"https:\\\/\\\/prosolvers.es\\\/ca\\\/projectes-destacats-instal%c2%b7lacions-de-temporada-en-platja\\\/#breadcrumb\"},\"inLanguage\":\"ca\",\"potentialAction\":[{\"@type\":\"ReadAction\",\"target\":[\"https:\\\/\\\/prosolvers.es\\\/ca\\\/projectes-destacats-instal%c2%b7lacions-de-temporada-en-platja\\\/\"]}]},{\"@type\":\"BreadcrumbList\",\"@id\":\"https:\\\/\\\/prosolvers.es\\\/ca\\\/projectes-destacats-instal%c2%b7lacions-de-temporada-en-platja\\\/#breadcrumb\",\"itemListElement\":[{\"@type\":\"ListItem\",\"position\":1,\"name\":\"Portada\",\"item\":\"https:\\\/\\\/prosolvers.es\\\/ca\\\/\"},{\"@type\":\"ListItem\",\"position\":2,\"name\":\"PROJECTES DESTACATS INSTAL\u00b7LACIONS DE TEMPORADA EN PLATJA\"}]},{\"@type\":\"WebSite\",\"@id\":\"https:\\\/\\\/prosolvers.es\\\/#website\",\"url\":\"https:\\\/\\\/prosolvers.es\\\/\",\"name\":\"PROSOLVERS\",\"description\":\"\",\"publisher\":{\"@id\":\"https:\\\/\\\/prosolvers.es\\\/#organization\"},\"potentialAction\":[{\"@type\":\"SearchAction\",\"target\":{\"@type\":\"EntryPoint\",\"urlTemplate\":\"https:\\\/\\\/prosolvers.es\\\/?s={search_term_string}\"},\"query-input\":{\"@type\":\"PropertyValueSpecification\",\"valueRequired\":true,\"valueName\":\"search_term_string\"}}],\"inLanguage\":\"ca\"},{\"@type\":\"Organization\",\"@id\":\"https:\\\/\\\/prosolvers.es\\\/#organization\",\"name\":\"PROSOLVERS\",\"url\":\"https:\\\/\\\/prosolvers.es\\\/\",\"logo\":{\"@type\":\"ImageObject\",\"inLanguage\":\"ca\",\"@id\":\"https:\\\/\\\/prosolvers.es\\\/#\\\/schema\\\/logo\\\/image\\\/\",\"url\":\"https:\\\/\\\/prosolvers.es\\\/wp-content\\\/uploads\\\/2019\\\/10\\\/LOGOTIPO-HEADER-PROSOLVERS-01.png\",\"contentUrl\":\"https:\\\/\\\/prosolvers.es\\\/wp-content\\\/uploads\\\/2019\\\/10\\\/LOGOTIPO-HEADER-PROSOLVERS-01.png\",\"width\":285,\"height\":285,\"caption\":\"PROSOLVERS\"},\"image\":{\"@id\":\"https:\\\/\\\/prosolvers.es\\\/#\\\/schema\\\/logo\\\/image\\\/\"}}]}<\/script>\n<!-- \/ Yoast SEO plugin. -->","yoast_head_json":{"title":"PROJECTES DESTACATS INSTAL\u00b7LACIONS DE TEMPORADA EN PLATJA - PROSOLVERS","robots":{"index":"index","follow":"follow","max-snippet":"max-snippet:-1","max-image-preview":"max-image-preview:large","max-video-preview":"max-video-preview:-1"},"canonical":"https:\/\/prosolvers.es\/ca\/projectes-destacats-instal\u00b7lacions-de-temporada-en-platja\/","og_locale":"ca_ES","og_type":"article","og_title":"PROJECTES DESTACATS INSTAL\u00b7LACIONS DE TEMPORADA EN PLATJA - PROSOLVERS","og_description":"[vc_section full_width=&#8221;stretch_row&#8221; full_height=&#8221;yes&#8221; css=&#8221;.vc_custom_1664190002830{padding-top: 100px !important;padding-bottom: 100px !important;background-color: #f5f6f6 !important;}&#8221;][vc_row][vc_column][vc_column_text el_class=&#8221;titol-seccio&#8221; css=&#8221;.vc_custom_1670839587117{padding-bottom: 25px !important;}&#8221;] PROJECTES DESTACATS [\/vc_column_text][\/vc_column][\/vc_row][\/vc_section]","og_url":"https:\/\/prosolvers.es\/ca\/projectes-destacats-instal\u00b7lacions-de-temporada-en-platja\/","og_site_name":"PROSOLVERS","article_modified_time":"2023-01-10T14:09:58+00:00","twitter_card":"summary_large_image","schema":{"@context":"https:\/\/schema.org","@graph":[{"@type":"WebPage","@id":"https:\/\/prosolvers.es\/ca\/projectes-destacats-instal%c2%b7lacions-de-temporada-en-platja\/","url":"https:\/\/prosolvers.es\/ca\/projectes-destacats-instal%c2%b7lacions-de-temporada-en-platja\/","name":"PROJECTES DESTACATS INSTAL\u00b7LACIONS DE TEMPORADA EN PLATJA - PROSOLVERS","isPartOf":{"@id":"https:\/\/prosolvers.es\/#website"},"datePublished":"2022-12-23T08:25:37+00:00","dateModified":"2023-01-10T14:09:58+00:00","breadcrumb":{"@id":"https:\/\/prosolvers.es\/ca\/projectes-destacats-instal%c2%b7lacions-de-temporada-en-platja\/#breadcrumb"},"inLanguage":"ca","potentialAction":[{"@type":"ReadAction","target":["https:\/\/prosolvers.es\/ca\/projectes-destacats-instal%c2%b7lacions-de-temporada-en-platja\/"]}]},{"@type":"BreadcrumbList","@id":"https:\/\/prosolvers.es\/ca\/projectes-destacats-instal%c2%b7lacions-de-temporada-en-platja\/#breadcrumb","itemListElement":[{"@type":"ListItem","position":1,"name":"Portada","item":"https:\/\/prosolvers.es\/ca\/"},{"@type":"ListItem","position":2,"name":"PROJECTES DESTACATS INSTAL\u00b7LACIONS DE TEMPORADA EN PLATJA"}]},{"@type":"WebSite","@id":"https:\/\/prosolvers.es\/#website","url":"https:\/\/prosolvers.es\/","name":"PROSOLVERS","description":"","publisher":{"@id":"https:\/\/prosolvers.es\/#organization"},"potentialAction":[{"@type":"SearchAction","target":{"@type":"EntryPoint","urlTemplate":"https:\/\/prosolvers.es\/?s={search_term_string}"},"query-input":{"@type":"PropertyValueSpecification","valueRequired":true,"valueName":"search_term_string"}}],"inLanguage":"ca"},{"@type":"Organization","@id":"https:\/\/prosolvers.es\/#organization","name":"PROSOLVERS","url":"https:\/\/prosolvers.es\/","logo":{"@type":"ImageObject","inLanguage":"ca","@id":"https:\/\/prosolvers.es\/#\/schema\/logo\/image\/","url":"https:\/\/prosolvers.es\/wp-content\/uploads\/2019\/10\/LOGOTIPO-HEADER-PROSOLVERS-01.png","contentUrl":"https:\/\/prosolvers.es\/wp-content\/uploads\/2019\/10\/LOGOTIPO-HEADER-PROSOLVERS-01.png","width":285,"height":285,"caption":"PROSOLVERS"},"image":{"@id":"https:\/\/prosolvers.es\/#\/schema\/logo\/image\/"}}]}},"_links":{"self":[{"href":"https:\/\/prosolvers.es\/ca\/wp-json\/wp\/v2\/pages\/2643","targetHints":{"allow":["GET"]}}],"collection":[{"href":"https:\/\/prosolvers.es\/ca\/wp-json\/wp\/v2\/pages"}],"about":[{"href":"https:\/\/prosolvers.es\/ca\/wp-json\/wp\/v2\/types\/page"}],"author":[{"embeddable":true,"href":"https:\/\/prosolvers.es\/ca\/wp-json\/wp\/v2\/users\/1"}],"replies":[{"embeddable":true,"href":"https:\/\/prosolvers.es\/ca\/wp-json\/wp\/v2\/comments?post=2643"}],"version-history":[{"count":2,"href":"https:\/\/prosolvers.es\/ca\/wp-json\/wp\/v2\/pages\/2643\/revisions"}],"predecessor-version":[{"id":2927,"href":"https:\/\/prosolvers.es\/ca\/wp-json\/wp\/v2\/pages\/2643\/revisions\/2927"}],"wp:attachment":[{"href":"https:\/\/prosolvers.es\/ca\/wp-json\/wp\/v2\/media?parent=2643"}],"curies":[{"name":"wp","href":"https:\/\/api.w.org\/{rel}","templated":true}]}}