{"id":2941,"date":"2023-01-23T18:05:53","date_gmt":"2023-01-23T16:05:53","guid":{"rendered":"https:\/\/prosolvers.es\/?page_id=2941"},"modified":"2023-07-21T09:14:56","modified_gmt":"2023-07-21T07:14:56","slug":"p-olitica-de-cookies","status":"publish","type":"page","link":"https:\/\/prosolvers.es\/ca\/p-olitica-de-cookies\/","title":{"rendered":"POL\u00cdTICA DE COOKIES"},"content":{"rendered":"<div class=\"wpb-content-wrapper\">[vc_row full_width=&#8221;stretch_row&#8221; content_placement=&#8221;middle&#8221; full_height=&#8221;yes&#8221; css=&#8221;.vc_custom_1572445874797{padding-top: 100px !important;padding-bottom: 100px !important;background-color: #f5f6f6 !important;background-position: center !important;background-repeat: no-repeat !important;background-size: cover !important;}&#8221; local_scroll_id=&#8221;valores&#8221; el_id=&#8221;valores&#8221;][vc_column][vc_row_inner][vc_column_inner][vc_column_text el_class=&#8221;subtitol-seccio&#8221;]\n<h2 style=\"text-align: center;\">POL\u00cdTICA DE COOKIES<\/h2>\n[\/vc_column_text][vc_separator color=&#8221;custom&#8221; style=&#8221;dotted&#8221; el_width=&#8221;10&#8243; accent_color=&#8221;#0080a9&#8243; css=&#8221;.vc_custom_1572275682937{padding-top: 10px !important;padding-bottom: 50px !important;}&#8221;][vc_column_text el_class=&#8221;text&#8221;]\n<p class=\"p1\">Conforme al que es disposa en l&#8217;article 22.2 de la Llei 34\/2002, d&#8217;11 de juliol, de Serveis de la Societat de la Informaci\u00f3 i de Comer\u00e7 Electr\u00f2nic (LSSI-CE) vigent, PROJECT SOLVERS ASESSORES SL ha de complir amb l&#8217;obligaci\u00f3 d&#8217;informar sobre les cookies que utilitza i les seves finalitats.<\/p>\n<p>Aquest lloc web utilitza cookies i\/o tecnologies similars que emmagatzemen i recuperen informaci\u00f3 quan navegues. Les cookies permeten a una p\u00e0gina web, entre altres coses, emmagatzemar i recuperar informaci\u00f3 sobre els h\u00e0bits de navegaci\u00f3 d&#8217;un Usuari o del seu equip i, depenent de la informaci\u00f3 que contingui i de la forma en qu\u00e8 utilitzi el seu equip, poden utilitzar-se per a recon\u00e8ixer a l&#8217;Usuari.<\/p>\n<p>Les cookies s\u00f3n essencials per al funcionament d&#8217;internet, aportant innombrables avantatges en la prestaci\u00f3 de serveis interactius, facilitant-li a l&#8217;Usuari la navegaci\u00f3 i usabilitat de la nostra web.<\/p>\n<p>La informaci\u00f3 que li proporcionem a continuaci\u00f3 l&#8217;ajudar\u00e0 a comprendre els diferents tipus de cookies:<\/p>\n<p>De forma m\u00e9s especifica en aquesta p\u00e0gina trobarem:<\/p>\n<p>-COOKIES PR\u00d2PIES: S\u00f3n aquelles que s&#8217;envien a l&#8217;equip terminal de l&#8217;usuari des d&#8217;un equip o domini gestionat pel propi editor i des del qual es presta el servei sol\u00b7licitat per l&#8217;usuari<\/p>\n<p>&#8211; COOKIES DE TERCER: S\u00f3n aquelles que s&#8217;envien a l&#8217;equip terminal de l&#8217;usuari des d&#8217;un equip o domini que no \u00e9s gestionat per l&#8217;editor, sin\u00f3 per una altra entitat que tracta les dades obtingudes a trav\u00e9s de les cookies.<\/p>\n<p>&#8211; COOKIES DE SESSI\u00d3: S\u00f3n aquelles dissenyades per a recaptar i emmagatzemar dades mentre l&#8217;usuari accedeix a una p\u00e0gina web. Se solen emprar per a emmagatzemar informaci\u00f3 que nom\u00e9s interessa conservar per a la prestaci\u00f3 del servei sol\u00b7licitat per l&#8217;usuari en una sola ocasi\u00f3 (per exemple, una llista de productes adquirits) i desapareixen en acabar la sessi\u00f3<\/p>\n<p>&#8211; COOKIES PERSISTENTS: S\u00f3n aquelles en les quals les dades segueixen emmagatzemats en el terminal i poden ser accedits i tractats durant un per\u00edode definit pel responsable de la\u00a0cookie, i que pot anar d&#8217;uns minuts a diversos anys.<\/p>\n<p>-COOKIES T\u00c8CNIQUES: S\u00f3n aquelles que permeten a l&#8217;usuari la navegaci\u00f3 a trav\u00e9s d&#8217;una p\u00e0gina web, plataforma o aplicaci\u00f3 i la utilitzaci\u00f3 de les diferents opcions o serveis que en ella existeixin<\/p>\n<p>-COOKIES DE PERSONALITZACI\u00d3: Permeten aplicar caracter\u00edstiques pr\u00f2pies per a la navegaci\u00f3 de l&#8217;usuari pel website (Ex. idioma).<\/p>\n<p>-COOKIES D&#8217;AN\u00c0LISIS: S\u00f3n aquelles que permeten al responsable d&#8217;aquestes el seguiment i an\u00e0lisi del comportament dels usuaris dels llocs web als quals estan vinculades, inclosa la quantificaci\u00f3 dels impactes dels anuncis. La informaci\u00f3 recollida mitjan\u00e7ant aquesta mena de cookies s&#8217;utilitza en el mesurament de l&#8217;activitat dels llocs web, aplicaci\u00f3 o plataforma, amb la finalitat d&#8217;introduir millores en funci\u00f3 de l&#8217;an\u00e0lisi de les dades d&#8217;\u00fas que fan els usuaris del servei.<\/p>\n<p>-COOKIES PUBLICIT\u00c0RIES: Permeten a l&#8217;editor incloure en la p\u00e0gina web espais publicitaris, segons el contingut de la pr\u00f2pia web.<\/p>\n<p>-COOKIES DE PUBLICITAT COMPORTAMENTAL: S\u00f3n aquelles que emmagatzemen informaci\u00f3 del comportament dels usuaris obtinguda a trav\u00e9s de l&#8217;observaci\u00f3 continuada dels seus h\u00e0bits de navegaci\u00f3, la qual cosa permet desenvolupar un perfil espec\u00edfic per a mostrar publicitat en funci\u00f3 d&#8217;aquest.<\/p>\n<p>Pot informar-se de les transfer\u00e8ncies internacionals a tercers pa\u00efsos que, en el seu cas, realitzen els TERCERS, identificats en aquesta pol\u00edtica de cookies, en els seus corresponents pol\u00edtiques (fer clic damunt del titular de la\u00a0cookie).<\/p>\n<p>Tingui&#8217;s en compte que, si accepta les cookies de tercers, haur\u00e0 d&#8217;eliminar-les des de les opcions del navegador o des del sistema ofert pel propi tercer.<\/p>\n<p>A continuaci\u00f3, li proporcionem els enlla\u00e7os de diversos navegadors, a trav\u00e9s dels quals podr\u00e0 modificar la configuraci\u00f3 del seu navegador sobre l&#8217;\u00fas de cookies:<\/p>\n<p>Firefox: http:\/\/support.mozilla.org\/es\/kb\/habilitar-y-deshabilitar-cookies-que-los-sitios-we<\/p>\n<p>Chrome: http:\/\/support.google.com\/chrome\/bin\/answer.py?*hl=\u00e9s&amp;answer=95647<\/p>\n<p>Internet Explorer: http:\/\/windows.microsoft.com\/es-es\/internet-explorer\/delete-manage-cookies#ie=*ie-10<\/p>\n<p>Microsoft\u00a0Edge: https:\/\/support.microsoft.com\/es-es\/microsoft-edge\/eliminar-las-cookies-en-microsoft-edge-63947406-40ac-c3b8-57b9-2a946a29ae09<\/p>\n<p>Safari: https:\/\/support.apple.com\/kb\/ph17191?locale=es_es<\/p>\n<p>Opera: https:\/\/help.opera.com\/en\/latest\/web-preferences\/#cookies<\/p>\n<p>Per a con\u00e8ixer m\u00e9s informaci\u00f3 sobre el tractament de dades personals, li recomanem visitar el nostre apartat \u201cPol\u00edtica de Privacitat\u201d.<\/p>\n[\/vc_column_text][vc_column_text el_class=&#8221;text&#8221; css=&#8221;.vc_custom_1689923692911{padding-top: 25px !important;}&#8221;]\u00daltima actualitzaci\u00f3: 6 de juny de 2023[\/vc_column_text][vc_column_text el_class=&#8221;subtitol-seccio&#8221; css=&#8221;.vc_custom_1674492050585{padding-top: 25px !important;padding-bottom: 25px !important;}&#8221;]\n<h2 style=\"text-align: center;\">Consulta documentaci\u00f3 completa<\/h2>\n[\/vc_column_text][vc_column_text el_class=&#8221;text&#8221;]<a href=\"https:\/\/prosolvers.es\/wp-content\/uploads\/2023\/01\/M05_SeguridadRelacionTerceros.pdf\" target=\"_blank\" rel=\"noopener\">SEGURETAT EN LA RELACI\u00d3 AMB TERCERS<\/a>[\/vc_column_text][vc_column_text el_class=&#8221;text&#8221;]<a href=\"https:\/\/prosolvers.es\/wp-content\/uploads\/2023\/01\/M03_MedidasCumplimientoNormativo.pdf\" target=\"_blank\" rel=\"noopener\">MESURES PER AL COMPLIMENT NORMATIU<\/a>[\/vc_column_text][\/vc_column_inner][\/vc_row_inner][\/vc_column][\/vc_row]\n<\/div>","protected":false},"excerpt":{"rendered":"<p>[vc_row full_width=&#8221;stretch_row&#8221; content_placement=&#8221;middle&#8221; full_height=&#8221;yes&#8221; css=&#8221;.vc_custom_1572445874797{padding-top: 100px !important;padding-bottom: 100px !important;background-color: #f5f6f6 !important;background-position: center !important;background-repeat: no-repeat !important;background-size: cover !important;}&#8221; local_scroll_id=&#8221;valores&#8221; el_id=&#8221;valores&#8221;][vc_column][vc_row_inner][vc_column_inner][vc_column_text el_class=&#8221;subtitol-seccio&#8221;] POL\u00cdTICA DE COOKIES [\/vc_column_text][vc_separator color=&#8221;custom&#8221; style=&#8221;dotted&#8221; el_width=&#8221;10&#8243; accent_color=&#8221;#0080a9&#8243; css=&#8221;.vc_custom_1572275682937{padding-top: 10px !important;padding-bottom: 50px !important;}&#8221;][vc_column_text el_class=&#8221;text&#8221;] Conforme al que es disposa en l&#8217;article 22.2 de la Llei 34\/2002, d&#8217;11 de juliol, de Serveis de la Societat de&hellip;<\/p>\n","protected":false},"author":1,"featured_media":0,"parent":0,"menu_order":12,"comment_status":"closed","ping_status":"closed","template":"","meta":{"footnotes":""},"class_list":["post-2941","page","type-page","status-publish","hentry","entry","no-media"],"yoast_head":"<!-- This site is optimized with the Yoast SEO plugin v27.4 - https:\/\/yoast.com\/product\/yoast-seo-wordpress\/ -->\n<title>POL\u00cdTICA DE COOKIES - PROSOLVERS<\/title>\n<meta name=\"robots\" content=\"index, follow, max-snippet:-1, max-image-preview:large, max-video-preview:-1\" \/>\n<link rel=\"canonical\" href=\"https:\/\/prosolvers.es\/ca\/p-olitica-de-cookies\/\" \/>\n<meta property=\"og:locale\" content=\"ca_ES\" \/>\n<meta property=\"og:type\" content=\"article\" \/>\n<meta property=\"og:title\" content=\"POL\u00cdTICA DE COOKIES - PROSOLVERS\" \/>\n<meta property=\"og:description\" content=\"[vc_row full_width=&#8221;stretch_row&#8221; content_placement=&#8221;middle&#8221; full_height=&#8221;yes&#8221; css=&#8221;.vc_custom_1572445874797{padding-top: 100px !important;padding-bottom: 100px !important;background-color: #f5f6f6 !important;background-position: center !important;background-repeat: no-repeat !important;background-size: cover !important;}&#8221; local_scroll_id=&#8221;valores&#8221; el_id=&#8221;valores&#8221;][vc_column][vc_row_inner][vc_column_inner][vc_column_text el_class=&#8221;subtitol-seccio&#8221;] POL\u00cdTICA DE COOKIES [\/vc_column_text][vc_separator color=&#8221;custom&#8221; style=&#8221;dotted&#8221; el_width=&#8221;10&#8243; accent_color=&#8221;#0080a9&#8243; css=&#8221;.vc_custom_1572275682937{padding-top: 10px !important;padding-bottom: 50px !important;}&#8221;][vc_column_text el_class=&#8221;text&#8221;] Conforme al que es disposa en l&#8217;article 22.2 de la Llei 34\/2002, d&#8217;11 de juliol, de Serveis de la Societat de&hellip;\" \/>\n<meta property=\"og:url\" content=\"https:\/\/prosolvers.es\/ca\/p-olitica-de-cookies\/\" \/>\n<meta property=\"og:site_name\" content=\"PROSOLVERS\" \/>\n<meta property=\"article:modified_time\" content=\"2023-07-21T07:14:56+00:00\" \/>\n<meta name=\"twitter:card\" content=\"summary_large_image\" \/>\n<meta name=\"twitter:label1\" content=\"Temps estimat de lectura\" \/>\n\t<meta name=\"twitter:data1\" content=\"4 minuts\" \/>\n<script type=\"application\/ld+json\" class=\"yoast-schema-graph\">{\"@context\":\"https:\\\/\\\/schema.org\",\"@graph\":[{\"@type\":\"WebPage\",\"@id\":\"https:\\\/\\\/prosolvers.es\\\/ca\\\/p-olitica-de-cookies\\\/\",\"url\":\"https:\\\/\\\/prosolvers.es\\\/ca\\\/p-olitica-de-cookies\\\/\",\"name\":\"POL\u00cdTICA DE COOKIES - PROSOLVERS\",\"isPartOf\":{\"@id\":\"https:\\\/\\\/prosolvers.es\\\/#website\"},\"datePublished\":\"2023-01-23T16:05:53+00:00\",\"dateModified\":\"2023-07-21T07:14:56+00:00\",\"breadcrumb\":{\"@id\":\"https:\\\/\\\/prosolvers.es\\\/ca\\\/p-olitica-de-cookies\\\/#breadcrumb\"},\"inLanguage\":\"ca\",\"potentialAction\":[{\"@type\":\"ReadAction\",\"target\":[\"https:\\\/\\\/prosolvers.es\\\/ca\\\/p-olitica-de-cookies\\\/\"]}]},{\"@type\":\"BreadcrumbList\",\"@id\":\"https:\\\/\\\/prosolvers.es\\\/ca\\\/p-olitica-de-cookies\\\/#breadcrumb\",\"itemListElement\":[{\"@type\":\"ListItem\",\"position\":1,\"name\":\"Portada\",\"item\":\"https:\\\/\\\/prosolvers.es\\\/ca\\\/\"},{\"@type\":\"ListItem\",\"position\":2,\"name\":\"POL\u00cdTICA DE COOKIES\"}]},{\"@type\":\"WebSite\",\"@id\":\"https:\\\/\\\/prosolvers.es\\\/#website\",\"url\":\"https:\\\/\\\/prosolvers.es\\\/\",\"name\":\"PROSOLVERS\",\"description\":\"\",\"publisher\":{\"@id\":\"https:\\\/\\\/prosolvers.es\\\/#organization\"},\"potentialAction\":[{\"@type\":\"SearchAction\",\"target\":{\"@type\":\"EntryPoint\",\"urlTemplate\":\"https:\\\/\\\/prosolvers.es\\\/?s={search_term_string}\"},\"query-input\":{\"@type\":\"PropertyValueSpecification\",\"valueRequired\":true,\"valueName\":\"search_term_string\"}}],\"inLanguage\":\"ca\"},{\"@type\":\"Organization\",\"@id\":\"https:\\\/\\\/prosolvers.es\\\/#organization\",\"name\":\"PROSOLVERS\",\"url\":\"https:\\\/\\\/prosolvers.es\\\/\",\"logo\":{\"@type\":\"ImageObject\",\"inLanguage\":\"ca\",\"@id\":\"https:\\\/\\\/prosolvers.es\\\/#\\\/schema\\\/logo\\\/image\\\/\",\"url\":\"https:\\\/\\\/prosolvers.es\\\/wp-content\\\/uploads\\\/2019\\\/10\\\/LOGOTIPO-HEADER-PROSOLVERS-01.png\",\"contentUrl\":\"https:\\\/\\\/prosolvers.es\\\/wp-content\\\/uploads\\\/2019\\\/10\\\/LOGOTIPO-HEADER-PROSOLVERS-01.png\",\"width\":285,\"height\":285,\"caption\":\"PROSOLVERS\"},\"image\":{\"@id\":\"https:\\\/\\\/prosolvers.es\\\/#\\\/schema\\\/logo\\\/image\\\/\"}}]}<\/script>\n<!-- \/ Yoast SEO plugin. -->","yoast_head_json":{"title":"POL\u00cdTICA DE COOKIES - PROSOLVERS","robots":{"index":"index","follow":"follow","max-snippet":"max-snippet:-1","max-image-preview":"max-image-preview:large","max-video-preview":"max-video-preview:-1"},"canonical":"https:\/\/prosolvers.es\/ca\/p-olitica-de-cookies\/","og_locale":"ca_ES","og_type":"article","og_title":"POL\u00cdTICA DE COOKIES - PROSOLVERS","og_description":"[vc_row full_width=&#8221;stretch_row&#8221; content_placement=&#8221;middle&#8221; full_height=&#8221;yes&#8221; css=&#8221;.vc_custom_1572445874797{padding-top: 100px !important;padding-bottom: 100px !important;background-color: #f5f6f6 !important;background-position: center !important;background-repeat: no-repeat !important;background-size: cover !important;}&#8221; local_scroll_id=&#8221;valores&#8221; el_id=&#8221;valores&#8221;][vc_column][vc_row_inner][vc_column_inner][vc_column_text el_class=&#8221;subtitol-seccio&#8221;] POL\u00cdTICA DE COOKIES [\/vc_column_text][vc_separator color=&#8221;custom&#8221; style=&#8221;dotted&#8221; el_width=&#8221;10&#8243; accent_color=&#8221;#0080a9&#8243; css=&#8221;.vc_custom_1572275682937{padding-top: 10px !important;padding-bottom: 50px !important;}&#8221;][vc_column_text el_class=&#8221;text&#8221;] Conforme al que es disposa en l&#8217;article 22.2 de la Llei 34\/2002, d&#8217;11 de juliol, de Serveis de la Societat de&hellip;","og_url":"https:\/\/prosolvers.es\/ca\/p-olitica-de-cookies\/","og_site_name":"PROSOLVERS","article_modified_time":"2023-07-21T07:14:56+00:00","twitter_card":"summary_large_image","twitter_misc":{"Temps estimat de lectura":"4 minuts"},"schema":{"@context":"https:\/\/schema.org","@graph":[{"@type":"WebPage","@id":"https:\/\/prosolvers.es\/ca\/p-olitica-de-cookies\/","url":"https:\/\/prosolvers.es\/ca\/p-olitica-de-cookies\/","name":"POL\u00cdTICA DE COOKIES - PROSOLVERS","isPartOf":{"@id":"https:\/\/prosolvers.es\/#website"},"datePublished":"2023-01-23T16:05:53+00:00","dateModified":"2023-07-21T07:14:56+00:00","breadcrumb":{"@id":"https:\/\/prosolvers.es\/ca\/p-olitica-de-cookies\/#breadcrumb"},"inLanguage":"ca","potentialAction":[{"@type":"ReadAction","target":["https:\/\/prosolvers.es\/ca\/p-olitica-de-cookies\/"]}]},{"@type":"BreadcrumbList","@id":"https:\/\/prosolvers.es\/ca\/p-olitica-de-cookies\/#breadcrumb","itemListElement":[{"@type":"ListItem","position":1,"name":"Portada","item":"https:\/\/prosolvers.es\/ca\/"},{"@type":"ListItem","position":2,"name":"POL\u00cdTICA DE COOKIES"}]},{"@type":"WebSite","@id":"https:\/\/prosolvers.es\/#website","url":"https:\/\/prosolvers.es\/","name":"PROSOLVERS","description":"","publisher":{"@id":"https:\/\/prosolvers.es\/#organization"},"potentialAction":[{"@type":"SearchAction","target":{"@type":"EntryPoint","urlTemplate":"https:\/\/prosolvers.es\/?s={search_term_string}"},"query-input":{"@type":"PropertyValueSpecification","valueRequired":true,"valueName":"search_term_string"}}],"inLanguage":"ca"},{"@type":"Organization","@id":"https:\/\/prosolvers.es\/#organization","name":"PROSOLVERS","url":"https:\/\/prosolvers.es\/","logo":{"@type":"ImageObject","inLanguage":"ca","@id":"https:\/\/prosolvers.es\/#\/schema\/logo\/image\/","url":"https:\/\/prosolvers.es\/wp-content\/uploads\/2019\/10\/LOGOTIPO-HEADER-PROSOLVERS-01.png","contentUrl":"https:\/\/prosolvers.es\/wp-content\/uploads\/2019\/10\/LOGOTIPO-HEADER-PROSOLVERS-01.png","width":285,"height":285,"caption":"PROSOLVERS"},"image":{"@id":"https:\/\/prosolvers.es\/#\/schema\/logo\/image\/"}}]}},"_links":{"self":[{"href":"https:\/\/prosolvers.es\/ca\/wp-json\/wp\/v2\/pages\/2941","targetHints":{"allow":["GET"]}}],"collection":[{"href":"https:\/\/prosolvers.es\/ca\/wp-json\/wp\/v2\/pages"}],"about":[{"href":"https:\/\/prosolvers.es\/ca\/wp-json\/wp\/v2\/types\/page"}],"author":[{"embeddable":true,"href":"https:\/\/prosolvers.es\/ca\/wp-json\/wp\/v2\/users\/1"}],"replies":[{"embeddable":true,"href":"https:\/\/prosolvers.es\/ca\/wp-json\/wp\/v2\/comments?post=2941"}],"version-history":[{"count":11,"href":"https:\/\/prosolvers.es\/ca\/wp-json\/wp\/v2\/pages\/2941\/revisions"}],"predecessor-version":[{"id":4407,"href":"https:\/\/prosolvers.es\/ca\/wp-json\/wp\/v2\/pages\/2941\/revisions\/4407"}],"wp:attachment":[{"href":"https:\/\/prosolvers.es\/ca\/wp-json\/wp\/v2\/media?parent=2941"}],"curies":[{"name":"wp","href":"https:\/\/api.w.org\/{rel}","templated":true}]}}