{"id":4306,"date":"2023-07-07T11:50:18","date_gmt":"2023-07-07T09:50:18","guid":{"rendered":"https:\/\/prosolvers.es\/?page_id=4306"},"modified":"2023-07-07T13:35:48","modified_gmt":"2023-07-07T11:35:48","slug":"transformacio-digital-i-la-implantacio-de-la-metodologia-bim","status":"publish","type":"page","link":"https:\/\/prosolvers.es\/ca\/transformacio-digital-i-la-implantacio-de-la-metodologia-bim\/","title":{"rendered":"Transformaci\u00f3 digital i la implantaci\u00f3 de la metodologia BIM"},"content":{"rendered":"<div class=\"wpb-content-wrapper\">[vc_row full_width=&#8221;stretch_row&#8221; content_placement=&#8221;middle&#8221; full_height=&#8221;yes&#8221; css=&#8221;.vc_custom_1572445874797{padding-top: 100px !important;padding-bottom: 100px !important;background-color: #f5f6f6 !important;background-position: center !important;background-repeat: no-repeat !important;background-size: cover !important;}&#8221; local_scroll_id=&#8221;valores&#8221; el_id=&#8221;valores&#8221;][vc_column][vc_column_text el_class=&#8221;titol-seccio&#8221; css=&#8221;.vc_custom_1688722749635{padding-bottom: 50px !important;}&#8221;]\n<h1 style=\"text-align: center;\">Transformaci\u00f3 digital i la implantaci\u00f3 de la metodologia BIM<\/h1>\n[\/vc_column_text][vc_column_text el_class=&#8221;text&#8221;]L&#8217;aposta decidida de PROSOLVERS per la transformaci\u00f3 digital i l&#8217;adopci\u00f3 de la metodologia BIM est\u00e0 recolzada pel nostre comprom\u00eds amb la qualitat. Sabem que l&#8217;alt nivell de qualitat dels projectes per als nostres clients \u00e9s el motor que impulsa la nostra implementaci\u00f3 de BIM en la rutina de treball. Estem compromesos a superar les expectatives, brindant solucions personalitzades i d&#8217;alt valor afegit, que maximitzin l&#8217;\u00e8xit i la satisfacci\u00f3 dels nostres clients. [\/vc_column_text][vc_single_image image=&#8221;4336&#8243; alignment=&#8221;center&#8221; css=&#8221;.vc_custom_1688728942921{padding-top: 25px !important;padding-bottom: 25px !important;}&#8221;][vc_column_text el_class=&#8221;text&#8221;]El nostre comprom\u00eds indestructible amb la qualitat ens ha portat a adoptar de manera decidida i definitiva la metodologia BIM en la nostra rutina de treball. Reconeixem que l&#8217;alt nivell de qualitat dels projectes lliurats als nostres clients \u00e9s fonamental per al seu \u00e8xit i satisfacci\u00f3. Per aix\u00f2, ens esforcem a utilitzar BIM com una eina poderosa que ens permet aconseguir est\u00e0ndards superiors en els nostres enc\u00e0rrecs.[\/vc_column_text][vc_column_text el_class=&#8221;text&#8221;]En el centre de les decisions estrat\u00e8giques i operatives de PROSOLVERS sempre est\u00e0 l&#8217;aportaci\u00f3 de valor al client. Sabem que el seu \u00e8xit \u00e9s el nostre \u00e8xit, per la qual cosa ens enfoquem i esforcem a comprendre els seus desafiaments i metes, buscant constantment superar les seves expectatives. La metodologia BIM ens permet oferir solucions innovadores i eficients que s&#8217;adapten a les necessitats espec\u00edfiques de cada projecte, millorant notablement els resultats finals[\/vc_column_text][vc_single_image image=&#8221;4340&#8243; alignment=&#8221;center&#8221; css=&#8221;.vc_custom_1688729018606{padding-top: 25px !important;padding-bottom: 25px !important;}&#8221;][vc_column_text el_class=&#8221;text&#8221;]Un dels aspectes m\u00e9s destacats del potencial de la metodologia BIM \u00e9s la seva aplicaci\u00f3 al llarg de tot el cicle de vida de les infraestructures. Som molt conscients de l&#8217;enorme valor que aix\u00f2 representa, especialment en l&#8217;\u00e0mbit del manteniment i les operacions. Som molt conscients que es requereix una gran quantitat de recursos intel\u00b7lectuals, digitals i econ\u00f2mics, i ens comprometem a estar a l&#8217;avantguarda, oferint solucions BIM que optimitzin la gesti\u00f3 i el rendiment de les infraestructures a llarg termini.[\/vc_column_text][vc_single_image image=&#8221;4347&#8243; alignment=&#8221;center&#8221; css=&#8221;.vc_custom_1688729631972{padding-top: 25px !important;padding-bottom: 25px !important;}&#8221;][vc_column_text el_class=&#8221;text&#8221;]La nostra ra\u00f3 de ser com a companyia d&#8217;enginyeria \u00e9s la millora cont\u00ednua de la qualitat en els nostres serveis. Considerem que BIM \u00e9s una eina clau per a aconseguir aquest objectiu, per la qual cosa ens esforcem a implementar les millors pr\u00e0ctiques i a mantenir-nos actualitzats en les \u00faltimes tend\u00e8ncies i avan\u00e7os en la metodologia BIM. Estem compromesos a oferir projectes de la m\u00e9s alta qualitat, que destaquin per la seva precisi\u00f3, efici\u00e8ncia i excel\u00b7l\u00e8ncia t\u00e8cnica. [\/vc_column_text][vc_single_image image=&#8221;4343&#8243; alignment=&#8221;center&#8221; css=&#8221;.vc_custom_1688729744127{padding-top: 25px !important;padding-bottom: 25px !important;}&#8221;][vc_column_text el_class=&#8221;text&#8221;]PROJECT SOLVERS \u00e9s soci de BuildingSmart Spanish Chapter (Construcci\u00f3, Project Management i Fabricants de Productes) [\/vc_column_text][vc_single_image image=&#8221;4323&#8243; img_size=&#8221;medium&#8221; alignment=&#8221;center&#8221; css=&#8221;.vc_custom_1688729732400{padding-top: 25px !important;padding-bottom: 25px !important;}&#8221;][\/vc_column][\/vc_row]\n<\/div>","protected":false},"excerpt":{"rendered":"<p>[vc_row full_width=&#8221;stretch_row&#8221; content_placement=&#8221;middle&#8221; full_height=&#8221;yes&#8221; css=&#8221;.vc_custom_1572445874797{padding-top: 100px !important;padding-bottom: 100px !important;background-color: #f5f6f6 !important;background-position: center !important;background-repeat: no-repeat !important;background-size: cover !important;}&#8221; local_scroll_id=&#8221;valores&#8221; el_id=&#8221;valores&#8221;][vc_column][vc_column_text el_class=&#8221;titol-seccio&#8221; css=&#8221;.vc_custom_1688722749635{padding-bottom: 50px !important;}&#8221;] Transformaci\u00f3 digital i la implantaci\u00f3 de la metodologia BIM [\/vc_column_text][vc_column_text el_class=&#8221;text&#8221;]L&#8217;aposta decidida de PROSOLVERS per la transformaci\u00f3 digital i l&#8217;adopci\u00f3 de la metodologia BIM est\u00e0 recolzada pel nostre comprom\u00eds amb la qualitat.&hellip;<\/p>\n","protected":false},"author":1,"featured_media":0,"parent":0,"menu_order":16,"comment_status":"closed","ping_status":"closed","template":"","meta":{"footnotes":""},"class_list":["post-4306","page","type-page","status-publish","hentry","entry","no-media"],"yoast_head":"<!-- This site is optimized with the Yoast SEO plugin v27.4 - https:\/\/yoast.com\/product\/yoast-seo-wordpress\/ -->\n<title>Transformaci\u00f3 digital i la implantaci\u00f3 de la metodologia BIM - PROSOLVERS<\/title>\n<meta name=\"robots\" content=\"index, follow, max-snippet:-1, max-image-preview:large, max-video-preview:-1\" \/>\n<link rel=\"canonical\" href=\"https:\/\/prosolvers.es\/ca\/transformacio-digital-i-la-implantacio-de-la-metodologia-bim\/\" \/>\n<meta property=\"og:locale\" content=\"ca_ES\" \/>\n<meta property=\"og:type\" content=\"article\" \/>\n<meta property=\"og:title\" content=\"Transformaci\u00f3 digital i la implantaci\u00f3 de la metodologia BIM - PROSOLVERS\" \/>\n<meta property=\"og:description\" content=\"[vc_row full_width=&#8221;stretch_row&#8221; content_placement=&#8221;middle&#8221; full_height=&#8221;yes&#8221; css=&#8221;.vc_custom_1572445874797{padding-top: 100px !important;padding-bottom: 100px !important;background-color: #f5f6f6 !important;background-position: center !important;background-repeat: no-repeat !important;background-size: cover !important;}&#8221; local_scroll_id=&#8221;valores&#8221; el_id=&#8221;valores&#8221;][vc_column][vc_column_text el_class=&#8221;titol-seccio&#8221; css=&#8221;.vc_custom_1688722749635{padding-bottom: 50px !important;}&#8221;] Transformaci\u00f3 digital i la implantaci\u00f3 de la metodologia BIM [\/vc_column_text][vc_column_text el_class=&#8221;text&#8221;]L&#8217;aposta decidida de PROSOLVERS per la transformaci\u00f3 digital i l&#8217;adopci\u00f3 de la metodologia BIM est\u00e0 recolzada pel nostre comprom\u00eds amb la qualitat.&hellip;\" \/>\n<meta property=\"og:url\" content=\"https:\/\/prosolvers.es\/ca\/transformacio-digital-i-la-implantacio-de-la-metodologia-bim\/\" \/>\n<meta property=\"og:site_name\" content=\"PROSOLVERS\" \/>\n<meta property=\"article:modified_time\" content=\"2023-07-07T11:35:48+00:00\" \/>\n<meta name=\"twitter:card\" content=\"summary_large_image\" \/>\n<meta name=\"twitter:label1\" content=\"Temps estimat de lectura\" \/>\n\t<meta name=\"twitter:data1\" content=\"3 minuts\" \/>\n<script type=\"application\/ld+json\" class=\"yoast-schema-graph\">{\"@context\":\"https:\\\/\\\/schema.org\",\"@graph\":[{\"@type\":\"WebPage\",\"@id\":\"https:\\\/\\\/prosolvers.es\\\/ca\\\/transformacio-digital-i-la-implantacio-de-la-metodologia-bim\\\/\",\"url\":\"https:\\\/\\\/prosolvers.es\\\/ca\\\/transformacio-digital-i-la-implantacio-de-la-metodologia-bim\\\/\",\"name\":\"Transformaci\u00f3 digital i la implantaci\u00f3 de la metodologia BIM - PROSOLVERS\",\"isPartOf\":{\"@id\":\"https:\\\/\\\/prosolvers.es\\\/#website\"},\"datePublished\":\"2023-07-07T09:50:18+00:00\",\"dateModified\":\"2023-07-07T11:35:48+00:00\",\"breadcrumb\":{\"@id\":\"https:\\\/\\\/prosolvers.es\\\/ca\\\/transformacio-digital-i-la-implantacio-de-la-metodologia-bim\\\/#breadcrumb\"},\"inLanguage\":\"ca\",\"potentialAction\":[{\"@type\":\"ReadAction\",\"target\":[\"https:\\\/\\\/prosolvers.es\\\/ca\\\/transformacio-digital-i-la-implantacio-de-la-metodologia-bim\\\/\"]}]},{\"@type\":\"BreadcrumbList\",\"@id\":\"https:\\\/\\\/prosolvers.es\\\/ca\\\/transformacio-digital-i-la-implantacio-de-la-metodologia-bim\\\/#breadcrumb\",\"itemListElement\":[{\"@type\":\"ListItem\",\"position\":1,\"name\":\"Portada\",\"item\":\"https:\\\/\\\/prosolvers.es\\\/ca\\\/\"},{\"@type\":\"ListItem\",\"position\":2,\"name\":\"Transformaci\u00f3 digital i la implantaci\u00f3 de la metodologia BIM\"}]},{\"@type\":\"WebSite\",\"@id\":\"https:\\\/\\\/prosolvers.es\\\/#website\",\"url\":\"https:\\\/\\\/prosolvers.es\\\/\",\"name\":\"PROSOLVERS\",\"description\":\"\",\"publisher\":{\"@id\":\"https:\\\/\\\/prosolvers.es\\\/#organization\"},\"potentialAction\":[{\"@type\":\"SearchAction\",\"target\":{\"@type\":\"EntryPoint\",\"urlTemplate\":\"https:\\\/\\\/prosolvers.es\\\/?s={search_term_string}\"},\"query-input\":{\"@type\":\"PropertyValueSpecification\",\"valueRequired\":true,\"valueName\":\"search_term_string\"}}],\"inLanguage\":\"ca\"},{\"@type\":\"Organization\",\"@id\":\"https:\\\/\\\/prosolvers.es\\\/#organization\",\"name\":\"PROSOLVERS\",\"url\":\"https:\\\/\\\/prosolvers.es\\\/\",\"logo\":{\"@type\":\"ImageObject\",\"inLanguage\":\"ca\",\"@id\":\"https:\\\/\\\/prosolvers.es\\\/#\\\/schema\\\/logo\\\/image\\\/\",\"url\":\"https:\\\/\\\/prosolvers.es\\\/wp-content\\\/uploads\\\/2019\\\/10\\\/LOGOTIPO-HEADER-PROSOLVERS-01.png\",\"contentUrl\":\"https:\\\/\\\/prosolvers.es\\\/wp-content\\\/uploads\\\/2019\\\/10\\\/LOGOTIPO-HEADER-PROSOLVERS-01.png\",\"width\":285,\"height\":285,\"caption\":\"PROSOLVERS\"},\"image\":{\"@id\":\"https:\\\/\\\/prosolvers.es\\\/#\\\/schema\\\/logo\\\/image\\\/\"}}]}<\/script>\n<!-- \/ Yoast SEO plugin. -->","yoast_head_json":{"title":"Transformaci\u00f3 digital i la implantaci\u00f3 de la metodologia BIM - PROSOLVERS","robots":{"index":"index","follow":"follow","max-snippet":"max-snippet:-1","max-image-preview":"max-image-preview:large","max-video-preview":"max-video-preview:-1"},"canonical":"https:\/\/prosolvers.es\/ca\/transformacio-digital-i-la-implantacio-de-la-metodologia-bim\/","og_locale":"ca_ES","og_type":"article","og_title":"Transformaci\u00f3 digital i la implantaci\u00f3 de la metodologia BIM - PROSOLVERS","og_description":"[vc_row full_width=&#8221;stretch_row&#8221; content_placement=&#8221;middle&#8221; full_height=&#8221;yes&#8221; css=&#8221;.vc_custom_1572445874797{padding-top: 100px !important;padding-bottom: 100px !important;background-color: #f5f6f6 !important;background-position: center !important;background-repeat: no-repeat !important;background-size: cover !important;}&#8221; local_scroll_id=&#8221;valores&#8221; el_id=&#8221;valores&#8221;][vc_column][vc_column_text el_class=&#8221;titol-seccio&#8221; css=&#8221;.vc_custom_1688722749635{padding-bottom: 50px !important;}&#8221;] Transformaci\u00f3 digital i la implantaci\u00f3 de la metodologia BIM [\/vc_column_text][vc_column_text el_class=&#8221;text&#8221;]L&#8217;aposta decidida de PROSOLVERS per la transformaci\u00f3 digital i l&#8217;adopci\u00f3 de la metodologia BIM est\u00e0 recolzada pel nostre comprom\u00eds amb la qualitat.&hellip;","og_url":"https:\/\/prosolvers.es\/ca\/transformacio-digital-i-la-implantacio-de-la-metodologia-bim\/","og_site_name":"PROSOLVERS","article_modified_time":"2023-07-07T11:35:48+00:00","twitter_card":"summary_large_image","twitter_misc":{"Temps estimat de lectura":"3 minuts"},"schema":{"@context":"https:\/\/schema.org","@graph":[{"@type":"WebPage","@id":"https:\/\/prosolvers.es\/ca\/transformacio-digital-i-la-implantacio-de-la-metodologia-bim\/","url":"https:\/\/prosolvers.es\/ca\/transformacio-digital-i-la-implantacio-de-la-metodologia-bim\/","name":"Transformaci\u00f3 digital i la implantaci\u00f3 de la metodologia BIM - PROSOLVERS","isPartOf":{"@id":"https:\/\/prosolvers.es\/#website"},"datePublished":"2023-07-07T09:50:18+00:00","dateModified":"2023-07-07T11:35:48+00:00","breadcrumb":{"@id":"https:\/\/prosolvers.es\/ca\/transformacio-digital-i-la-implantacio-de-la-metodologia-bim\/#breadcrumb"},"inLanguage":"ca","potentialAction":[{"@type":"ReadAction","target":["https:\/\/prosolvers.es\/ca\/transformacio-digital-i-la-implantacio-de-la-metodologia-bim\/"]}]},{"@type":"BreadcrumbList","@id":"https:\/\/prosolvers.es\/ca\/transformacio-digital-i-la-implantacio-de-la-metodologia-bim\/#breadcrumb","itemListElement":[{"@type":"ListItem","position":1,"name":"Portada","item":"https:\/\/prosolvers.es\/ca\/"},{"@type":"ListItem","position":2,"name":"Transformaci\u00f3 digital i la implantaci\u00f3 de la metodologia BIM"}]},{"@type":"WebSite","@id":"https:\/\/prosolvers.es\/#website","url":"https:\/\/prosolvers.es\/","name":"PROSOLVERS","description":"","publisher":{"@id":"https:\/\/prosolvers.es\/#organization"},"potentialAction":[{"@type":"SearchAction","target":{"@type":"EntryPoint","urlTemplate":"https:\/\/prosolvers.es\/?s={search_term_string}"},"query-input":{"@type":"PropertyValueSpecification","valueRequired":true,"valueName":"search_term_string"}}],"inLanguage":"ca"},{"@type":"Organization","@id":"https:\/\/prosolvers.es\/#organization","name":"PROSOLVERS","url":"https:\/\/prosolvers.es\/","logo":{"@type":"ImageObject","inLanguage":"ca","@id":"https:\/\/prosolvers.es\/#\/schema\/logo\/image\/","url":"https:\/\/prosolvers.es\/wp-content\/uploads\/2019\/10\/LOGOTIPO-HEADER-PROSOLVERS-01.png","contentUrl":"https:\/\/prosolvers.es\/wp-content\/uploads\/2019\/10\/LOGOTIPO-HEADER-PROSOLVERS-01.png","width":285,"height":285,"caption":"PROSOLVERS"},"image":{"@id":"https:\/\/prosolvers.es\/#\/schema\/logo\/image\/"}}]}},"_links":{"self":[{"href":"https:\/\/prosolvers.es\/ca\/wp-json\/wp\/v2\/pages\/4306","targetHints":{"allow":["GET"]}}],"collection":[{"href":"https:\/\/prosolvers.es\/ca\/wp-json\/wp\/v2\/pages"}],"about":[{"href":"https:\/\/prosolvers.es\/ca\/wp-json\/wp\/v2\/types\/page"}],"author":[{"embeddable":true,"href":"https:\/\/prosolvers.es\/ca\/wp-json\/wp\/v2\/users\/1"}],"replies":[{"embeddable":true,"href":"https:\/\/prosolvers.es\/ca\/wp-json\/wp\/v2\/comments?post=4306"}],"version-history":[{"count":12,"href":"https:\/\/prosolvers.es\/ca\/wp-json\/wp\/v2\/pages\/4306\/revisions"}],"predecessor-version":[{"id":4352,"href":"https:\/\/prosolvers.es\/ca\/wp-json\/wp\/v2\/pages\/4306\/revisions\/4352"}],"wp:attachment":[{"href":"https:\/\/prosolvers.es\/ca\/wp-json\/wp\/v2\/media?parent=4306"}],"curies":[{"name":"wp","href":"https:\/\/api.w.org\/{rel}","templated":true}]}}