{"id":4375,"date":"2023-07-17T07:41:21","date_gmt":"2023-07-17T05:41:21","guid":{"rendered":"https:\/\/prosolvers.es\/?page_id=4375"},"modified":"2023-07-17T08:50:57","modified_gmt":"2023-07-17T06:50:57","slug":"politica-de-privacitat","status":"publish","type":"page","link":"https:\/\/prosolvers.es\/ca\/politica-de-privacitat\/","title":{"rendered":"POL\u00cdTICA DE PRIVACITAT"},"content":{"rendered":"<div class=\"wpb-content-wrapper\">[vc_row full_width=&#8221;stretch_row&#8221; content_placement=&#8221;middle&#8221; full_height=&#8221;yes&#8221; css=&#8221;.vc_custom_1572445874797{padding-top: 100px !important;padding-bottom: 100px !important;background-color: #f5f6f6 !important;background-position: center !important;background-repeat: no-repeat !important;background-size: cover !important;}&#8221; local_scroll_id=&#8221;valores&#8221; el_id=&#8221;valores&#8221;][vc_column][vc_row_inner][vc_column_inner][vc_column_text el_class=&#8221;subtitol-seccio&#8221;]\n<h2 style=\"text-align: center;\">POL\u00cdTICA DE PRIVACITAT<\/h2>\n[\/vc_column_text][vc_separator color=&#8221;custom&#8221; style=&#8221;dotted&#8221; el_width=&#8221;10&#8243; accent_color=&#8221;#0080a9&#8243; css=&#8221;.vc_custom_1572275682937{padding-top: 10px !important;padding-bottom: 50px !important;}&#8221;][vc_column_text el_class=&#8221;text&#8221;]Dades del propietari de la web:<br \/>\nRA\u00d3 SOCIAL<br \/>\nPROJECT SOLVERS ASESORES SL<br \/>\nNIF<br \/>\nB57973810<br \/>\nDOMINI<br \/>\nprosolvers.es<br \/>\nDIRECCI\u00d3 POSTAL<br \/>\nPARELADES, 12 A, 2\u00ba OFICINA 33,07003 PALMA DE MALLORCA(ILLES BALEARS)<br \/>\nDIRECCI\u00d3 ELECTR\u00d2NICA<br \/>\ninfo@prosolvers.es<br \/>\nTEL\u00c8FONS<br \/>\n871531179<br \/>\nN\u00ba REGISTRE\/ DADES ADICIONALS[\/vc_column_text][vc_column_text el_class=&#8221;subtitol-seccio&#8221;]\n<h2 style=\"text-align: center;\">Drets dels interessats<\/h2>\n[\/vc_column_text][vc_column_text el_class=&#8221;text&#8221;]\n<p class=\"p1\">PROJECT SOLVERS ASESORES SL informa els Usuaris que, podr\u00e0 exercir els drets d&#8217;acc\u00e9s, rectificaci\u00f3, limitaci\u00f3, supressi\u00f3, portabilitat, oposici\u00f3 al tractament de les seves dades de car\u00e0cter personal i el dret a no ser objecte de decisions automatitzades, inclosa l&#8217;elaboraci\u00f3 de perfils, davant el Responsable del Tractament, aix\u00ed com a la retirada del consentiment prestat.<\/p>\n<p class=\"p1\"><b>Dret d&#8217;Acc\u00e9s<\/b>: \u00c9s el dret de l&#8217;usuari a obtenir confirmaci\u00f3 sobre si s&#8217;estan tractant les seves dades i, en tal cas, les concretes dades personals tractats i la informaci\u00f3 legal del tractament (finalitats, base legitimadora, terminis de conservaci\u00f3, cessions, origen de les dades, etc.).<\/p>\n<p class=\"p1\"><b>Dret de Rectificaci\u00f3<\/b>: \u00c9s el dret de l&#8217;afectat al fet que es modifiquin les dades que resultin ser inexactes o incomplets. En relaci\u00f3 a la p\u00e0gina web, nom\u00e9s podr\u00e0 satisfer-se en relaci\u00f3 a aquella informaci\u00f3 que es trobi sota el control del lloc web, per exemple, eliminar comentaris publicats en la pr\u00f2pia p\u00e0gina, imatges o continguts web on constin dades de car\u00e0cter personal de l&#8217;usuari.<\/p>\n<p class=\"p1\"><b>Dret a la Limitaci\u00f3 de tractament<\/b>: \u00c9s el dret al fet que es limitin els fins del tractament previstos de manera original pel responsable del tractament en determinats suposats.<\/p>\n<p class=\"p1\"><b>Dret de Supressi\u00f3<\/b>: \u00c9s el dret a suprimir les dades de car\u00e0cter personal de l&#8217;usuari, a excepci\u00f3 del que es preveu en el propi RGPD (llibertat d&#8217;expressi\u00f3 i informaci\u00f3, obligacions de conservaci\u00f3, formulaci\u00f3, exercici o defensa de reclamacions, etc.).<\/p>\n<p class=\"p1\"><b>Dret a la Portabilitat<\/b>: El dret a rebre les dades personals que l&#8217;usuari hagi facilitat, en un format estructurat, d&#8217;\u00fas com\u00fa i lectura mec\u00e0nica, i a transmetre&#8217;ls a un altre responsable quan<\/p>\n<p class=\"p1\">el tractament est\u00e0 basat en el consentiment o en l&#8217;execuci\u00f3 d&#8217;un contracte i s&#8217;efectu\u00ef per mitjans automatitzats.<\/p>\n<p class=\"p1\"><b>Dret d&#8217;Oposici\u00f3<\/b>: \u00c9s el dret de l&#8217;usuari al fet que no es dugui a terme el tractament de les seves dades de car\u00e0cter personal o se cessi el tractament dels mateixos per part del lloc web quan el tractament estigui basat en l&#8217;inter\u00e8s leg\u00edtim o l&#8217;inter\u00e8s p\u00fablic o quan es tracti de tractaments de m\u00e0rqueting directe.<\/p>\n<p class=\"p1\"><b>Dret a no ser objecte de decisions automatitzades, inclosa l&#8217;elaboraci\u00f3 de perfils<\/b>: Quan el tractament no \u00e9s necessari per a la celebraci\u00f3 o execuci\u00f3 d&#8217;un contracte, ni est\u00e0 autoritzada pel Dret de la Uni\u00f3 Europea o dels Estats membres ni es basa en el consentiment, t\u00e9 dret a no ser objecte d&#8217;una decisi\u00f3 basada \u00fanicament en el tractament automatitzat, inclosa l&#8217;elaboraci\u00f3 de perfils, que produeixi efectes jur\u00eddics o l&#8217;afecti significativament de manera similar.<\/p>\n<p class=\"p1\"><b>Dret a retirar el consentiment<\/b>: Per a qualsevol tractament basat en el seu consentiment, t\u00e9 dret a retirar-ho, en qualsevol moment i de manera gratu\u00efta.<\/p>\n<p class=\"p1\">Per a exercir qualsevol dels drets en mat\u00e8ria de protecci\u00f3 de dades descrites anteriorment haur\u00e0 de seguir les seg\u00fcents indicacions:<\/p>\n<p class=\"p1\">Presentaci\u00f3 d&#8217;un escrit a l&#8217;adre\u00e7a PARELADES, 12 A, 2n OFICINA 33,07003 PALMA(ILLES BALEARS) (a l&#8217;atenci\u00f3 de PROJECT SOLVERS ASESORES SL) o b\u00e9 a trav\u00e9s de correu electr\u00f2nic per correu electr\u00f2nic a info@prosolvers.es .<\/p>\n<p class=\"p1\">l&#8217;exercici de drets haur\u00e0 de tenir en compte el seg\u00fcent:<\/p>\n<p class=\"p1\"><span class=\"s1\">o <\/span>Haur\u00e0 d&#8217;identificar-se fefaentment i, en el cas que concorrin dubtes sobre la identitat del sol\u00b7licitant, se li sol\u00b7licitar\u00e0 que esmeni la petici\u00f3 (p. ex. sol\u00b7licitant m\u00e9s informaci\u00f3, com el n\u00famero de DNI, el document del DNI, el correu electr\u00f2nic que va aportar, etc.)<\/p>\n<p class=\"p1\"><span class=\"s1\">o <\/span>La sol\u00b7licitud pot realitzar-la el representant, legal o voluntari, quan aquest estigui degudament identificat i autoritzat pel titular de les dades (mitjan\u00e7ant una autoritzaci\u00f3 expressa del titular per a exercir els drets personal\u00edssims regulats en la normativa en mat\u00e8ria de protecci\u00f3 de dades personals).<\/p>\n<p class=\"p1\"><span class=\"s1\">o <\/span> Petici\u00f3 en qu\u00e8 es concreta la sol\u00b7licitud (Dret\/s que es pret\u00e9n\/en exercir). Si no hace referencia a un tratamiento concreto se le facilitar\u00e1 respuesta en Si no fa refer\u00e8ncia a un tractament concret se li facilitar\u00e0 resposta en relaci\u00f3 a tots els tractaments que afecten les seves dades de car\u00e0cter personal. Si sol\u00b7licita informaci\u00f3 d&#8217;un tractament en concret, nom\u00e9s la informaci\u00f3 d&#8217;aquest. Si ho sol\u00b7licita per tel\u00e8fon se li indicar\u00e0 que ho faci per escrit i se l&#8217;informar\u00e0 de com ho pot fer i l&#8217;adre\u00e7a a la qual ha d&#8217;enviar-ho. Mai se li donar\u00e0 informaci\u00f3 per tel\u00e8fon.<\/p>\n<p class=\"p1\"><span class=\"s1\">o <\/span>Adre\u00e7a postal o electr\u00f2nica a l&#8217;efecte de notificacions.<\/p>\n<p class=\"p1\"><span class=\"s1\">o <\/span>Documents acreditatius de la petici\u00f3 que formula, en cas que siguin necessaris.<\/p>\n<p class=\"p1\"><span class=\"s1\">o <\/span> La persona sol\u00b7licitant ha d&#8217;utilitzar qualsevol mitj\u00e0 que permeti acreditar l&#8217;enviament i la recepci\u00f3 de la sol\u00b7licitud.<\/p>\n<p class=\"p1\">Finalment, l&#8217;informem que t\u00e9 dret a presentar una reclamaci\u00f3 davant l&#8217;Ag\u00e8ncia Espanyola de Protecci\u00f3 de Dades en cas que tingui coneixement o consideri que un fet pugui suposar un incompliment de la normativa aplicable en mat\u00e8ria de protecci\u00f3 de dades. PROJECT SOLVERS ASESORES SL es compromet a adoptar les mesures t\u00e8cniques i organitzatives necess\u00e0ries, concorde al nivell de riscos que acompanyen els tractaments realitzats per aquestes i indicats en l&#8217;apartat dels termes i condicions d&#8217;\u00fas, de manera que garanteixin la seva integritat, confidencialitat i disponibilitat.<\/p>\n[\/vc_column_text][vc_column_text el_class=&#8221;text&#8221; css=&#8221;.vc_custom_1674491841191{padding-top: 25px !important;}&#8221;]\u00daltima actualitzaci\u00f3: 17 de gener de 2023[\/vc_column_text][\/vc_column_inner][\/vc_row_inner][vc_row_inner][vc_column_inner][vc_column_text el_class=&#8221;subtitol-seccio&#8221;]\n<h2 style=\"text-align: center;\">POL\u00cdTICA DE PRIVACITAT DE XARXES SOCIALS<\/h2>\n[\/vc_column_text][vc_separator color=&#8221;custom&#8221; style=&#8221;dotted&#8221; el_width=&#8221;10&#8243; accent_color=&#8221;#0080a9&#8243; css=&#8221;.vc_custom_1572275682937{padding-top: 10px !important;padding-bottom: 50px !important;}&#8221;][vc_column_text el_class=&#8221;text&#8221;]\n<p class=\"p1\">De conformitat amb el que s&#8217;estableix en la normativa vigent i aplicable de protecci\u00f3 de dades de car\u00e0cter personal i la Llei 34\/2002, d&#8217;11 de juliol, de Serveis de la Societat de la Informaci\u00f3 i de Comer\u00e7 Electr\u00f2nic (LSSI-CE), PROJECT SOLVERS ASESORES SL informa els usuaris, que ha procedit a crear un perfil en la\/s Xarxa\/\u00e9s Social\/\u00e9s Instagram, Linkedin, Youtube, amb la finalitat principal de publicitar els seus productes i serveis. Dades de PROJECT SOLVERS ASESORES SL:<\/p>\n<p class=\"p1\">&#8211; NIF: B57973810<\/p>\n<p class=\"p1\">&#8211; ADRE\u00c7A: PARELADES, 12 A, 2\u00ba OFICINA 33,07003 PALMA DE MALLORCA(ILLES BALEARS)<\/p>\n<p class=\"p1\">&#8211; CORREU ELECTR\u00d2NIC: info@prosolvers.es .<\/p>\n<p class=\"p1\">L&#8217;usuari disposa d&#8217;un perfil en la mateixa Xarxa Social i ha decidit unir-se a la p\u00e0gina creada per PROJECT SOLVERS ASESORES SL, mostrant aix\u00ed inter\u00e8s en la informaci\u00f3 que es publiciti en la Xarxa. En unir-se a la nostra p\u00e0gina, ens facilita el seu consentiment per al tractament d&#8217;aquelles dades personals publicades en el seu perfil. L&#8217;usuari pot accedir en tot moment a les pol\u00edtiques de privacitat de la pr\u00f2pia Xarxa Social, aix\u00ed com configurar el seu perfil per a garantir la seva privacitat. PROJECT SOLVERS ASESORES SL t\u00e9 acc\u00e9s i tracta aquella informaci\u00f3 p\u00fablica de l&#8217;usuari, especialment, el seu nom de contacte. Aquestes dades, nom\u00e9s s\u00f3n utilitzats dins de la pr\u00f2pia Xarxa Social. No s\u00f3n incorporats a cap sistema de tractament. <span class=\"s1\"><b>Drets dels interessats <\/b><\/span>En relaci\u00f3 als drets d&#8217;acc\u00e9s, rectificaci\u00f3, limitaci\u00f3 de tractament, supressi\u00f3, portabilitat i oposici\u00f3 al tractament de les seves dades de car\u00e0cter personal, dels quals vost\u00e8 disposa i que poden ser exercitats davant PROJECT SOLVERS ASESORES SL, d&#8217;acord amb la RGPD, ha de tenir en compte els seg\u00fcents matisos:<\/p>\n<p class=\"p1\">Dret d&#8217;Acc\u00e9s: \u00c9s el dret de l&#8217;usuari a obtenir informaci\u00f3 sobre les seves dades concretes de car\u00e0cter personal i del tractament que s&#8217;hagi realitzat o realitzi, aix\u00ed com de la informaci\u00f3 disponible sobre l&#8217;origen d&#8217;aquestes dades i les comunicacions realitzades o previstes d&#8217;aquests.<\/p>\n<p class=\"p1\">Dret de Rectificaci\u00f3: \u00c9s el dret de l&#8217;afectat al fet que es modifiquin les dades que resultin ser inexactes o incomplets. Nom\u00e9s podr\u00e0 satisfer-se en relaci\u00f3 a aquella informaci\u00f3 que es trobi sota el control de PROJECT SOLVERS ASESORES SL, per exemple, eliminar comentaris publicats en la pr\u00f2pia p\u00e0gina, imatges o continguts web on constin dades de car\u00e0cter personal de l&#8217;usuari.<\/p>\n<p class=\"p1\">Dret a la Limitaci\u00f3 de tractament: \u00c9s el dret al fet que es limitin els fins del tractament previstos de manera original pel responsable del tractament.<\/p>\n<p class=\"p1\">Dret de Supressi\u00f3: \u00c9s el dret a suprimir les dades de car\u00e0cter personal de l&#8217;usuari, a excepci\u00f3 del que es preveu en el propi RGPD o en altres normatives aplicables que determinin l&#8217;obligatorietat de la conservaci\u00f3 d&#8217;aquests, dins del termini i en la forma escaient.<\/p>\n<p class=\"p1\">Dret de portabilitat: El dret a rebre les dades personals que l&#8217;usuari, hagi facilitat, en un format estructurat, d&#8217;\u00fas com\u00fa i lectura mec\u00e0nica, i a transmetre&#8217;ls a un altre responsable.<\/p>\n<p class=\"p1\">Dret d&#8217;Oposici\u00f3: \u00c9s el dret de l&#8217;usuari al fet que no es dugui a terme el tractament de les seves dades de car\u00e0cter personal o se cessi el tractament dels mateixos per part de PROJECT SOLVERS ASESORES SL.<\/p>\n<p class=\"p1\">PROJECT SOLVERS ASESORES SL realitzar\u00e0 les seg\u00fcents actuacions:<\/p>\n<p class=\"p1\">Acc\u00e9s a la informaci\u00f3 p\u00fablica del perfil.<\/p>\n<p class=\"p1\">Publicaci\u00f3 en el perfil de l&#8217;usuari de tota aquella informaci\u00f3 ja publicada en la p\u00e0gina de PROJECT SOLVERS ASESORES SL.<\/p>\n<p class=\"p1\">Enviar missatges personals i individuals a trav\u00e9s dels canals de la Xarxa Social.<\/p>\n<p class=\"p1\">Actualitzacions de l&#8217;estat de la p\u00e0gina que es publicaran en el perfil de l&#8217;usuari.<\/p>\n<p class=\"p1\">L&#8217;usuari sempre pot controlar les seves connexions, eliminar els continguts que deixin d&#8217;interessar-li i restringir amb qui comparteix les seves connexions, per a aix\u00f2 haur\u00e0 d&#8217;accedir a la seva configuraci\u00f3 de privacitat. <span class=\"s1\"><b>Publicacions <\/b><\/span>L&#8217;usuari, una vegada unit a la p\u00e0gina de PROJECT SOLVERS ASESORES SL, podr\u00e0 publicar en aquesta \u00faltima comentaris, enlla\u00e7os, imatges o fotografies o qualsevol altre tipus de contingut multim\u00e8dia suportat per la Xarxa Social. L&#8217;usuari, en tots els casos, ha de ser el titular d&#8217;aquests, gaudir dels drets d&#8217;autor i de propietat intel\u00b7lectual o comptar amb el consentiment dels tercers afectats. Es prohibeix expressament qualsevol publicaci\u00f3 en la p\u00e0gina, ja siguin textos, gr\u00e0fics, fotografies, v\u00eddeos, etc. que atemptin o siguin susceptibles d&#8217;atemptar contra la moral, l&#8217;\u00e8tica, el bon gust o el dec\u00f2rum, i\/o que infringeixin, violin o infringeixin els drets de propietat intel\u00b7lectual o industrial, el dret a la imatge o la Llei. En aquests casos, PROJECT SOLVERS ASESORES SL es reserva el dret a retirar immediatament el contingut, podent sol\u00b7licitar el bloqueig permanent de l&#8217;usuari. PROJECT SOLVERS ASESORES SL no es far\u00e0 responsable dels continguts que lliurement ha publicat un usuari. L&#8217;usuari ha de tenir present que les seves publicacions seran conegudes pels altres usuaris, per la qual cosa ell mateix \u00e9s el principal responsable de la seva privacitat. Les imatges que puguin publicar-se en la p\u00e0gina no seran emmagatzemades en cap sistema de tractament per part de PROJECT SOLVERS ASESORES SL, per\u00f2 si que romandran en la Xarxa Social. <span class=\"s1\"><b>Concursos y promocions <\/b><\/span>PROJECT SOLVERS ASESORES SL es reserva el dret a realitzar concursos i promocions, en els quals podr\u00e0 participar l&#8217;usuari unit a la seva p\u00e0gina. Les bases de cadascun d&#8217;ells, quan s&#8217;utilitzi per a aix\u00f2 la plataforma de la Xarxa Social, seran publicades en aquesta. Complint sempre amb la LSSI-CE i amb qualsevol altra norma que li sigui aplicable. La Xarxa Social no patrocina, avala ni administra, de cap manera, cap de les nostres promocions, ni est\u00e0 associada a cap d&#8217;elles.<\/p>\n<p class=\"p1\">PROJECT SOLVERS ASESORES SL utilitzar\u00e0 la Xarxa Social per a publicitar els seus productes i serveis, en tot cas, si decideix tractar les seves dades de contacte per a realitzar accions directes de prospecci\u00f3 comercial, ser\u00e0 sempre, complint amb les exig\u00e8ncies legals de la normativa en mat\u00e8ria de protecci\u00f3 de dades i de la LSSI-CE. No es considerar\u00e0 publicitat el fet de recomanar a altres usuaris la p\u00e0gina de PROJECT SOLVERS ASESORES SL perqu\u00e8 tamb\u00e9 ells puguin gaudir de les promocions o estar informats de la seva activitat. A continuaci\u00f3, detallem l&#8217;enlla\u00e7 a la pol\u00edtica de privacitat de la Xarxa Social:<\/p>\n<p class=\"p4\"><span class=\"s2\">\u2022 <a href=\"https:\/\/privacycenter.instagram.com\/policy\/?entry_point=ig_help_center_data_policy_redirect\" target=\"_blank\" rel=\"noopener\">Instagram<\/a><\/span><\/p>\n<p class=\"p4\"><span class=\"s2\">\u2022 <a href=\"https:\/\/es.linkedin.com\/legal\/privacy-policy?\" target=\"_blank\" rel=\"noopener\">Linkedin<\/a><\/span><\/p>\n[\/vc_column_text][vc_column_text el_class=&#8221;text&#8221; css=&#8221;.vc_custom_1674491729194{padding-top: 25px !important;}&#8221;]\u00daltima actualitzaci\u00f3: 17 de gener de 2023[\/vc_column_text][\/vc_column_inner][\/vc_row_inner][\/vc_column][\/vc_row]\n<\/div>","protected":false},"excerpt":{"rendered":"<p>[vc_row full_width=&#8221;stretch_row&#8221; content_placement=&#8221;middle&#8221; full_height=&#8221;yes&#8221; css=&#8221;.vc_custom_1572445874797{padding-top: 100px !important;padding-bottom: 100px !important;background-color: #f5f6f6 !important;background-position: center !important;background-repeat: no-repeat !important;background-size: cover !important;}&#8221; local_scroll_id=&#8221;valores&#8221; el_id=&#8221;valores&#8221;][vc_column][vc_row_inner][vc_column_inner][vc_column_text el_class=&#8221;subtitol-seccio&#8221;] POL\u00cdTICA DE PRIVACITAT [\/vc_column_text][vc_separator color=&#8221;custom&#8221; style=&#8221;dotted&#8221; el_width=&#8221;10&#8243; accent_color=&#8221;#0080a9&#8243; css=&#8221;.vc_custom_1572275682937{padding-top: 10px !important;padding-bottom: 50px !important;}&#8221;][vc_column_text el_class=&#8221;text&#8221;]Dades del propietari de la web: RA\u00d3 SOCIAL PROJECT SOLVERS ASESORES SL NIF B57973810 DOMINI prosolvers.es DIRECCI\u00d3 POSTAL PARELADES, 12 A, 2\u00ba&hellip;<\/p>\n","protected":false},"author":1,"featured_media":0,"parent":0,"menu_order":9,"comment_status":"closed","ping_status":"closed","template":"","meta":{"footnotes":""},"class_list":["post-4375","page","type-page","status-publish","hentry","entry","no-media"],"yoast_head":"<!-- This site is optimized with the Yoast SEO plugin v27.4 - https:\/\/yoast.com\/product\/yoast-seo-wordpress\/ -->\n<title>POL\u00cdTICA DE PRIVACITAT - PROSOLVERS<\/title>\n<meta name=\"robots\" content=\"index, follow, max-snippet:-1, max-image-preview:large, max-video-preview:-1\" \/>\n<link rel=\"canonical\" href=\"https:\/\/prosolvers.es\/ca\/politica-de-privacitat\/\" \/>\n<meta property=\"og:locale\" content=\"ca_ES\" \/>\n<meta property=\"og:type\" content=\"article\" \/>\n<meta property=\"og:title\" content=\"POL\u00cdTICA DE PRIVACITAT - PROSOLVERS\" \/>\n<meta property=\"og:description\" content=\"[vc_row full_width=&#8221;stretch_row&#8221; content_placement=&#8221;middle&#8221; full_height=&#8221;yes&#8221; css=&#8221;.vc_custom_1572445874797{padding-top: 100px !important;padding-bottom: 100px !important;background-color: #f5f6f6 !important;background-position: center !important;background-repeat: no-repeat !important;background-size: cover !important;}&#8221; local_scroll_id=&#8221;valores&#8221; el_id=&#8221;valores&#8221;][vc_column][vc_row_inner][vc_column_inner][vc_column_text el_class=&#8221;subtitol-seccio&#8221;] POL\u00cdTICA DE PRIVACITAT [\/vc_column_text][vc_separator color=&#8221;custom&#8221; style=&#8221;dotted&#8221; el_width=&#8221;10&#8243; accent_color=&#8221;#0080a9&#8243; css=&#8221;.vc_custom_1572275682937{padding-top: 10px !important;padding-bottom: 50px !important;}&#8221;][vc_column_text el_class=&#8221;text&#8221;]Dades del propietari de la web: RA\u00d3 SOCIAL PROJECT SOLVERS ASESORES SL NIF B57973810 DOMINI prosolvers.es DIRECCI\u00d3 POSTAL PARELADES, 12 A, 2\u00ba&hellip;\" \/>\n<meta property=\"og:url\" content=\"https:\/\/prosolvers.es\/ca\/politica-de-privacitat\/\" \/>\n<meta property=\"og:site_name\" content=\"PROSOLVERS\" \/>\n<meta property=\"article:modified_time\" content=\"2023-07-17T06:50:57+00:00\" \/>\n<meta name=\"twitter:card\" content=\"summary_large_image\" \/>\n<meta name=\"twitter:label1\" content=\"Temps estimat de lectura\" \/>\n\t<meta name=\"twitter:data1\" content=\"9 minuts\" \/>\n<script type=\"application\/ld+json\" class=\"yoast-schema-graph\">{\"@context\":\"https:\\\/\\\/schema.org\",\"@graph\":[{\"@type\":\"WebPage\",\"@id\":\"https:\\\/\\\/prosolvers.es\\\/ca\\\/politica-de-privacitat\\\/\",\"url\":\"https:\\\/\\\/prosolvers.es\\\/ca\\\/politica-de-privacitat\\\/\",\"name\":\"POL\u00cdTICA DE PRIVACITAT - PROSOLVERS\",\"isPartOf\":{\"@id\":\"https:\\\/\\\/prosolvers.es\\\/#website\"},\"datePublished\":\"2023-07-17T05:41:21+00:00\",\"dateModified\":\"2023-07-17T06:50:57+00:00\",\"breadcrumb\":{\"@id\":\"https:\\\/\\\/prosolvers.es\\\/ca\\\/politica-de-privacitat\\\/#breadcrumb\"},\"inLanguage\":\"ca\",\"potentialAction\":[{\"@type\":\"ReadAction\",\"target\":[\"https:\\\/\\\/prosolvers.es\\\/ca\\\/politica-de-privacitat\\\/\"]}]},{\"@type\":\"BreadcrumbList\",\"@id\":\"https:\\\/\\\/prosolvers.es\\\/ca\\\/politica-de-privacitat\\\/#breadcrumb\",\"itemListElement\":[{\"@type\":\"ListItem\",\"position\":1,\"name\":\"Portada\",\"item\":\"https:\\\/\\\/prosolvers.es\\\/ca\\\/\"},{\"@type\":\"ListItem\",\"position\":2,\"name\":\"POL\u00cdTICA DE PRIVACITAT\"}]},{\"@type\":\"WebSite\",\"@id\":\"https:\\\/\\\/prosolvers.es\\\/#website\",\"url\":\"https:\\\/\\\/prosolvers.es\\\/\",\"name\":\"PROSOLVERS\",\"description\":\"\",\"publisher\":{\"@id\":\"https:\\\/\\\/prosolvers.es\\\/#organization\"},\"potentialAction\":[{\"@type\":\"SearchAction\",\"target\":{\"@type\":\"EntryPoint\",\"urlTemplate\":\"https:\\\/\\\/prosolvers.es\\\/?s={search_term_string}\"},\"query-input\":{\"@type\":\"PropertyValueSpecification\",\"valueRequired\":true,\"valueName\":\"search_term_string\"}}],\"inLanguage\":\"ca\"},{\"@type\":\"Organization\",\"@id\":\"https:\\\/\\\/prosolvers.es\\\/#organization\",\"name\":\"PROSOLVERS\",\"url\":\"https:\\\/\\\/prosolvers.es\\\/\",\"logo\":{\"@type\":\"ImageObject\",\"inLanguage\":\"ca\",\"@id\":\"https:\\\/\\\/prosolvers.es\\\/#\\\/schema\\\/logo\\\/image\\\/\",\"url\":\"https:\\\/\\\/prosolvers.es\\\/wp-content\\\/uploads\\\/2019\\\/10\\\/LOGOTIPO-HEADER-PROSOLVERS-01.png\",\"contentUrl\":\"https:\\\/\\\/prosolvers.es\\\/wp-content\\\/uploads\\\/2019\\\/10\\\/LOGOTIPO-HEADER-PROSOLVERS-01.png\",\"width\":285,\"height\":285,\"caption\":\"PROSOLVERS\"},\"image\":{\"@id\":\"https:\\\/\\\/prosolvers.es\\\/#\\\/schema\\\/logo\\\/image\\\/\"}}]}<\/script>\n<!-- \/ Yoast SEO plugin. -->","yoast_head_json":{"title":"POL\u00cdTICA DE PRIVACITAT - PROSOLVERS","robots":{"index":"index","follow":"follow","max-snippet":"max-snippet:-1","max-image-preview":"max-image-preview:large","max-video-preview":"max-video-preview:-1"},"canonical":"https:\/\/prosolvers.es\/ca\/politica-de-privacitat\/","og_locale":"ca_ES","og_type":"article","og_title":"POL\u00cdTICA DE PRIVACITAT - PROSOLVERS","og_description":"[vc_row full_width=&#8221;stretch_row&#8221; content_placement=&#8221;middle&#8221; full_height=&#8221;yes&#8221; css=&#8221;.vc_custom_1572445874797{padding-top: 100px !important;padding-bottom: 100px !important;background-color: #f5f6f6 !important;background-position: center !important;background-repeat: no-repeat !important;background-size: cover !important;}&#8221; local_scroll_id=&#8221;valores&#8221; el_id=&#8221;valores&#8221;][vc_column][vc_row_inner][vc_column_inner][vc_column_text el_class=&#8221;subtitol-seccio&#8221;] POL\u00cdTICA DE PRIVACITAT [\/vc_column_text][vc_separator color=&#8221;custom&#8221; style=&#8221;dotted&#8221; el_width=&#8221;10&#8243; accent_color=&#8221;#0080a9&#8243; css=&#8221;.vc_custom_1572275682937{padding-top: 10px !important;padding-bottom: 50px !important;}&#8221;][vc_column_text el_class=&#8221;text&#8221;]Dades del propietari de la web: RA\u00d3 SOCIAL PROJECT SOLVERS ASESORES SL NIF B57973810 DOMINI prosolvers.es DIRECCI\u00d3 POSTAL PARELADES, 12 A, 2\u00ba&hellip;","og_url":"https:\/\/prosolvers.es\/ca\/politica-de-privacitat\/","og_site_name":"PROSOLVERS","article_modified_time":"2023-07-17T06:50:57+00:00","twitter_card":"summary_large_image","twitter_misc":{"Temps estimat de lectura":"9 minuts"},"schema":{"@context":"https:\/\/schema.org","@graph":[{"@type":"WebPage","@id":"https:\/\/prosolvers.es\/ca\/politica-de-privacitat\/","url":"https:\/\/prosolvers.es\/ca\/politica-de-privacitat\/","name":"POL\u00cdTICA DE PRIVACITAT - PROSOLVERS","isPartOf":{"@id":"https:\/\/prosolvers.es\/#website"},"datePublished":"2023-07-17T05:41:21+00:00","dateModified":"2023-07-17T06:50:57+00:00","breadcrumb":{"@id":"https:\/\/prosolvers.es\/ca\/politica-de-privacitat\/#breadcrumb"},"inLanguage":"ca","potentialAction":[{"@type":"ReadAction","target":["https:\/\/prosolvers.es\/ca\/politica-de-privacitat\/"]}]},{"@type":"BreadcrumbList","@id":"https:\/\/prosolvers.es\/ca\/politica-de-privacitat\/#breadcrumb","itemListElement":[{"@type":"ListItem","position":1,"name":"Portada","item":"https:\/\/prosolvers.es\/ca\/"},{"@type":"ListItem","position":2,"name":"POL\u00cdTICA DE PRIVACITAT"}]},{"@type":"WebSite","@id":"https:\/\/prosolvers.es\/#website","url":"https:\/\/prosolvers.es\/","name":"PROSOLVERS","description":"","publisher":{"@id":"https:\/\/prosolvers.es\/#organization"},"potentialAction":[{"@type":"SearchAction","target":{"@type":"EntryPoint","urlTemplate":"https:\/\/prosolvers.es\/?s={search_term_string}"},"query-input":{"@type":"PropertyValueSpecification","valueRequired":true,"valueName":"search_term_string"}}],"inLanguage":"ca"},{"@type":"Organization","@id":"https:\/\/prosolvers.es\/#organization","name":"PROSOLVERS","url":"https:\/\/prosolvers.es\/","logo":{"@type":"ImageObject","inLanguage":"ca","@id":"https:\/\/prosolvers.es\/#\/schema\/logo\/image\/","url":"https:\/\/prosolvers.es\/wp-content\/uploads\/2019\/10\/LOGOTIPO-HEADER-PROSOLVERS-01.png","contentUrl":"https:\/\/prosolvers.es\/wp-content\/uploads\/2019\/10\/LOGOTIPO-HEADER-PROSOLVERS-01.png","width":285,"height":285,"caption":"PROSOLVERS"},"image":{"@id":"https:\/\/prosolvers.es\/#\/schema\/logo\/image\/"}}]}},"_links":{"self":[{"href":"https:\/\/prosolvers.es\/ca\/wp-json\/wp\/v2\/pages\/4375","targetHints":{"allow":["GET"]}}],"collection":[{"href":"https:\/\/prosolvers.es\/ca\/wp-json\/wp\/v2\/pages"}],"about":[{"href":"https:\/\/prosolvers.es\/ca\/wp-json\/wp\/v2\/types\/page"}],"author":[{"embeddable":true,"href":"https:\/\/prosolvers.es\/ca\/wp-json\/wp\/v2\/users\/1"}],"replies":[{"embeddable":true,"href":"https:\/\/prosolvers.es\/ca\/wp-json\/wp\/v2\/comments?post=4375"}],"version-history":[{"count":3,"href":"https:\/\/prosolvers.es\/ca\/wp-json\/wp\/v2\/pages\/4375\/revisions"}],"predecessor-version":[{"id":4394,"href":"https:\/\/prosolvers.es\/ca\/wp-json\/wp\/v2\/pages\/4375\/revisions\/4394"}],"wp:attachment":[{"href":"https:\/\/prosolvers.es\/ca\/wp-json\/wp\/v2\/media?parent=4375"}],"curies":[{"name":"wp","href":"https:\/\/api.w.org\/{rel}","templated":true}]}}