{"id":700,"date":"2019-11-25T13:19:03","date_gmt":"2019-11-25T11:19:03","guid":{"rendered":"https:\/\/prosolvers.es\/areas-de-actividad\/"},"modified":"2022-12-23T15:12:39","modified_gmt":"2022-12-23T13:12:39","slug":"arees-activitat","status":"publish","type":"page","link":"https:\/\/prosolvers.es\/ca\/arees-activitat\/","title":{"rendered":"\u00c0REES D&#8217;ACTIVITAT"},"content":{"rendered":"<div class=\"wpb-content-wrapper\">[vc_row full_width=&#8221;stretch_row&#8221; content_placement=&#8221;top&#8221; full_height=&#8221;yes&#8221; css=&#8221;.vc_custom_1664268671409{padding-top: 100px !important;padding-bottom: 100px !important;background-color: #f5f6f6 !important;background-position: center !important;background-repeat: no-repeat !important;background-size: cover !important;}&#8221;][vc_column][vc_row_inner][vc_column_inner][vc_column_text el_class=&#8221;titol-seccio&#8221; css=&#8221;.vc_custom_1664527208932{padding-bottom: 25px !important;}&#8221;]\n<h1 style=\"text-align: center;\">\u00c0REES D&#8217;ACTIVITAT<\/h1>\n[\/vc_column_text][vc_separator color=&#8221;custom&#8221; style=&#8221;dotted&#8221; el_width=&#8221;10&#8243; accent_color=&#8221;#0080a9&#8243; css=&#8221;.vc_custom_1572275682937{padding-top: 10px !important;padding-bottom: 50px !important;}&#8221;][vc_column_text el_class=&#8221;p&#8221;]Prosolvers compta amb un equip multidisciplinari capa\u00e7 de desenvolupar projectes que enfoquen diferents \u00e0rees d&#8217;activitat en les quals est\u00e0 especialitzat.[\/vc_column_text][\/vc_column_inner][\/vc_row_inner]<div class=\"vcex-module vcex-portfolio-grid-wrap wpex-clr\"><div class=\"wpex-row vcex-portfolio-grid wpex-clr entries match-height-grid\"><div class=\"portfolio-entry vcex-grid-item span_1_of_3 col col-1 entry post-1501 type-portfolio has-media cat-22 translation_priority-11\"><div class=\"portfolio-entry-inner entry-inner wpex-first-mt-0 wpex-last-mb-0 wpex-clr\"><div class=\"portfolio-entry-media entry-media wpex-relative wpex-image-hover grow overlay-parent overlay-parent-title-center wpex-overflow-hidden\"><a href=\"https:\/\/prosolvers.es\/ca\/portfolio-item\/ingenieria-maritima\/\" title=\"ENGINYERIA PORTUARIA I MAR\u00cdTIMA\" class=\"portfolio-entry-media-link\"><img loading=\"lazy\" class=\"portfolio-entry-img wpex-align-middle\" decoding=\"async\" src=\"https:\/\/prosolvers.es\/wp-content\/uploads\/2022\/09\/9-INGENIERI\u0301A-MARI\u0301TIMA-PROSOLVERS-ENGINYERS-22-250x250.png\" alt=\"\" srcset=\"https:\/\/prosolvers.es\/wp-content\/uploads\/2022\/09\/9-INGENIERI\u0301A-MARI\u0301TIMA-PROSOLVERS-ENGINYERS-22-250x250.png 250w, https:\/\/prosolvers.es\/wp-content\/uploads\/2022\/09\/9-INGENIERI\u0301A-MARI\u0301TIMA-PROSOLVERS-ENGINYERS-22-150x150.png 150w, https:\/\/prosolvers.es\/wp-content\/uploads\/2022\/09\/9-INGENIERI\u0301A-MARI\u0301TIMA-PROSOLVERS-ENGINYERS-22-80x80.png 80w, https:\/\/prosolvers.es\/wp-content\/uploads\/2022\/09\/9-INGENIERI\u0301A-MARI\u0301TIMA-PROSOLVERS-ENGINYERS-22-600x600.png 600w, https:\/\/prosolvers.es\/wp-content\/uploads\/2022\/09\/9-INGENIERI\u0301A-MARI\u0301TIMA-PROSOLVERS-ENGINYERS-22-125x125.png 125w\" width=\"250\" height=\"250\">\n<div class=\"overlay-title-center theme-overlay wpex-absolute wpex-inset-0 wpex-transition-all wpex-duration-300 wpex-flex wpex-justify-center wpex-items-center wpex-text-center\">\n\t<span class=\"overlay-bg wpex-bg-black wpex-block wpex-absolute wpex-inset-0 wpex-opacity-50\"><\/span>\n\t<div class=\"overlay-content wpex-relative wpex-text-white wpex-uppercase wpex-font-semibold wpex-p-15 wpex-tracking-widest\">\n\t\t<span class=\"title\">ENGINYERIA PORTUARIA I MAR\u00cdTIMA<\/span>\t<\/div>\n<\/div>\n<\/a><\/div><\/div><\/div><div class=\"portfolio-entry vcex-grid-item span_1_of_3 col col-2 entry post-1511 type-portfolio has-media cat-25 translation_priority-11\"><div class=\"portfolio-entry-inner entry-inner wpex-first-mt-0 wpex-last-mb-0 wpex-clr\"><div class=\"portfolio-entry-media entry-media wpex-relative wpex-image-hover grow overlay-parent overlay-parent-title-center wpex-overflow-hidden\"><a href=\"https:\/\/prosolvers.es\/ca\/portfolio-item\/urbanizacion-y-carreteras\/\" title=\"URBANITZACI\u00d3 I CARRETERES\" class=\"portfolio-entry-media-link\"><img loading=\"lazy\" class=\"portfolio-entry-img wpex-align-middle\" decoding=\"async\" src=\"https:\/\/prosolvers.es\/wp-content\/uploads\/2022\/09\/7-URBANIZACIO\u0301N-Y-CARRETERAS-PROSOLVERS-ENGINYERS-22-250x250.jpg\" alt=\"\" srcset=\"https:\/\/prosolvers.es\/wp-content\/uploads\/2022\/09\/7-URBANIZACIO\u0301N-Y-CARRETERAS-PROSOLVERS-ENGINYERS-22-250x250.jpg 250w, https:\/\/prosolvers.es\/wp-content\/uploads\/2022\/09\/7-URBANIZACIO\u0301N-Y-CARRETERAS-PROSOLVERS-ENGINYERS-22-150x150.jpg 150w, https:\/\/prosolvers.es\/wp-content\/uploads\/2022\/09\/7-URBANIZACIO\u0301N-Y-CARRETERAS-PROSOLVERS-ENGINYERS-22-125x125.jpg 125w\" width=\"250\" height=\"250\">\n<div class=\"overlay-title-center theme-overlay wpex-absolute wpex-inset-0 wpex-transition-all wpex-duration-300 wpex-flex wpex-justify-center wpex-items-center wpex-text-center\">\n\t<span class=\"overlay-bg wpex-bg-black wpex-block wpex-absolute wpex-inset-0 wpex-opacity-50\"><\/span>\n\t<div class=\"overlay-content wpex-relative wpex-text-white wpex-uppercase wpex-font-semibold wpex-p-15 wpex-tracking-widest\">\n\t\t<span class=\"title\">URBANITZACI\u00d3 I CARRETERES<\/span>\t<\/div>\n<\/div>\n<\/a><\/div><\/div><\/div><div class=\"portfolio-entry vcex-grid-item span_1_of_3 col col-3 entry post-1504 type-portfolio has-media cat-23 translation_priority-11\"><div class=\"portfolio-entry-inner entry-inner wpex-first-mt-0 wpex-last-mb-0 wpex-clr\"><div class=\"portfolio-entry-media entry-media wpex-relative wpex-image-hover grow overlay-parent overlay-parent-title-center wpex-overflow-hidden\"><a href=\"https:\/\/prosolvers.es\/ca\/portfolio-item\/marinas-y-puertos\/\" title=\"MARINES I PORTS\" class=\"portfolio-entry-media-link\"><img loading=\"lazy\" class=\"portfolio-entry-img wpex-align-middle\" decoding=\"async\" src=\"https:\/\/prosolvers.es\/wp-content\/uploads\/2022\/09\/8-MARINAS-Y-PUERTOS-PROSOLVERS-ENGINYERS-22-250x250.png\" alt=\"\" srcset=\"https:\/\/prosolvers.es\/wp-content\/uploads\/2022\/09\/8-MARINAS-Y-PUERTOS-PROSOLVERS-ENGINYERS-22-250x250.png 250w, https:\/\/prosolvers.es\/wp-content\/uploads\/2022\/09\/8-MARINAS-Y-PUERTOS-PROSOLVERS-ENGINYERS-22-150x150.png 150w, https:\/\/prosolvers.es\/wp-content\/uploads\/2022\/09\/8-MARINAS-Y-PUERTOS-PROSOLVERS-ENGINYERS-22-125x125.png 125w\" width=\"250\" height=\"250\">\n<div class=\"overlay-title-center theme-overlay wpex-absolute wpex-inset-0 wpex-transition-all wpex-duration-300 wpex-flex wpex-justify-center wpex-items-center wpex-text-center\">\n\t<span class=\"overlay-bg wpex-bg-black wpex-block wpex-absolute wpex-inset-0 wpex-opacity-50\"><\/span>\n\t<div class=\"overlay-content wpex-relative wpex-text-white wpex-uppercase wpex-font-semibold wpex-p-15 wpex-tracking-widest\">\n\t\t<span class=\"title\">MARINES I PORTS<\/span>\t<\/div>\n<\/div>\n<\/a><\/div><\/div><\/div><div class=\"portfolio-entry vcex-grid-item span_1_of_3 col col-1 entry post-1507 type-portfolio has-media cat-24 translation_priority-11\"><div class=\"portfolio-entry-inner entry-inner wpex-first-mt-0 wpex-last-mb-0 wpex-clr\"><div class=\"portfolio-entry-media entry-media wpex-relative wpex-image-hover grow overlay-parent overlay-parent-title-center wpex-overflow-hidden\"><a href=\"https:\/\/prosolvers.es\/ca\/portfolio-item\/obra-civil\/\" title=\"OBRA CIVIL\" class=\"portfolio-entry-media-link\"><img loading=\"lazy\" class=\"portfolio-entry-img wpex-align-middle\" decoding=\"async\" src=\"https:\/\/prosolvers.es\/wp-content\/uploads\/2022\/07\/SOLLER-3-250x250.jpeg\" alt=\"\" srcset=\"https:\/\/prosolvers.es\/wp-content\/uploads\/2022\/07\/SOLLER-3-250x250.jpeg 250w, https:\/\/prosolvers.es\/wp-content\/uploads\/2022\/07\/SOLLER-3-150x150.jpeg 150w, https:\/\/prosolvers.es\/wp-content\/uploads\/2022\/07\/SOLLER-3-125x125.jpeg 125w, https:\/\/prosolvers.es\/wp-content\/uploads\/2022\/07\/SOLLER-3-600x600.jpeg 600w\" width=\"250\" height=\"250\">\n<div class=\"overlay-title-center theme-overlay wpex-absolute wpex-inset-0 wpex-transition-all wpex-duration-300 wpex-flex wpex-justify-center wpex-items-center wpex-text-center\">\n\t<span class=\"overlay-bg wpex-bg-black wpex-block wpex-absolute wpex-inset-0 wpex-opacity-50\"><\/span>\n\t<div class=\"overlay-content wpex-relative wpex-text-white wpex-uppercase wpex-font-semibold wpex-p-15 wpex-tracking-widest\">\n\t\t<span class=\"title\">OBRA CIVIL<\/span>\t<\/div>\n<\/div>\n<\/a><\/div><\/div><\/div><div class=\"portfolio-entry vcex-grid-item span_1_of_3 col col-2 entry post-1497 type-portfolio has-media cat-21 translation_priority-11\"><div class=\"portfolio-entry-inner entry-inner wpex-first-mt-0 wpex-last-mb-0 wpex-clr\"><div class=\"portfolio-entry-media entry-media wpex-relative wpex-image-hover grow overlay-parent overlay-parent-title-center wpex-overflow-hidden\"><a href=\"https:\/\/prosolvers.es\/ca\/portfolio-item\/edificacion\/\" title=\"EDIFICACI\u00d3\" class=\"portfolio-entry-media-link\"><img loading=\"lazy\" class=\"portfolio-entry-img wpex-align-middle\" decoding=\"async\" src=\"https:\/\/prosolvers.es\/wp-content\/uploads\/2022\/09\/6-EDIFICACIO\u0301N-PROSOLVERS-ENGINYERS-22-250x250.jpg\" alt=\"\" srcset=\"https:\/\/prosolvers.es\/wp-content\/uploads\/2022\/09\/6-EDIFICACIO\u0301N-PROSOLVERS-ENGINYERS-22-250x250.jpg 250w, https:\/\/prosolvers.es\/wp-content\/uploads\/2022\/09\/6-EDIFICACIO\u0301N-PROSOLVERS-ENGINYERS-22-150x150.jpg 150w, https:\/\/prosolvers.es\/wp-content\/uploads\/2022\/09\/6-EDIFICACIO\u0301N-PROSOLVERS-ENGINYERS-22-125x125.jpg 125w\" width=\"250\" height=\"250\">\n<div class=\"overlay-title-center theme-overlay wpex-absolute wpex-inset-0 wpex-transition-all wpex-duration-300 wpex-flex wpex-justify-center wpex-items-center wpex-text-center\">\n\t<span class=\"overlay-bg wpex-bg-black wpex-block wpex-absolute wpex-inset-0 wpex-opacity-50\"><\/span>\n\t<div class=\"overlay-content wpex-relative wpex-text-white wpex-uppercase wpex-font-semibold wpex-p-15 wpex-tracking-widest\">\n\t\t<span class=\"title\">EDIFICACI\u00d3<\/span>\t<\/div>\n<\/div>\n<\/a><\/div><\/div><\/div><div class=\"portfolio-entry vcex-grid-item span_1_of_3 col col-3 entry post-1494 type-portfolio has-media cat-20 translation_priority-11\"><div class=\"portfolio-entry-inner entry-inner wpex-first-mt-0 wpex-last-mb-0 wpex-clr\"><div class=\"portfolio-entry-media entry-media wpex-relative wpex-image-hover grow overlay-parent overlay-parent-title-center wpex-overflow-hidden\"><a href=\"https:\/\/prosolvers.es\/ca\/portfolio-item\/estructuras-singulares\/\" title=\"ESTRUCTURES SINGULARS\" class=\"portfolio-entry-media-link\"><img loading=\"lazy\" class=\"portfolio-entry-img wpex-align-middle\" decoding=\"async\" src=\"https:\/\/prosolvers.es\/wp-content\/uploads\/2022\/09\/5-ESTRUCTURAS-SINGULARES-PROSOLVERS-ENGINYERS-22-250x250.jpg\" alt=\"\" srcset=\"https:\/\/prosolvers.es\/wp-content\/uploads\/2022\/09\/5-ESTRUCTURAS-SINGULARES-PROSOLVERS-ENGINYERS-22-250x250.jpg 250w, https:\/\/prosolvers.es\/wp-content\/uploads\/2022\/09\/5-ESTRUCTURAS-SINGULARES-PROSOLVERS-ENGINYERS-22-150x150.jpg 150w\" width=\"250\" height=\"250\">\n<div class=\"overlay-title-center theme-overlay wpex-absolute wpex-inset-0 wpex-transition-all wpex-duration-300 wpex-flex wpex-justify-center wpex-items-center wpex-text-center\">\n\t<span class=\"overlay-bg wpex-bg-black wpex-block wpex-absolute wpex-inset-0 wpex-opacity-50\"><\/span>\n\t<div class=\"overlay-content wpex-relative wpex-text-white wpex-uppercase wpex-font-semibold wpex-p-15 wpex-tracking-widest\">\n\t\t<span class=\"title\">ESTRUCTURES SINGULARS<\/span>\t<\/div>\n<\/div>\n<\/a><\/div><\/div><\/div><div class=\"portfolio-entry vcex-grid-item span_1_of_3 col col-1 entry post-2268 type-portfolio has-media cat-37 translation_priority-11\"><div class=\"portfolio-entry-inner entry-inner wpex-first-mt-0 wpex-last-mb-0 wpex-clr\"><div class=\"portfolio-entry-media entry-media wpex-relative wpex-image-hover grow overlay-parent overlay-parent-title-center wpex-overflow-hidden\"><a href=\"https:\/\/prosolvers.es\/ca\/portfolio-item\/concessions\/\" title=\"CONCESSIONS\" class=\"portfolio-entry-media-link\"><img loading=\"lazy\" class=\"portfolio-entry-img wpex-align-middle\" decoding=\"async\" src=\"https:\/\/prosolvers.es\/wp-content\/uploads\/2022\/12\/CONCESIONES-250x250.jpg\" alt=\"\" srcset=\"https:\/\/prosolvers.es\/wp-content\/uploads\/2022\/12\/CONCESIONES-250x250.jpg 250w, https:\/\/prosolvers.es\/wp-content\/uploads\/2022\/12\/CONCESIONES-150x150.jpg 150w\" width=\"250\" height=\"250\">\n<div class=\"overlay-title-center theme-overlay wpex-absolute wpex-inset-0 wpex-transition-all wpex-duration-300 wpex-flex wpex-justify-center wpex-items-center wpex-text-center\">\n\t<span class=\"overlay-bg wpex-bg-black wpex-block wpex-absolute wpex-inset-0 wpex-opacity-50\"><\/span>\n\t<div class=\"overlay-content wpex-relative wpex-text-white wpex-uppercase wpex-font-semibold wpex-p-15 wpex-tracking-widest\">\n\t\t<span class=\"title\">CONCESSIONS<\/span>\t<\/div>\n<\/div>\n<\/a><\/div><\/div><\/div><\/div><\/div>[\/vc_column][\/vc_row]\n<\/div>","protected":false},"excerpt":{"rendered":"<p>[vc_row full_width=&#8221;stretch_row&#8221; content_placement=&#8221;top&#8221; full_height=&#8221;yes&#8221; css=&#8221;.vc_custom_1664268671409{padding-top: 100px !important;padding-bottom: 100px !important;background-color: #f5f6f6 !important;background-position: center !important;background-repeat: no-repeat !important;background-size: cover !important;}&#8221;][vc_column][vc_row_inner][vc_column_inner][vc_column_text el_class=&#8221;titol-seccio&#8221; css=&#8221;.vc_custom_1664527208932{padding-bottom: 25px !important;}&#8221;] \u00c0REES D&#8217;ACTIVITAT [\/vc_column_text][vc_separator color=&#8221;custom&#8221; style=&#8221;dotted&#8221; el_width=&#8221;10&#8243; accent_color=&#8221;#0080a9&#8243; css=&#8221;.vc_custom_1572275682937{padding-top: 10px !important;padding-bottom: 50px !important;}&#8221;][vc_column_text el_class=&#8221;p&#8221;]Prosolvers compta amb un equip multidisciplinari capa\u00e7 de desenvolupar projectes que enfoquen diferents \u00e0rees d&#8217;activitat en les quals est\u00e0 especialitzat.[\/vc_column_text][\/vc_column_inner][\/vc_row_inner][\/vc_column][\/vc_row]<\/p>\n","protected":false},"author":1,"featured_media":0,"parent":0,"menu_order":23,"comment_status":"closed","ping_status":"closed","template":"","meta":{"footnotes":""},"class_list":["post-700","page","type-page","status-publish","hentry","entry","has-media"],"yoast_head":"<!-- This site is optimized with the Yoast SEO plugin v27.5 - https:\/\/yoast.com\/product\/yoast-seo-wordpress\/ -->\n<title>\u00c0REES D&#039;ACTIVITAT - PROSOLVERS<\/title>\n<meta name=\"robots\" content=\"index, follow, max-snippet:-1, max-image-preview:large, max-video-preview:-1\" \/>\n<link rel=\"canonical\" href=\"https:\/\/prosolvers.es\/ca\/arees-activitat\/\" \/>\n<meta property=\"og:locale\" content=\"ca_ES\" \/>\n<meta property=\"og:type\" content=\"article\" \/>\n<meta property=\"og:title\" content=\"\u00c0REES D&#039;ACTIVITAT - PROSOLVERS\" \/>\n<meta property=\"og:description\" content=\"[vc_row full_width=&#8221;stretch_row&#8221; content_placement=&#8221;top&#8221; full_height=&#8221;yes&#8221; css=&#8221;.vc_custom_1664268671409{padding-top: 100px !important;padding-bottom: 100px !important;background-color: #f5f6f6 !important;background-position: center !important;background-repeat: no-repeat !important;background-size: cover !important;}&#8221;][vc_column][vc_row_inner][vc_column_inner][vc_column_text el_class=&#8221;titol-seccio&#8221; css=&#8221;.vc_custom_1664527208932{padding-bottom: 25px !important;}&#8221;] \u00c0REES D&#8217;ACTIVITAT [\/vc_column_text][vc_separator color=&#8221;custom&#8221; style=&#8221;dotted&#8221; el_width=&#8221;10&#8243; accent_color=&#8221;#0080a9&#8243; css=&#8221;.vc_custom_1572275682937{padding-top: 10px !important;padding-bottom: 50px !important;}&#8221;][vc_column_text el_class=&#8221;p&#8221;]Prosolvers compta amb un equip multidisciplinari capa\u00e7 de desenvolupar projectes que enfoquen diferents \u00e0rees d&#8217;activitat en les quals est\u00e0 especialitzat.[\/vc_column_text][\/vc_column_inner][\/vc_row_inner][\/vc_column][\/vc_row]\" \/>\n<meta property=\"og:url\" content=\"https:\/\/prosolvers.es\/ca\/arees-activitat\/\" \/>\n<meta property=\"og:site_name\" content=\"PROSOLVERS\" \/>\n<meta property=\"article:modified_time\" content=\"2022-12-23T13:12:39+00:00\" \/>\n<meta name=\"twitter:card\" content=\"summary_large_image\" \/>\n<meta name=\"twitter:label1\" content=\"Temps estimat de lectura\" \/>\n\t<meta name=\"twitter:data1\" content=\"1 minut\" \/>\n<script type=\"application\/ld+json\" class=\"yoast-schema-graph\">{\"@context\":\"https:\\\/\\\/schema.org\",\"@graph\":[{\"@type\":\"WebPage\",\"@id\":\"https:\\\/\\\/prosolvers.es\\\/ca\\\/arees-activitat\\\/\",\"url\":\"https:\\\/\\\/prosolvers.es\\\/ca\\\/arees-activitat\\\/\",\"name\":\"\u00c0REES D'ACTIVITAT - PROSOLVERS\",\"isPartOf\":{\"@id\":\"https:\\\/\\\/prosolvers.es\\\/#website\"},\"datePublished\":\"2019-11-25T11:19:03+00:00\",\"dateModified\":\"2022-12-23T13:12:39+00:00\",\"breadcrumb\":{\"@id\":\"https:\\\/\\\/prosolvers.es\\\/ca\\\/arees-activitat\\\/#breadcrumb\"},\"inLanguage\":\"ca\",\"potentialAction\":[{\"@type\":\"ReadAction\",\"target\":[\"https:\\\/\\\/prosolvers.es\\\/ca\\\/arees-activitat\\\/\"]}]},{\"@type\":\"BreadcrumbList\",\"@id\":\"https:\\\/\\\/prosolvers.es\\\/ca\\\/arees-activitat\\\/#breadcrumb\",\"itemListElement\":[{\"@type\":\"ListItem\",\"position\":1,\"name\":\"Portada\",\"item\":\"https:\\\/\\\/prosolvers.es\\\/ca\\\/\"},{\"@type\":\"ListItem\",\"position\":2,\"name\":\"\u00c0REES D&#8217;ACTIVITAT\"}]},{\"@type\":\"WebSite\",\"@id\":\"https:\\\/\\\/prosolvers.es\\\/#website\",\"url\":\"https:\\\/\\\/prosolvers.es\\\/\",\"name\":\"PROSOLVERS\",\"description\":\"\",\"publisher\":{\"@id\":\"https:\\\/\\\/prosolvers.es\\\/#organization\"},\"potentialAction\":[{\"@type\":\"SearchAction\",\"target\":{\"@type\":\"EntryPoint\",\"urlTemplate\":\"https:\\\/\\\/prosolvers.es\\\/?s={search_term_string}\"},\"query-input\":{\"@type\":\"PropertyValueSpecification\",\"valueRequired\":true,\"valueName\":\"search_term_string\"}}],\"inLanguage\":\"ca\"},{\"@type\":\"Organization\",\"@id\":\"https:\\\/\\\/prosolvers.es\\\/#organization\",\"name\":\"PROSOLVERS\",\"url\":\"https:\\\/\\\/prosolvers.es\\\/\",\"logo\":{\"@type\":\"ImageObject\",\"inLanguage\":\"ca\",\"@id\":\"https:\\\/\\\/prosolvers.es\\\/#\\\/schema\\\/logo\\\/image\\\/\",\"url\":\"https:\\\/\\\/prosolvers.es\\\/wp-content\\\/uploads\\\/2019\\\/10\\\/LOGOTIPO-HEADER-PROSOLVERS-01.png\",\"contentUrl\":\"https:\\\/\\\/prosolvers.es\\\/wp-content\\\/uploads\\\/2019\\\/10\\\/LOGOTIPO-HEADER-PROSOLVERS-01.png\",\"width\":285,\"height\":285,\"caption\":\"PROSOLVERS\"},\"image\":{\"@id\":\"https:\\\/\\\/prosolvers.es\\\/#\\\/schema\\\/logo\\\/image\\\/\"}}]}<\/script>\n<!-- \/ Yoast SEO plugin. -->","yoast_head_json":{"title":"\u00c0REES D'ACTIVITAT - PROSOLVERS","robots":{"index":"index","follow":"follow","max-snippet":"max-snippet:-1","max-image-preview":"max-image-preview:large","max-video-preview":"max-video-preview:-1"},"canonical":"https:\/\/prosolvers.es\/ca\/arees-activitat\/","og_locale":"ca_ES","og_type":"article","og_title":"\u00c0REES D'ACTIVITAT - PROSOLVERS","og_description":"[vc_row full_width=&#8221;stretch_row&#8221; content_placement=&#8221;top&#8221; full_height=&#8221;yes&#8221; css=&#8221;.vc_custom_1664268671409{padding-top: 100px !important;padding-bottom: 100px !important;background-color: #f5f6f6 !important;background-position: center !important;background-repeat: no-repeat !important;background-size: cover !important;}&#8221;][vc_column][vc_row_inner][vc_column_inner][vc_column_text el_class=&#8221;titol-seccio&#8221; css=&#8221;.vc_custom_1664527208932{padding-bottom: 25px !important;}&#8221;] \u00c0REES D&#8217;ACTIVITAT [\/vc_column_text][vc_separator color=&#8221;custom&#8221; style=&#8221;dotted&#8221; el_width=&#8221;10&#8243; accent_color=&#8221;#0080a9&#8243; css=&#8221;.vc_custom_1572275682937{padding-top: 10px !important;padding-bottom: 50px !important;}&#8221;][vc_column_text el_class=&#8221;p&#8221;]Prosolvers compta amb un equip multidisciplinari capa\u00e7 de desenvolupar projectes que enfoquen diferents \u00e0rees d&#8217;activitat en les quals est\u00e0 especialitzat.[\/vc_column_text][\/vc_column_inner][\/vc_row_inner][\/vc_column][\/vc_row]","og_url":"https:\/\/prosolvers.es\/ca\/arees-activitat\/","og_site_name":"PROSOLVERS","article_modified_time":"2022-12-23T13:12:39+00:00","twitter_card":"summary_large_image","twitter_misc":{"Temps estimat de lectura":"1 minut"},"schema":{"@context":"https:\/\/schema.org","@graph":[{"@type":"WebPage","@id":"https:\/\/prosolvers.es\/ca\/arees-activitat\/","url":"https:\/\/prosolvers.es\/ca\/arees-activitat\/","name":"\u00c0REES D'ACTIVITAT - PROSOLVERS","isPartOf":{"@id":"https:\/\/prosolvers.es\/#website"},"datePublished":"2019-11-25T11:19:03+00:00","dateModified":"2022-12-23T13:12:39+00:00","breadcrumb":{"@id":"https:\/\/prosolvers.es\/ca\/arees-activitat\/#breadcrumb"},"inLanguage":"ca","potentialAction":[{"@type":"ReadAction","target":["https:\/\/prosolvers.es\/ca\/arees-activitat\/"]}]},{"@type":"BreadcrumbList","@id":"https:\/\/prosolvers.es\/ca\/arees-activitat\/#breadcrumb","itemListElement":[{"@type":"ListItem","position":1,"name":"Portada","item":"https:\/\/prosolvers.es\/ca\/"},{"@type":"ListItem","position":2,"name":"\u00c0REES D&#8217;ACTIVITAT"}]},{"@type":"WebSite","@id":"https:\/\/prosolvers.es\/#website","url":"https:\/\/prosolvers.es\/","name":"PROSOLVERS","description":"","publisher":{"@id":"https:\/\/prosolvers.es\/#organization"},"potentialAction":[{"@type":"SearchAction","target":{"@type":"EntryPoint","urlTemplate":"https:\/\/prosolvers.es\/?s={search_term_string}"},"query-input":{"@type":"PropertyValueSpecification","valueRequired":true,"valueName":"search_term_string"}}],"inLanguage":"ca"},{"@type":"Organization","@id":"https:\/\/prosolvers.es\/#organization","name":"PROSOLVERS","url":"https:\/\/prosolvers.es\/","logo":{"@type":"ImageObject","inLanguage":"ca","@id":"https:\/\/prosolvers.es\/#\/schema\/logo\/image\/","url":"https:\/\/prosolvers.es\/wp-content\/uploads\/2019\/10\/LOGOTIPO-HEADER-PROSOLVERS-01.png","contentUrl":"https:\/\/prosolvers.es\/wp-content\/uploads\/2019\/10\/LOGOTIPO-HEADER-PROSOLVERS-01.png","width":285,"height":285,"caption":"PROSOLVERS"},"image":{"@id":"https:\/\/prosolvers.es\/#\/schema\/logo\/image\/"}}]}},"_links":{"self":[{"href":"https:\/\/prosolvers.es\/ca\/wp-json\/wp\/v2\/pages\/700","targetHints":{"allow":["GET"]}}],"collection":[{"href":"https:\/\/prosolvers.es\/ca\/wp-json\/wp\/v2\/pages"}],"about":[{"href":"https:\/\/prosolvers.es\/ca\/wp-json\/wp\/v2\/types\/page"}],"author":[{"embeddable":true,"href":"https:\/\/prosolvers.es\/ca\/wp-json\/wp\/v2\/users\/1"}],"replies":[{"embeddable":true,"href":"https:\/\/prosolvers.es\/ca\/wp-json\/wp\/v2\/comments?post=700"}],"version-history":[{"count":14,"href":"https:\/\/prosolvers.es\/ca\/wp-json\/wp\/v2\/pages\/700\/revisions"}],"predecessor-version":[{"id":2725,"href":"https:\/\/prosolvers.es\/ca\/wp-json\/wp\/v2\/pages\/700\/revisions\/2725"}],"wp:attachment":[{"href":"https:\/\/prosolvers.es\/ca\/wp-json\/wp\/v2\/media?parent=700"}],"curies":[{"name":"wp","href":"https:\/\/api.w.org\/{rel}","templated":true}]}}