{"id":701,"date":"2019-11-19T16:27:46","date_gmt":"2019-11-19T14:27:46","guid":{"rendered":"https:\/\/prosolvers.es\/clientes\/"},"modified":"2022-09-12T17:47:51","modified_gmt":"2022-09-12T15:47:51","slug":"clients","status":"publish","type":"page","link":"https:\/\/prosolvers.es\/ca\/clients\/","title":{"rendered":"CLIENTS"},"content":{"rendered":"<div class=\"wpb-content-wrapper\">[vc_row full_width=&#8221;stretch_row&#8221; content_placement=&#8221;middle&#8221; full_height=&#8221;yes&#8221; css=&#8221;.vc_custom_1572276156102{padding-top: 100px !important;padding-bottom: 100px !important;background-color: #f5f6f6 !important;background-position: center !important;background-repeat: no-repeat !important;background-size: cover !important;}&#8221;][vc_column][vc_column_text el_class=&#8221;titol-seccio&#8221; css=&#8221;.vc_custom_1662997496591{padding-bottom: 50px !important;}&#8221;]\n<h1 style=\"text-align: center;\">CLIENTS<\/h1>\n[\/vc_column_text][vc_row_inner][vc_column_inner][vc_column_text el_class=&#8221;subtitol-seccio&#8221;]\n<h2 style=\"text-align: center;\">ADMINISTRACIONS P\u00daBLIQUES<\/h2>\n[\/vc_column_text][vc_separator color=&#8221;custom&#8221; style=&#8221;dotted&#8221; el_width=&#8221;10&#8243; accent_color=&#8221;#0080a9&#8243; css=&#8221;.vc_custom_1572275682937{padding-top: 10px !important;padding-bottom: 50px !important;}&#8221;][vc_column_text el_class=&#8221;p&#8221;]Treballem amb administracions p\u00fabliques de tota mena, des d\u2019entitats locals fins a organismes dependents de l\u2019estat, mitjan\u00e7ant la participaci\u00f3 en processos de licitaci\u00f3 p\u00fablica, tant a nivell de projectes com d\u2019assist\u00e8ncia t\u00e8cnica, control de qualitat i direcci\u00f3 d\u2019obra.[\/vc_column_text][\/vc_column_inner][\/vc_row_inner][vc_row_inner equal_height=&#8221;yes&#8221; content_placement=&#8221;middle&#8221; css=&#8221;.vc_custom_1574174164123{padding-top: 50px !important;}&#8221;][vc_column_inner width=&#8221;1\/3&#8243;][vc_single_image image=&#8221;266&#8243; alignment=&#8221;center&#8221; img_hover=&#8221;opacity&#8221; img_filter=&#8221;grayscale&#8221;][\/vc_column_inner][vc_column_inner width=&#8221;1\/3&#8243;][vc_single_image image=&#8221;267&#8243; alignment=&#8221;center&#8221; img_hover=&#8221;opacity&#8221; img_filter=&#8221;grayscale&#8221;][\/vc_column_inner][vc_column_inner width=&#8221;1\/3&#8243;][vc_single_image image=&#8221;269&#8243; alignment=&#8221;center&#8221; img_hover=&#8221;opacity&#8221; img_filter=&#8221;grayscale&#8221;][\/vc_column_inner][\/vc_row_inner][vc_row_inner equal_height=&#8221;yes&#8221; content_placement=&#8221;middle&#8221; css=&#8221;.vc_custom_1574174164123{padding-top: 50px !important;}&#8221;][vc_column_inner width=&#8221;1\/3&#8243;][vc_single_image image=&#8221;268&#8243; alignment=&#8221;center&#8221; img_hover=&#8221;opacity&#8221; img_filter=&#8221;grayscale&#8221;][\/vc_column_inner][vc_column_inner width=&#8221;1\/3&#8243;][vc_single_image image=&#8221;270&#8243; alignment=&#8221;center&#8221; img_hover=&#8221;opacity&#8221; img_filter=&#8221;grayscale&#8221;][\/vc_column_inner][vc_column_inner width=&#8221;1\/3&#8243;][vc_single_image image=&#8221;271&#8243; alignment=&#8221;center&#8221; img_hover=&#8221;opacity&#8221; img_filter=&#8221;grayscale&#8221;][\/vc_column_inner][\/vc_row_inner][vc_row_inner equal_height=&#8221;yes&#8221; content_placement=&#8221;middle&#8221; css=&#8221;.vc_custom_1574174164123{padding-top: 50px !important;}&#8221;][vc_column_inner width=&#8221;1\/3&#8243;][vc_single_image image=&#8221;1169&#8243; alignment=&#8221;center&#8221; img_hover=&#8221;opacity&#8221; img_filter=&#8221;grayscale&#8221;][\/vc_column_inner][vc_column_inner width=&#8221;1\/3&#8243;][vc_single_image image=&#8221;1171&#8243; alignment=&#8221;center&#8221; img_hover=&#8221;opacity&#8221; img_filter=&#8221;grayscale&#8221;][\/vc_column_inner][vc_column_inner width=&#8221;1\/3&#8243;][vc_single_image image=&#8221;1173&#8243; alignment=&#8221;center&#8221; img_hover=&#8221;opacity&#8221; img_filter=&#8221;grayscale&#8221;][\/vc_column_inner][\/vc_row_inner][vc_row_inner css=&#8221;.vc_custom_1574175676182{padding-top: 50px !important;}&#8221;][vc_column_inner][vc_column_text el_class=&#8221;subtitol-seccio&#8221;]\n<h2 style=\"text-align: center;\">EMPRESES CONSTRUCTORES<\/h2>\n[\/vc_column_text][vc_separator color=&#8221;custom&#8221; style=&#8221;dotted&#8221; el_width=&#8221;10&#8243; accent_color=&#8221;#0080a9&#8243; css=&#8221;.vc_custom_1572275682937{padding-top: 10px !important;padding-bottom: 50px !important;}&#8221;][vc_column_text el_class=&#8221;p&#8221;]D\u2019\u00e0mbit local o nacional, treballem amb empreses importants del sector en la preparaci\u00f3 d\u2019ofertes t\u00e8cniques i econ\u00f2miques, amb l\u2019objectiu d\u2019optimitzar les possibilitats d\u2019\u00e8xit a les licitacions. Tamb\u00e9 fem treballs de prefectura d\u2019obra civil i d\u2019edificaci\u00f3.[\/vc_column_text][\/vc_column_inner][\/vc_row_inner][vc_row_inner equal_height=&#8221;yes&#8221; content_placement=&#8221;middle&#8221; css=&#8221;.vc_custom_1574175661175{padding-top: 50px !important;}&#8221;][vc_column_inner width=&#8221;1\/3&#8243;][vc_single_image image=&#8221;272&#8243; alignment=&#8221;center&#8221; img_hover=&#8221;opacity&#8221; img_filter=&#8221;grayscale&#8221;][\/vc_column_inner][vc_column_inner width=&#8221;1\/3&#8243;][vc_single_image image=&#8221;273&#8243; alignment=&#8221;center&#8221; img_hover=&#8221;opacity&#8221; img_filter=&#8221;grayscale&#8221;][\/vc_column_inner][vc_column_inner width=&#8221;1\/3&#8243;][vc_single_image image=&#8221;1182&#8243; alignment=&#8221;center&#8221; img_hover=&#8221;opacity&#8221; img_filter=&#8221;grayscale&#8221;][\/vc_column_inner][\/vc_row_inner][vc_row_inner css=&#8221;.vc_custom_1574176095409{padding-top: 50px !important;}&#8221;][vc_column_inner][vc_column_text el_class=&#8221;subtitol-seccio&#8221;]\n<h2 style=\"text-align: center;\">EMPRESES PRIVADES<\/h2>\n[\/vc_column_text][vc_separator color=&#8221;custom&#8221; style=&#8221;dotted&#8221; el_width=&#8221;10&#8243; accent_color=&#8221;#0080a9&#8243; css=&#8221;.vc_custom_1572275682937{padding-top: 10px !important;padding-bottom: 50px !important;}&#8221;][vc_column_text el_class=&#8221;p&#8221;]Informes, tramitaci\u00f3 administrativa, c\u00e0lculs especialitzats o control de qualitat s\u00f3n nom\u00e9s alguns dels serveis que oferim a les millors empreses del sector.[\/vc_column_text][\/vc_column_inner][\/vc_row_inner][vc_row_inner equal_height=&#8221;yes&#8221; content_placement=&#8221;middle&#8221; css=&#8221;.vc_custom_1574176196335{padding-top: 50px !important;}&#8221;][vc_column_inner width=&#8221;1\/6&#8243;][vc_single_image image=&#8221;275&#8243; alignment=&#8221;center&#8221; img_hover=&#8221;opacity&#8221; img_filter=&#8221;grayscale&#8221;][\/vc_column_inner][vc_column_inner width=&#8221;1\/6&#8243;][vc_single_image image=&#8221;277&#8243; alignment=&#8221;center&#8221; img_hover=&#8221;opacity&#8221; img_filter=&#8221;grayscale&#8221;][\/vc_column_inner][vc_column_inner width=&#8221;1\/6&#8243;][vc_single_image image=&#8221;276&#8243; alignment=&#8221;center&#8221; img_hover=&#8221;opacity&#8221; img_filter=&#8221;grayscale&#8221;][\/vc_column_inner][vc_column_inner width=&#8221;1\/6&#8243;][vc_single_image image=&#8221;290&#8243; alignment=&#8221;center&#8221; img_hover=&#8221;opacity&#8221; img_filter=&#8221;grayscale&#8221;][\/vc_column_inner][vc_column_inner width=&#8221;1\/6&#8243;][vc_single_image image=&#8221;285&#8243; alignment=&#8221;center&#8221; img_hover=&#8221;opacity&#8221; img_filter=&#8221;grayscale&#8221;][\/vc_column_inner][vc_column_inner width=&#8221;1\/6&#8243;][vc_single_image image=&#8221;288&#8243; alignment=&#8221;center&#8221; img_hover=&#8221;opacity&#8221; img_filter=&#8221;grayscale&#8221;][\/vc_column_inner][\/vc_row_inner][vc_row_inner equal_height=&#8221;yes&#8221; content_placement=&#8221;middle&#8221; css=&#8221;.vc_custom_1574176196335{padding-top: 50px !important;}&#8221;][vc_column_inner width=&#8221;1\/6&#8243;][vc_single_image image=&#8221;278&#8243; alignment=&#8221;center&#8221; img_hover=&#8221;opacity&#8221; img_filter=&#8221;grayscale&#8221;][\/vc_column_inner][vc_column_inner width=&#8221;1\/6&#8243;][vc_single_image image=&#8221;1196&#8243; alignment=&#8221;center&#8221; img_hover=&#8221;opacity&#8221; img_filter=&#8221;grayscale&#8221;][\/vc_column_inner][vc_column_inner width=&#8221;1\/6&#8243;][vc_single_image image=&#8221;1198&#8243; alignment=&#8221;center&#8221; img_hover=&#8221;opacity&#8221; img_filter=&#8221;grayscale&#8221;][\/vc_column_inner][vc_column_inner width=&#8221;1\/6&#8243;][vc_single_image image=&#8221;1200&#8243; alignment=&#8221;center&#8221; img_hover=&#8221;opacity&#8221; img_filter=&#8221;grayscale&#8221;][\/vc_column_inner][vc_column_inner width=&#8221;1\/6&#8243;][vc_single_image image=&#8221;1202&#8243; alignment=&#8221;center&#8221; img_hover=&#8221;opacity&#8221; img_filter=&#8221;grayscale&#8221;][\/vc_column_inner][vc_column_inner width=&#8221;1\/6&#8243;][vc_single_image image=&#8221;1204&#8243; alignment=&#8221;center&#8221; img_hover=&#8221;opacity&#8221; img_filter=&#8221;grayscale&#8221;][\/vc_column_inner][\/vc_row_inner][vc_row_inner css=&#8221;.vc_custom_1574176476644{padding-top: 50px !important;}&#8221;][vc_column_inner][vc_column_text el_class=&#8221;subtitol-seccio&#8221;]\n<h2 style=\"text-align: center;\">MARINES I PORTS ESPORTIUS<\/h2>\n[\/vc_column_text][vc_separator color=&#8221;custom&#8221; style=&#8221;dotted&#8221; el_width=&#8221;10&#8243; accent_color=&#8221;#0080a9&#8243; css=&#8221;.vc_custom_1572275682937{padding-top: 10px !important;padding-bottom: 50px !important;}&#8221;][vc_column_text el_class=&#8221;p&#8221;]Treballem colze a colze per a l\u2019obtenci\u00f3 i la millora de concessions, mitjan\u00e7ant estrat\u00e8gies d\u2019inversi\u00f3, project management, i projectes progressius de reforma d\u2019instal\u00b7lacions, que redunden en una optimitzaci\u00f3 de recursos, la modernitzaci\u00f3 de les infraestructures portu\u00e0ries, i millores qualitatives per a l\u2019usuari final.[\/vc_column_text][\/vc_column_inner][\/vc_row_inner][vc_row_inner equal_height=&#8221;yes&#8221; content_placement=&#8221;middle&#8221; css=&#8221;.vc_custom_1574176526707{padding-top: 50px !important;}&#8221;][vc_column_inner width=&#8221;1\/5&#8243;][vc_single_image image=&#8221;279&#8243; alignment=&#8221;center&#8221; img_hover=&#8221;opacity&#8221; img_filter=&#8221;grayscale&#8221;][\/vc_column_inner][vc_column_inner width=&#8221;1\/5&#8243;][vc_single_image image=&#8221;280&#8243; alignment=&#8221;center&#8221; img_hover=&#8221;opacity&#8221; img_filter=&#8221;grayscale&#8221;][\/vc_column_inner][vc_column_inner width=&#8221;1\/5&#8243;][vc_single_image image=&#8221;289&#8243; alignment=&#8221;center&#8221; img_hover=&#8221;opacity&#8221; img_filter=&#8221;grayscale&#8221;][\/vc_column_inner][vc_column_inner width=&#8221;1\/5&#8243;][vc_single_image image=&#8221;293&#8243; alignment=&#8221;center&#8221; img_hover=&#8221;opacity&#8221; img_filter=&#8221;grayscale&#8221;][\/vc_column_inner][vc_column_inner width=&#8221;1\/5&#8243;][vc_single_image image=&#8221;355&#8243; alignment=&#8221;center&#8221; img_hover=&#8221;opacity&#8221; img_filter=&#8221;grayscale&#8221;][\/vc_column_inner][\/vc_row_inner][vc_row_inner equal_height=&#8221;yes&#8221; content_placement=&#8221;middle&#8221; css=&#8221;.vc_custom_1574176526707{padding-top: 50px !important;}&#8221;][vc_column_inner width=&#8221;1\/5&#8243;][vc_single_image image=&#8221;1193&#8243; alignment=&#8221;center&#8221; img_hover=&#8221;opacity&#8221; img_filter=&#8221;grayscale&#8221;][\/vc_column_inner][vc_column_inner width=&#8221;1\/5&#8243;][vc_single_image image=&#8221;1191&#8243; alignment=&#8221;center&#8221; img_hover=&#8221;opacity&#8221; img_filter=&#8221;grayscale&#8221;][\/vc_column_inner][vc_column_inner width=&#8221;1\/5&#8243;][vc_single_image image=&#8221;1189&#8243; alignment=&#8221;center&#8221; img_hover=&#8221;opacity&#8221; img_filter=&#8221;grayscale&#8221;][\/vc_column_inner][vc_column_inner width=&#8221;1\/5&#8243;][vc_single_image image=&#8221;1187&#8243; alignment=&#8221;center&#8221; img_hover=&#8221;opacity&#8221; img_filter=&#8221;grayscale&#8221;][\/vc_column_inner][vc_column_inner width=&#8221;1\/5&#8243;][vc_single_image image=&#8221;1185&#8243; alignment=&#8221;center&#8221; img_hover=&#8221;opacity&#8221; img_filter=&#8221;grayscale&#8221;][\/vc_column_inner][\/vc_row_inner][\/vc_column][\/vc_row]\n<\/div>","protected":false},"excerpt":{"rendered":"<p>[vc_row full_width=&#8221;stretch_row&#8221; content_placement=&#8221;middle&#8221; full_height=&#8221;yes&#8221; css=&#8221;.vc_custom_1572276156102{padding-top: 100px !important;padding-bottom: 100px !important;background-color: #f5f6f6 !important;background-position: center !important;background-repeat: no-repeat !important;background-size: cover !important;}&#8221;][vc_column][vc_column_text el_class=&#8221;titol-seccio&#8221; css=&#8221;.vc_custom_1662997496591{padding-bottom: 50px !important;}&#8221;] CLIENTS [\/vc_column_text][vc_row_inner][vc_column_inner][vc_column_text el_class=&#8221;subtitol-seccio&#8221;] ADMINISTRACIONS P\u00daBLIQUES [\/vc_column_text][vc_separator color=&#8221;custom&#8221; style=&#8221;dotted&#8221; el_width=&#8221;10&#8243; accent_color=&#8221;#0080a9&#8243; css=&#8221;.vc_custom_1572275682937{padding-top: 10px !important;padding-bottom: 50px !important;}&#8221;][vc_column_text el_class=&#8221;p&#8221;]Treballem amb administracions p\u00fabliques de tota mena, des d\u2019entitats locals fins a organismes dependents de l\u2019estat, mitjan\u00e7ant la participaci\u00f3&hellip;<\/p>\n","protected":false},"author":1,"featured_media":0,"parent":0,"menu_order":26,"comment_status":"closed","ping_status":"closed","template":"","meta":{"footnotes":""},"class_list":["post-701","page","type-page","status-publish","hentry","entry","no-media"],"yoast_head":"<!-- This site is optimized with the Yoast SEO plugin v27.4 - https:\/\/yoast.com\/product\/yoast-seo-wordpress\/ -->\n<title>CLIENTS - PROSOLVERS<\/title>\n<meta name=\"robots\" content=\"index, follow, max-snippet:-1, max-image-preview:large, max-video-preview:-1\" \/>\n<link rel=\"canonical\" href=\"https:\/\/prosolvers.es\/ca\/clients\/\" \/>\n<meta property=\"og:locale\" content=\"ca_ES\" \/>\n<meta property=\"og:type\" content=\"article\" \/>\n<meta property=\"og:title\" content=\"CLIENTS - PROSOLVERS\" \/>\n<meta property=\"og:description\" content=\"[vc_row full_width=&#8221;stretch_row&#8221; content_placement=&#8221;middle&#8221; full_height=&#8221;yes&#8221; css=&#8221;.vc_custom_1572276156102{padding-top: 100px !important;padding-bottom: 100px !important;background-color: #f5f6f6 !important;background-position: center !important;background-repeat: no-repeat !important;background-size: cover !important;}&#8221;][vc_column][vc_column_text el_class=&#8221;titol-seccio&#8221; css=&#8221;.vc_custom_1662997496591{padding-bottom: 50px !important;}&#8221;] CLIENTS [\/vc_column_text][vc_row_inner][vc_column_inner][vc_column_text el_class=&#8221;subtitol-seccio&#8221;] ADMINISTRACIONS P\u00daBLIQUES [\/vc_column_text][vc_separator color=&#8221;custom&#8221; style=&#8221;dotted&#8221; el_width=&#8221;10&#8243; accent_color=&#8221;#0080a9&#8243; css=&#8221;.vc_custom_1572275682937{padding-top: 10px !important;padding-bottom: 50px !important;}&#8221;][vc_column_text el_class=&#8221;p&#8221;]Treballem amb administracions p\u00fabliques de tota mena, des d\u2019entitats locals fins a organismes dependents de l\u2019estat, mitjan\u00e7ant la participaci\u00f3&hellip;\" \/>\n<meta property=\"og:url\" content=\"https:\/\/prosolvers.es\/ca\/clients\/\" \/>\n<meta property=\"og:site_name\" content=\"PROSOLVERS\" \/>\n<meta property=\"article:modified_time\" content=\"2022-09-12T15:47:51+00:00\" \/>\n<meta name=\"twitter:card\" content=\"summary_large_image\" \/>\n<meta name=\"twitter:label1\" content=\"Temps estimat de lectura\" \/>\n\t<meta name=\"twitter:data1\" content=\"6 minuts\" \/>\n<script type=\"application\/ld+json\" class=\"yoast-schema-graph\">{\"@context\":\"https:\\\/\\\/schema.org\",\"@graph\":[{\"@type\":\"WebPage\",\"@id\":\"https:\\\/\\\/prosolvers.es\\\/ca\\\/clients\\\/\",\"url\":\"https:\\\/\\\/prosolvers.es\\\/ca\\\/clients\\\/\",\"name\":\"CLIENTS - PROSOLVERS\",\"isPartOf\":{\"@id\":\"https:\\\/\\\/prosolvers.es\\\/#website\"},\"datePublished\":\"2019-11-19T14:27:46+00:00\",\"dateModified\":\"2022-09-12T15:47:51+00:00\",\"breadcrumb\":{\"@id\":\"https:\\\/\\\/prosolvers.es\\\/ca\\\/clients\\\/#breadcrumb\"},\"inLanguage\":\"ca\",\"potentialAction\":[{\"@type\":\"ReadAction\",\"target\":[\"https:\\\/\\\/prosolvers.es\\\/ca\\\/clients\\\/\"]}]},{\"@type\":\"BreadcrumbList\",\"@id\":\"https:\\\/\\\/prosolvers.es\\\/ca\\\/clients\\\/#breadcrumb\",\"itemListElement\":[{\"@type\":\"ListItem\",\"position\":1,\"name\":\"Portada\",\"item\":\"https:\\\/\\\/prosolvers.es\\\/ca\\\/\"},{\"@type\":\"ListItem\",\"position\":2,\"name\":\"CLIENTS\"}]},{\"@type\":\"WebSite\",\"@id\":\"https:\\\/\\\/prosolvers.es\\\/#website\",\"url\":\"https:\\\/\\\/prosolvers.es\\\/\",\"name\":\"PROSOLVERS\",\"description\":\"\",\"publisher\":{\"@id\":\"https:\\\/\\\/prosolvers.es\\\/#organization\"},\"potentialAction\":[{\"@type\":\"SearchAction\",\"target\":{\"@type\":\"EntryPoint\",\"urlTemplate\":\"https:\\\/\\\/prosolvers.es\\\/?s={search_term_string}\"},\"query-input\":{\"@type\":\"PropertyValueSpecification\",\"valueRequired\":true,\"valueName\":\"search_term_string\"}}],\"inLanguage\":\"ca\"},{\"@type\":\"Organization\",\"@id\":\"https:\\\/\\\/prosolvers.es\\\/#organization\",\"name\":\"PROSOLVERS\",\"url\":\"https:\\\/\\\/prosolvers.es\\\/\",\"logo\":{\"@type\":\"ImageObject\",\"inLanguage\":\"ca\",\"@id\":\"https:\\\/\\\/prosolvers.es\\\/#\\\/schema\\\/logo\\\/image\\\/\",\"url\":\"https:\\\/\\\/prosolvers.es\\\/wp-content\\\/uploads\\\/2019\\\/10\\\/LOGOTIPO-HEADER-PROSOLVERS-01.png\",\"contentUrl\":\"https:\\\/\\\/prosolvers.es\\\/wp-content\\\/uploads\\\/2019\\\/10\\\/LOGOTIPO-HEADER-PROSOLVERS-01.png\",\"width\":285,\"height\":285,\"caption\":\"PROSOLVERS\"},\"image\":{\"@id\":\"https:\\\/\\\/prosolvers.es\\\/#\\\/schema\\\/logo\\\/image\\\/\"}}]}<\/script>\n<!-- \/ Yoast SEO plugin. -->","yoast_head_json":{"title":"CLIENTS - PROSOLVERS","robots":{"index":"index","follow":"follow","max-snippet":"max-snippet:-1","max-image-preview":"max-image-preview:large","max-video-preview":"max-video-preview:-1"},"canonical":"https:\/\/prosolvers.es\/ca\/clients\/","og_locale":"ca_ES","og_type":"article","og_title":"CLIENTS - PROSOLVERS","og_description":"[vc_row full_width=&#8221;stretch_row&#8221; content_placement=&#8221;middle&#8221; full_height=&#8221;yes&#8221; css=&#8221;.vc_custom_1572276156102{padding-top: 100px !important;padding-bottom: 100px !important;background-color: #f5f6f6 !important;background-position: center !important;background-repeat: no-repeat !important;background-size: cover !important;}&#8221;][vc_column][vc_column_text el_class=&#8221;titol-seccio&#8221; css=&#8221;.vc_custom_1662997496591{padding-bottom: 50px !important;}&#8221;] CLIENTS [\/vc_column_text][vc_row_inner][vc_column_inner][vc_column_text el_class=&#8221;subtitol-seccio&#8221;] ADMINISTRACIONS P\u00daBLIQUES [\/vc_column_text][vc_separator color=&#8221;custom&#8221; style=&#8221;dotted&#8221; el_width=&#8221;10&#8243; accent_color=&#8221;#0080a9&#8243; css=&#8221;.vc_custom_1572275682937{padding-top: 10px !important;padding-bottom: 50px !important;}&#8221;][vc_column_text el_class=&#8221;p&#8221;]Treballem amb administracions p\u00fabliques de tota mena, des d\u2019entitats locals fins a organismes dependents de l\u2019estat, mitjan\u00e7ant la participaci\u00f3&hellip;","og_url":"https:\/\/prosolvers.es\/ca\/clients\/","og_site_name":"PROSOLVERS","article_modified_time":"2022-09-12T15:47:51+00:00","twitter_card":"summary_large_image","twitter_misc":{"Temps estimat de lectura":"6 minuts"},"schema":{"@context":"https:\/\/schema.org","@graph":[{"@type":"WebPage","@id":"https:\/\/prosolvers.es\/ca\/clients\/","url":"https:\/\/prosolvers.es\/ca\/clients\/","name":"CLIENTS - PROSOLVERS","isPartOf":{"@id":"https:\/\/prosolvers.es\/#website"},"datePublished":"2019-11-19T14:27:46+00:00","dateModified":"2022-09-12T15:47:51+00:00","breadcrumb":{"@id":"https:\/\/prosolvers.es\/ca\/clients\/#breadcrumb"},"inLanguage":"ca","potentialAction":[{"@type":"ReadAction","target":["https:\/\/prosolvers.es\/ca\/clients\/"]}]},{"@type":"BreadcrumbList","@id":"https:\/\/prosolvers.es\/ca\/clients\/#breadcrumb","itemListElement":[{"@type":"ListItem","position":1,"name":"Portada","item":"https:\/\/prosolvers.es\/ca\/"},{"@type":"ListItem","position":2,"name":"CLIENTS"}]},{"@type":"WebSite","@id":"https:\/\/prosolvers.es\/#website","url":"https:\/\/prosolvers.es\/","name":"PROSOLVERS","description":"","publisher":{"@id":"https:\/\/prosolvers.es\/#organization"},"potentialAction":[{"@type":"SearchAction","target":{"@type":"EntryPoint","urlTemplate":"https:\/\/prosolvers.es\/?s={search_term_string}"},"query-input":{"@type":"PropertyValueSpecification","valueRequired":true,"valueName":"search_term_string"}}],"inLanguage":"ca"},{"@type":"Organization","@id":"https:\/\/prosolvers.es\/#organization","name":"PROSOLVERS","url":"https:\/\/prosolvers.es\/","logo":{"@type":"ImageObject","inLanguage":"ca","@id":"https:\/\/prosolvers.es\/#\/schema\/logo\/image\/","url":"https:\/\/prosolvers.es\/wp-content\/uploads\/2019\/10\/LOGOTIPO-HEADER-PROSOLVERS-01.png","contentUrl":"https:\/\/prosolvers.es\/wp-content\/uploads\/2019\/10\/LOGOTIPO-HEADER-PROSOLVERS-01.png","width":285,"height":285,"caption":"PROSOLVERS"},"image":{"@id":"https:\/\/prosolvers.es\/#\/schema\/logo\/image\/"}}]}},"_links":{"self":[{"href":"https:\/\/prosolvers.es\/ca\/wp-json\/wp\/v2\/pages\/701","targetHints":{"allow":["GET"]}}],"collection":[{"href":"https:\/\/prosolvers.es\/ca\/wp-json\/wp\/v2\/pages"}],"about":[{"href":"https:\/\/prosolvers.es\/ca\/wp-json\/wp\/v2\/types\/page"}],"author":[{"embeddable":true,"href":"https:\/\/prosolvers.es\/ca\/wp-json\/wp\/v2\/users\/1"}],"replies":[{"embeddable":true,"href":"https:\/\/prosolvers.es\/ca\/wp-json\/wp\/v2\/comments?post=701"}],"version-history":[{"count":5,"href":"https:\/\/prosolvers.es\/ca\/wp-json\/wp\/v2\/pages\/701\/revisions"}],"predecessor-version":[{"id":1209,"href":"https:\/\/prosolvers.es\/ca\/wp-json\/wp\/v2\/pages\/701\/revisions\/1209"}],"wp:attachment":[{"href":"https:\/\/prosolvers.es\/ca\/wp-json\/wp\/v2\/media?parent=701"}],"curies":[{"name":"wp","href":"https:\/\/api.w.org\/{rel}","templated":true}]}}