{"id":705,"date":"2019-10-28T16:56:01","date_gmt":"2019-10-28T14:56:01","guid":{"rendered":"https:\/\/prosolvers.es\/quienes-somos\/"},"modified":"2022-11-14T13:52:13","modified_gmt":"2022-11-14T11:52:13","slug":"qui-som","status":"publish","type":"page","link":"https:\/\/prosolvers.es\/ca\/qui-som\/","title":{"rendered":"QUI SOM?"},"content":{"rendered":"<div class=\"wpb-content-wrapper\">[vc_row content_placement=&#8221;top&#8221; column_spacing=&#8221;0px&#8221;][vc_column]\n\t\t\t<!-- START slider2 prosolvers  EMPRES_CAT REVOLUTION SLIDER 6.7.35 --><p class=\"rs-p-wp-fix\"><\/p>\n\t\t\t<rs-module-wrap id=\"rev_slider_5_1_wrapper\" data-source=\"gallery\" style=\"visibility:hidden;background:transparent;padding:0;margin:0px auto;margin-top:0;margin-bottom:0;\">\n\t\t\t\t<rs-module id=\"rev_slider_5_1\" style=\"\" data-version=\"6.7.35\">\n\t\t\t\t\t<rs-slides style=\"overflow: hidden; position: absolute;\">\n\t\t\t\t\t\t<rs-slide style=\"position: absolute;\" data-key=\"rs-49\" data-title=\"Slide\" data-anim=\"adpr:false;\" data-mediafilter=\"moon\">\n\t\t\t\t\t\t\t<img src=\"\/\/prosolvers.es\/wp-content\/plugins\/revslider\/sr6\/assets\/assets\/dummy.png\" alt=\"\" title=\"QUI SOM?\" class=\"rev-slidebg tp-rs-img rs-lazyload\" data-lazyload=\"\/\/prosolvers.es\/wp-content\/uploads\/2019\/10\/3.SLIDERS-WEB-19-PROSOLVERS-ENGINEERS.jpg\" data-no-retina>\n<!--\n\t\t\t\t\t\t\t--><rs-layer\n\t\t\t\t\t\t\t\tid=\"slider-5-slide-49-layer-1\" \n\t\t\t\t\t\t\t\tdata-type=\"image\"\n\t\t\t\t\t\t\t\tdata-rsp_ch=\"on\"\n\t\t\t\t\t\t\t\tdata-xy=\"x:c;y:c;\"\n\t\t\t\t\t\t\t\tdata-text=\"l:22;a:inherit;\"\n\t\t\t\t\t\t\t\tdata-dim=\"w:160px;h:160px;\"\n\t\t\t\t\t\t\t\tdata-frame_0=\"x:-175%;o:1;tp:600;\"\n\t\t\t\t\t\t\t\tdata-frame_0_mask=\"u:t;x:100%;\"\n\t\t\t\t\t\t\t\tdata-frame_1=\"tp:600;e:power1.in;sp:4490;sR:10;\"\n\t\t\t\t\t\t\t\tdata-frame_1_mask=\"u:t;\"\n\t\t\t\t\t\t\t\tdata-frame_999=\"o:0;tp:600;st:w;sR:4500;\"\n\t\t\t\t\t\t\t\tstyle=\"z-index:5;\"\n\t\t\t\t\t\t\t><img src=\"\/\/prosolvers.es\/wp-content\/plugins\/revslider\/sr6\/assets\/assets\/dummy.png\" alt=\"\" class=\"tp-rs-img rs-lazyload\" width=\"1181\" height=\"1181\" data-lazyload=\"\/\/prosolvers.es\/wp-content\/uploads\/2019\/10\/LOGOTIPS-PROSOLVERS-01.png\" data-no-retina> \n\t\t\t\t\t\t\t<\/rs-layer><!--\n\n\t\t\t\t\t\t\t--><a\n\t\t\t\t\t\t\t\tid=\"slider-5-slide-49-layer-3\" \n\t\t\t\t\t\t\t\tclass=\"rs-layer local-scroll\"\n\t\t\t\t\t\t\t\thref=\"#equipo\" target=\"_self\"\n\t\t\t\t\t\t\t\tdata-type=\"text\"\n\t\t\t\t\t\t\t\tdata-color=\"#ffffff\"\n\t\t\t\t\t\t\t\tdata-rsp_ch=\"on\"\n\t\t\t\t\t\t\t\tdata-xy=\"x:c;y:c;yo:112px;\"\n\t\t\t\t\t\t\t\tdata-text=\"s:13;l:13;a:inherit;\"\n\t\t\t\t\t\t\t\tdata-basealign=\"slide\"\n\t\t\t\t\t\t\t\tdata-padding=\"t:10;r:15;b:10;l:15;\"\n\t\t\t\t\t\t\t\tdata-border=\"bor:2px,2px,2px,2px;\"\n\t\t\t\t\t\t\t\tdata-frame_0=\"tp:600;\"\n\t\t\t\t\t\t\t\tdata-frame_1=\"tp:600;st:4370;sp:2430;sR:4370;\"\n\t\t\t\t\t\t\t\tdata-frame_999=\"o:0;tp:600;st:w;sR:2200;\"\n\t\t\t\t\t\t\t\tdata-frame_hover=\"c:#fff;bgc:rgba(0,128,169,0.5);bor:0px,0px,0px,0px;oX:50;oY:50;sp:0;e:none;\"\n\t\t\t\t\t\t\t\tstyle=\"z-index:6;background-color:rgba(0,128,169,0.7);font-family:'Roboto';\"\n\t\t\t\t\t\t\t>EQUIP \n\t\t\t\t\t\t\t<\/a><!--\n-->\t\t\t\t\t<\/rs-slide>\n\t\t\t\t\t\t<rs-slide style=\"position: absolute;\" data-key=\"rs-50\" data-title=\"Slide\" data-anim=\"adpr:false;\" data-mediafilter=\"moon\">\n\t\t\t\t\t\t\t<img src=\"\/\/prosolvers.es\/wp-content\/plugins\/revslider\/sr6\/assets\/assets\/dummy.png\" alt=\"\" title=\"QUI SOM?\" class=\"rev-slidebg tp-rs-img rs-lazyload\" data-lazyload=\"\/\/prosolvers.es\/wp-content\/uploads\/2019\/10\/4B.SLIDERS-WEB-19-PROSOLVERS-ENGINEERS.jpg\" data-no-retina>\n<!--\n\t\t\t\t\t\t\t--><a\n\t\t\t\t\t\t\t\tid=\"slider-5-slide-50-layer-3\" \n\t\t\t\t\t\t\t\tclass=\"rs-layer local-scroll\"\n\t\t\t\t\t\t\t\thref=\"#valores\" target=\"_self\"\n\t\t\t\t\t\t\t\tdata-type=\"text\"\n\t\t\t\t\t\t\t\tdata-color=\"#ffffff\"\n\t\t\t\t\t\t\t\tdata-rsp_ch=\"on\"\n\t\t\t\t\t\t\t\tdata-xy=\"x:c;y:c;yo:112px;\"\n\t\t\t\t\t\t\t\tdata-text=\"s:13;l:13;a:inherit;\"\n\t\t\t\t\t\t\t\tdata-basealign=\"slide\"\n\t\t\t\t\t\t\t\tdata-padding=\"t:10;r:15;b:10;l:15;\"\n\t\t\t\t\t\t\t\tdata-border=\"bor:2px,2px,2px,2px;\"\n\t\t\t\t\t\t\t\tdata-frame_0=\"tp:600;\"\n\t\t\t\t\t\t\t\tdata-frame_1=\"tp:600;st:4370;sp:2430;sR:4370;\"\n\t\t\t\t\t\t\t\tdata-frame_999=\"o:0;tp:600;st:w;sR:2200;\"\n\t\t\t\t\t\t\t\tdata-frame_hover=\"c:#fff;bgc:rgba(0,128,169,0.5);bor:0px,0px,0px,0px;oX:50;oY:50;sp:0;e:none;\"\n\t\t\t\t\t\t\t\tstyle=\"z-index:5;background-color:rgba(0,128,169,0.7);font-family:'Roboto';\"\n\t\t\t\t\t\t\t>VALORS \n\t\t\t\t\t\t\t<\/a><!--\n\n\t\t\t\t\t\t\t--><rs-layer\n\t\t\t\t\t\t\t\tid=\"slider-5-slide-50-layer-5\" \n\t\t\t\t\t\t\t\tdata-type=\"text\"\n\t\t\t\t\t\t\t\tdata-color=\"#0080a9\"\n\t\t\t\t\t\t\t\tdata-rsp_ch=\"on\"\n\t\t\t\t\t\t\t\tdata-xy=\"x:c;y:c;\"\n\t\t\t\t\t\t\t\tdata-text=\"s:40;l:40;fw:700;a:inherit;\"\n\t\t\t\t\t\t\t\tdata-frame_0=\"x:-175%;o:1;tp:600;\"\n\t\t\t\t\t\t\t\tdata-frame_0_mask=\"u:t;x:100%;\"\n\t\t\t\t\t\t\t\tdata-frame_1=\"tp:600;e:power3.out;sp:4490;sR:10;\"\n\t\t\t\t\t\t\t\tdata-frame_1_mask=\"u:t;\"\n\t\t\t\t\t\t\t\tdata-frame_999=\"o:0;tp:600;st:w;sR:4500;\"\n\t\t\t\t\t\t\t\tstyle=\"z-index:6;font-family:'Roboto';\"\n\t\t\t\t\t\t\t>ELS NOSTRES VALORS \n\t\t\t\t\t\t\t<\/rs-layer><!--\n\n\t\t\t\t\t\t\t--><a\n\t\t\t\t\t\t\t\tid=\"slider-5-slide-50-layer-6\" \n\t\t\t\t\t\t\t\tclass=\"rs-layer local-scroll\"\n\t\t\t\t\t\t\t\thref=\"#valores\" target=\"_self\"\n\t\t\t\t\t\t\t\tdata-type=\"text\"\n\t\t\t\t\t\t\t\tdata-color=\"#0080a9\"\n\t\t\t\t\t\t\t\tdata-rsp_ch=\"on\"\n\t\t\t\t\t\t\t\tdata-xy=\"x:c;xo:-2px;y:c;yo:43px;\"\n\t\t\t\t\t\t\t\tdata-text=\"s:40;l:40;fw:700;a:inherit;\"\n\t\t\t\t\t\t\t\tdata-frame_0=\"x:175%;o:1;tp:600;\"\n\t\t\t\t\t\t\t\tdata-frame_0_mask=\"u:t;x:-100%;\"\n\t\t\t\t\t\t\t\tdata-frame_1=\"tp:600;e:power3.out;st:1240;sp:1500;sR:1240;\"\n\t\t\t\t\t\t\t\tdata-frame_1_mask=\"u:t;\"\n\t\t\t\t\t\t\t\tdata-frame_999=\"o:0;tp:600;st:w;sR:6260;\"\n\t\t\t\t\t\t\t\tstyle=\"z-index:7;font-family:'Roboto';\"\n\t\t\t\t\t\t\t>SON ELS CLIENTS \n\t\t\t\t\t\t\t<\/a><!--\n-->\t\t\t\t\t<\/rs-slide>\n\t\t\t\t\t<\/rs-slides>\n\t\t\t\t<\/rs-module>\n\t\t\t\t<script>\n\t\t\t\t\tsetREVStartSize({c: 'rev_slider_5_1',rl:[1240,1024,778,480],el:[],gw:[1400],gh:[400],type:'standard',justify:'',layout:'fullwidth',mh:\"0\"});if (window.RS_MODULES!==undefined && window.RS_MODULES.modules!==undefined && window.RS_MODULES.modules[\"revslider51\"]!==undefined) {window.RS_MODULES.modules[\"revslider51\"].once = false;window.revapi5 = undefined;if (window.RS_MODULES.checkMinimal!==undefined) window.RS_MODULES.checkMinimal()}\n\t\t\t\t<\/script>\n\t\t\t<\/rs-module-wrap>\n\t\t\t<!-- END REVOLUTION SLIDER -->\n[\/vc_column][\/vc_row][vc_row full_width=&#8221;stretch_row&#8221; content_placement=&#8221;middle&#8221; full_height=&#8221;yes&#8221; css=&#8221;.vc_custom_1572445874797{padding-top: 100px !important;padding-bottom: 100px !important;background-color: #f5f6f6 !important;background-position: center !important;background-repeat: no-repeat !important;background-size: cover !important;}&#8221; local_scroll_id=&#8221;valores&#8221; el_id=&#8221;valores&#8221;][vc_column][vc_column_text el_class=&#8221;titol-seccio&#8221; css=&#8221;.vc_custom_1572275235964{padding-bottom: 50px !important;}&#8221;]\n<h1 style=\"text-align: center;\">EMPRESA<\/h1>\n[\/vc_column_text][vc_column_text el_class=&#8221;text&#8221;]PROJECT SOLVERS ASSESSORS S.L. (PROSOLVERS) \u00e9s una empresa consultora creada el 2016, dedicada a la realitzaci\u00f3 de treballs al camp de l&#8217;enginyeria civil i l&#8217;arquitectura, especialitzada en enginyeria mar\u00edtima i portu\u00e0ria.<\/p>\n<p>PROSOLVERS compta amb un equip multidisciplinar, amb una \u00e0mplia experi\u00e8ncia en treballs de redacci\u00f3 i gesti\u00f3 de projectes d&#8217;enginyeria i arquitectura. Centrats a assolir la m\u00e0xima qualitat en els serveis prestats, aplicant el coneixement t\u00e8cnic i la gesti\u00f3 adequats a les necessitats dels nostres clients ia les condicions espec\u00edfiques de cada projecte.<\/p>\n<p>PROSOLVERS ofereix els seus serveis tant a empreses privades com a administracions p\u00fabliques. La nostra capacitat de treball, i el comprom\u00eds ferm amb el client, ens permeten assolir un alt grau de qualitat als treballs i d&#8217;\u00e8xit a les ofertes de licitaci\u00f3.[\/vc_column_text][vc_row_inner][vc_column_inner][vc_column_text el_class=&#8221;subtitol-seccio&#8221;]\n<h2 style=\"text-align: center;\">MISI\u00d3, VISI\u00d3, VALORS<\/h2>\n[\/vc_column_text][vc_separator color=&#8221;custom&#8221; style=&#8221;dotted&#8221; el_width=&#8221;10&#8243; accent_color=&#8221;#0080a9&#8243; css=&#8221;.vc_custom_1572275682937{padding-top: 10px !important;padding-bottom: 50px !important;}&#8221;][vc_column_text el_class=&#8221;text&#8221;]PROSOLVERS \u00e9s una empresa enfocada a la creaci\u00f3 de valor per a la societat a trav\u00e9s de projectes i treballs d&#8217;alta qualitat que generen millores en les infraestructures i equipaments p\u00fablics i privats. Amb la vista posada en la sostenibilitat, la reutilitzaci\u00f3 de materials i la minimitzaci\u00f3 de costos econ\u00f2mics i mediambientals.<\/p>\n<p>PROSOLVERS basa el seu treball en la recerca de l&#8217;excel\u00b7l\u00e8ncia, establint un rigor\u00f3s control de qualitat en tots els seus treballs, amb la professionalitat i la serietat que ens caracteritza. La atenci\u00f3 minuciosa a les necessitats del client, el nostre comprom\u00eds, aix\u00ed com el coneixement dels factors externs al projecte, ens permeten avan\u00e7ar-nos als riscos, optimitzant les solucions aportades.<\/p>\n<p>A PROSOLVERS entenem que l&#8217;honestedat i la responsabilitat es reflecteixen en la feina ben feta i en la satisfacci\u00f3 final del client.<\/p>\n<p>PROSOLVERS vol ser la refer\u00e8ncia quant a enginyeria mar\u00edtima i portu\u00e0ria a Balears, per a la qual cosa disposa del millor equip de professionals i implementa procediments de gesti\u00f3 de projectes avan\u00e7ada i les darreres eines tecnol\u00f2giques disponibles.[\/vc_column_text][\/vc_column_inner][\/vc_row_inner][\/vc_column][\/vc_row][vc_section full_width=&#8221;stretch_row&#8221; content_placement=&#8221;middle&#8221; css=&#8221;.vc_custom_1572444049145{padding-top: 100px !important;padding-bottom: 100px !important;background-color: rgba(0,128,169,0.8) !important;*background-color: rgb(0,128,169) !important;}&#8221; local_scroll_id=&#8221;equipo&#8221; el_id=&#8221;equipo&#8221;][vc_row][vc_column][vc_column_text el_class=&#8221;subtitol-seccio-blanc&#8221;]\n<h2 style=\"text-align: center;\">EQUIP<\/h2>\n[\/vc_column_text][vc_separator color=&#8221;custom&#8221; style=&#8221;dotted&#8221; el_width=&#8221;10&#8243; accent_color=&#8221;#ffffff&#8221; css=&#8221;.vc_custom_1572443858610{padding-top: 10px !important;padding-bottom: 50px !important;}&#8221;][vc_column_text el_class=&#8221;text-blanc&#8221;]PROSOLVERS disposa d\u00b4un equip de professionals altament qualificats per afrontar els projectes amb la m\u00e0xima garantia. Enginyers, arquitectes i t\u00e8cnics que acompanyen el client al llarg de les diferents fases del projecte, aportant a cada moment els coneixements necessaris per al seu correcte desenvolupament.<\/p>\n<p>En formaci\u00f3 continuada, els nostres t\u00e8cnics avaluen les necessitats, detecten riscos i oportunitats, i ofereixen el millor assessorament al client. Compromesos, i amb alt grau de responsabilitat, donant sempre el millor per aconseguir que cada feina sigui un \u00e8xit i suposi una millora real per al client i els usuaris finals.[\/vc_column_text][vc_row_inner equal_height=&#8221;yes&#8221; content_placement=&#8221;middle&#8221; css=&#8221;.vc_custom_1572446357413{padding-top: 100px !important;}&#8221;][vc_column_inner width=&#8221;1\/2&#8243;][vc_single_image image=&#8221;1704&#8243; img_size=&#8221;250&#215;250&#8243; alignment=&#8221;center&#8221; style=&#8221;vc_box_circle_2&#8243;][\/vc_column_inner][vc_column_inner width=&#8221;1\/2&#8243;][vc_column_text el_class=&#8221;subtitol-seccio-blanc&#8221; css=&#8221;.vc_custom_1572446302973{padding-bottom: 25px !important;}&#8221; text_align=&#8221;left&#8221;]\n<h2 style=\"text-align: left;\">JOAN CALDENTEY SANCHO<\/h2>\n[\/vc_column_text][vc_column_text el_class=&#8221;text&#8221;]Joan Caldentey Sancho, Fundador i Gerent de PROJECT SOLVERS ASSESSORS S.L., \u00e9s Enginyer de Camins, Canals i Ports per la Universitat Polit\u00e8cnica de Catalunya a m\u00e9s de posseir un M\u00e0ster en Project Management per la Universitat Ramon Llull de Barcelona. Va iniciar la seva carrera professional el 2005, on es va especialitzar a l&#8217;\u00e0rea de l&#8217;Enginyeria Mar\u00edtima i Portu\u00e0ria i estenent-se a altres \u00e0rees de l&#8217;Enginyeria Civil i Edificaci\u00f3, participant en m\u00faltiples projectes en les diferents fases: redacci\u00f3 de projectes, Direcci\u00f3 d&#8217;Obra, Project Management, cap d&#8217;obra, etc.[\/vc_column_text][\/vc_column_inner][\/vc_row_inner][vc_row_inner equal_height=&#8221;yes&#8221; content_placement=&#8221;middle&#8221; css=&#8221;.vc_custom_1572446357413{padding-top: 100px !important;}&#8221;][vc_column_inner width=&#8221;1\/2&#8243;][vc_single_image image=&#8221;1597&#8243; img_size=&#8221;250&#215;250&#8243; alignment=&#8221;center&#8221; style=&#8221;vc_box_circle_2&#8243;][\/vc_column_inner][vc_column_inner width=&#8221;1\/2&#8243;][vc_column_text el_class=&#8221;subtitol-seccio-blanc&#8221; css=&#8221;.vc_custom_1654177251029{padding-bottom: 25px !important;}&#8221; text_align=&#8221;left&#8221;]\n<h2 style=\"text-align: left;\">ELS MILLORS PROFESSIONALS<\/h2>\n[\/vc_column_text][vc_column_text el_class=&#8221;text&#8221;]PROJECT SOLVERS ASSESSORS S.L. compta amb un equip multidisciplinari amb personal altament especialitzat en les diferents branques de l&#8217;enginyeria i l&#8217;arquitectura, que permet donar als nostres serveis un alt nivell de rigor i precisi\u00f3, amb una visi\u00f3 global que garanteix la viabilitat dels nostres projectes.[\/vc_column_text][\/vc_column_inner][\/vc_row_inner][\/vc_column][\/vc_row][\/vc_section]\n<\/div>","protected":false},"excerpt":{"rendered":"<p>[vc_row content_placement=&#8221;top&#8221; column_spacing=&#8221;0px&#8221;][vc_column][\/vc_column][\/vc_row][vc_row full_width=&#8221;stretch_row&#8221; content_placement=&#8221;middle&#8221; full_height=&#8221;yes&#8221; css=&#8221;.vc_custom_1572445874797{padding-top: 100px !important;padding-bottom: 100px !important;background-color: #f5f6f6 !important;background-position: center !important;background-repeat: no-repeat !important;background-size: cover !important;}&#8221; local_scroll_id=&#8221;valores&#8221; el_id=&#8221;valores&#8221;][vc_column][vc_column_text el_class=&#8221;titol-seccio&#8221; css=&#8221;.vc_custom_1572275235964{padding-bottom: 50px !important;}&#8221;] EMPRESA [\/vc_column_text][vc_column_text el_class=&#8221;text&#8221;]PROJECT SOLVERS ASSESSORS S.L. (PROSOLVERS) \u00e9s una empresa consultora creada el 2016, dedicada a la realitzaci\u00f3 de treballs al camp de l&#8217;enginyeria civil i l&#8217;arquitectura, especialitzada en enginyeria&hellip;<\/p>\n","protected":false},"author":1,"featured_media":0,"parent":0,"menu_order":18,"comment_status":"closed","ping_status":"closed","template":"","meta":{"footnotes":""},"class_list":["post-705","page","type-page","status-publish","hentry","entry","no-media"],"yoast_head":"<!-- This site is optimized with the Yoast SEO plugin v27.4 - https:\/\/yoast.com\/product\/yoast-seo-wordpress\/ -->\n<title>QUI SOM? - PROSOLVERS<\/title>\n<meta name=\"robots\" content=\"index, follow, max-snippet:-1, max-image-preview:large, max-video-preview:-1\" \/>\n<link rel=\"canonical\" href=\"https:\/\/prosolvers.es\/ca\/qui-som\/\" \/>\n<meta property=\"og:locale\" content=\"ca_ES\" \/>\n<meta property=\"og:type\" content=\"article\" \/>\n<meta property=\"og:title\" content=\"QUI SOM? - PROSOLVERS\" \/>\n<meta property=\"og:description\" content=\"[vc_row content_placement=&#8221;top&#8221; column_spacing=&#8221;0px&#8221;][vc_column][\/vc_column][\/vc_row][vc_row full_width=&#8221;stretch_row&#8221; content_placement=&#8221;middle&#8221; full_height=&#8221;yes&#8221; css=&#8221;.vc_custom_1572445874797{padding-top: 100px !important;padding-bottom: 100px !important;background-color: #f5f6f6 !important;background-position: center !important;background-repeat: no-repeat !important;background-size: cover !important;}&#8221; local_scroll_id=&#8221;valores&#8221; el_id=&#8221;valores&#8221;][vc_column][vc_column_text el_class=&#8221;titol-seccio&#8221; css=&#8221;.vc_custom_1572275235964{padding-bottom: 50px !important;}&#8221;] EMPRESA [\/vc_column_text][vc_column_text el_class=&#8221;text&#8221;]PROJECT SOLVERS ASSESSORS S.L. (PROSOLVERS) \u00e9s una empresa consultora creada el 2016, dedicada a la realitzaci\u00f3 de treballs al camp de l&#8217;enginyeria civil i l&#8217;arquitectura, especialitzada en enginyeria&hellip;\" \/>\n<meta property=\"og:url\" content=\"https:\/\/prosolvers.es\/ca\/qui-som\/\" \/>\n<meta property=\"og:site_name\" content=\"PROSOLVERS\" \/>\n<meta property=\"article:modified_time\" content=\"2022-11-14T11:52:13+00:00\" \/>\n<meta name=\"twitter:card\" content=\"summary_large_image\" \/>\n<meta name=\"twitter:label1\" content=\"Temps estimat de lectura\" \/>\n\t<meta name=\"twitter:data1\" content=\"5 minuts\" \/>\n<script type=\"application\/ld+json\" class=\"yoast-schema-graph\">{\"@context\":\"https:\\\/\\\/schema.org\",\"@graph\":[{\"@type\":\"WebPage\",\"@id\":\"https:\\\/\\\/prosolvers.es\\\/ca\\\/qui-som\\\/\",\"url\":\"https:\\\/\\\/prosolvers.es\\\/ca\\\/qui-som\\\/\",\"name\":\"QUI SOM? - PROSOLVERS\",\"isPartOf\":{\"@id\":\"https:\\\/\\\/prosolvers.es\\\/#website\"},\"datePublished\":\"2019-10-28T14:56:01+00:00\",\"dateModified\":\"2022-11-14T11:52:13+00:00\",\"breadcrumb\":{\"@id\":\"https:\\\/\\\/prosolvers.es\\\/ca\\\/qui-som\\\/#breadcrumb\"},\"inLanguage\":\"ca\",\"potentialAction\":[{\"@type\":\"ReadAction\",\"target\":[\"https:\\\/\\\/prosolvers.es\\\/ca\\\/qui-som\\\/\"]}]},{\"@type\":\"BreadcrumbList\",\"@id\":\"https:\\\/\\\/prosolvers.es\\\/ca\\\/qui-som\\\/#breadcrumb\",\"itemListElement\":[{\"@type\":\"ListItem\",\"position\":1,\"name\":\"Portada\",\"item\":\"https:\\\/\\\/prosolvers.es\\\/ca\\\/\"},{\"@type\":\"ListItem\",\"position\":2,\"name\":\"QUI SOM?\"}]},{\"@type\":\"WebSite\",\"@id\":\"https:\\\/\\\/prosolvers.es\\\/#website\",\"url\":\"https:\\\/\\\/prosolvers.es\\\/\",\"name\":\"PROSOLVERS\",\"description\":\"\",\"publisher\":{\"@id\":\"https:\\\/\\\/prosolvers.es\\\/#organization\"},\"potentialAction\":[{\"@type\":\"SearchAction\",\"target\":{\"@type\":\"EntryPoint\",\"urlTemplate\":\"https:\\\/\\\/prosolvers.es\\\/?s={search_term_string}\"},\"query-input\":{\"@type\":\"PropertyValueSpecification\",\"valueRequired\":true,\"valueName\":\"search_term_string\"}}],\"inLanguage\":\"ca\"},{\"@type\":\"Organization\",\"@id\":\"https:\\\/\\\/prosolvers.es\\\/#organization\",\"name\":\"PROSOLVERS\",\"url\":\"https:\\\/\\\/prosolvers.es\\\/\",\"logo\":{\"@type\":\"ImageObject\",\"inLanguage\":\"ca\",\"@id\":\"https:\\\/\\\/prosolvers.es\\\/#\\\/schema\\\/logo\\\/image\\\/\",\"url\":\"https:\\\/\\\/prosolvers.es\\\/wp-content\\\/uploads\\\/2019\\\/10\\\/LOGOTIPO-HEADER-PROSOLVERS-01.png\",\"contentUrl\":\"https:\\\/\\\/prosolvers.es\\\/wp-content\\\/uploads\\\/2019\\\/10\\\/LOGOTIPO-HEADER-PROSOLVERS-01.png\",\"width\":285,\"height\":285,\"caption\":\"PROSOLVERS\"},\"image\":{\"@id\":\"https:\\\/\\\/prosolvers.es\\\/#\\\/schema\\\/logo\\\/image\\\/\"}}]}<\/script>\n<!-- \/ Yoast SEO plugin. -->","yoast_head_json":{"title":"QUI SOM? - PROSOLVERS","robots":{"index":"index","follow":"follow","max-snippet":"max-snippet:-1","max-image-preview":"max-image-preview:large","max-video-preview":"max-video-preview:-1"},"canonical":"https:\/\/prosolvers.es\/ca\/qui-som\/","og_locale":"ca_ES","og_type":"article","og_title":"QUI SOM? - PROSOLVERS","og_description":"[vc_row content_placement=&#8221;top&#8221; column_spacing=&#8221;0px&#8221;][vc_column][\/vc_column][\/vc_row][vc_row full_width=&#8221;stretch_row&#8221; content_placement=&#8221;middle&#8221; full_height=&#8221;yes&#8221; css=&#8221;.vc_custom_1572445874797{padding-top: 100px !important;padding-bottom: 100px !important;background-color: #f5f6f6 !important;background-position: center !important;background-repeat: no-repeat !important;background-size: cover !important;}&#8221; local_scroll_id=&#8221;valores&#8221; el_id=&#8221;valores&#8221;][vc_column][vc_column_text el_class=&#8221;titol-seccio&#8221; css=&#8221;.vc_custom_1572275235964{padding-bottom: 50px !important;}&#8221;] EMPRESA [\/vc_column_text][vc_column_text el_class=&#8221;text&#8221;]PROJECT SOLVERS ASSESSORS S.L. (PROSOLVERS) \u00e9s una empresa consultora creada el 2016, dedicada a la realitzaci\u00f3 de treballs al camp de l&#8217;enginyeria civil i l&#8217;arquitectura, especialitzada en enginyeria&hellip;","og_url":"https:\/\/prosolvers.es\/ca\/qui-som\/","og_site_name":"PROSOLVERS","article_modified_time":"2022-11-14T11:52:13+00:00","twitter_card":"summary_large_image","twitter_misc":{"Temps estimat de lectura":"5 minuts"},"schema":{"@context":"https:\/\/schema.org","@graph":[{"@type":"WebPage","@id":"https:\/\/prosolvers.es\/ca\/qui-som\/","url":"https:\/\/prosolvers.es\/ca\/qui-som\/","name":"QUI SOM? - PROSOLVERS","isPartOf":{"@id":"https:\/\/prosolvers.es\/#website"},"datePublished":"2019-10-28T14:56:01+00:00","dateModified":"2022-11-14T11:52:13+00:00","breadcrumb":{"@id":"https:\/\/prosolvers.es\/ca\/qui-som\/#breadcrumb"},"inLanguage":"ca","potentialAction":[{"@type":"ReadAction","target":["https:\/\/prosolvers.es\/ca\/qui-som\/"]}]},{"@type":"BreadcrumbList","@id":"https:\/\/prosolvers.es\/ca\/qui-som\/#breadcrumb","itemListElement":[{"@type":"ListItem","position":1,"name":"Portada","item":"https:\/\/prosolvers.es\/ca\/"},{"@type":"ListItem","position":2,"name":"QUI SOM?"}]},{"@type":"WebSite","@id":"https:\/\/prosolvers.es\/#website","url":"https:\/\/prosolvers.es\/","name":"PROSOLVERS","description":"","publisher":{"@id":"https:\/\/prosolvers.es\/#organization"},"potentialAction":[{"@type":"SearchAction","target":{"@type":"EntryPoint","urlTemplate":"https:\/\/prosolvers.es\/?s={search_term_string}"},"query-input":{"@type":"PropertyValueSpecification","valueRequired":true,"valueName":"search_term_string"}}],"inLanguage":"ca"},{"@type":"Organization","@id":"https:\/\/prosolvers.es\/#organization","name":"PROSOLVERS","url":"https:\/\/prosolvers.es\/","logo":{"@type":"ImageObject","inLanguage":"ca","@id":"https:\/\/prosolvers.es\/#\/schema\/logo\/image\/","url":"https:\/\/prosolvers.es\/wp-content\/uploads\/2019\/10\/LOGOTIPO-HEADER-PROSOLVERS-01.png","contentUrl":"https:\/\/prosolvers.es\/wp-content\/uploads\/2019\/10\/LOGOTIPO-HEADER-PROSOLVERS-01.png","width":285,"height":285,"caption":"PROSOLVERS"},"image":{"@id":"https:\/\/prosolvers.es\/#\/schema\/logo\/image\/"}}]}},"_links":{"self":[{"href":"https:\/\/prosolvers.es\/ca\/wp-json\/wp\/v2\/pages\/705","targetHints":{"allow":["GET"]}}],"collection":[{"href":"https:\/\/prosolvers.es\/ca\/wp-json\/wp\/v2\/pages"}],"about":[{"href":"https:\/\/prosolvers.es\/ca\/wp-json\/wp\/v2\/types\/page"}],"author":[{"embeddable":true,"href":"https:\/\/prosolvers.es\/ca\/wp-json\/wp\/v2\/users\/1"}],"replies":[{"embeddable":true,"href":"https:\/\/prosolvers.es\/ca\/wp-json\/wp\/v2\/comments?post=705"}],"version-history":[{"count":9,"href":"https:\/\/prosolvers.es\/ca\/wp-json\/wp\/v2\/pages\/705\/revisions"}],"predecessor-version":[{"id":1706,"href":"https:\/\/prosolvers.es\/ca\/wp-json\/wp\/v2\/pages\/705\/revisions\/1706"}],"wp:attachment":[{"href":"https:\/\/prosolvers.es\/ca\/wp-json\/wp\/v2\/media?parent=705"}],"curies":[{"name":"wp","href":"https:\/\/api.w.org\/{rel}","templated":true}]}}